{"id":14917,"date":"2025-02-24T22:47:24","date_gmt":"2025-02-24T21:47:24","guid":{"rendered":"https:\/\/staviori.com.pl\/product\/naszyjnik-z-brylantami-nzd4206\/"},"modified":"2026-02-11T00:08:58","modified_gmt":"2026-02-10T23:08:58","slug":"naszyjnik-z-brylantami-nzd4206","status":"publish","type":"product","link":"https:\/\/staviori.com.pl\/cs\/product\/naszyjnik-z-brylantami-nzd4206\/","title":{"rendered":"Diamantov\u00fd n\u00e1hrdeln\u00edk ze \u017elut\u00e9ho zlata"},"content":{"rendered":"<p>Model: NZD4206<br \/>\nWaga ok. 1,67g<\/p>\n<p>Naszyjnik 43 cm.<br \/>\n\u017dlut\u00e9 zlato 0,585.<br \/>\n1 Diament, szlif brylantowy, o masie 0,02 ct., barwa H, czysto\u015b\u0107 SI2.<\/p>\n<p>Pr\u016fm\u011br 10 mm.<br \/>\nNastaviteln\u00e1 d\u00e9lka 42 cm - 47 cm.<\/p>\n<p><strong>Je\u015bli brak na stanie &#8211; produkt dost\u0119pny na zam\u00f3wienie.<br \/>\nDoba dod\u00e1n\u00ed p\u0159ibli\u017en\u011b 2 t\u00fddny.<\/strong><\/p>","protected":false},"excerpt":{"rendered":"<p>Elegantn\u00ed n\u00e1hrdeln\u00edk ze \u017elut\u00e9ho zlata 0.585, kter\u00fd pot\u011b\u0161\u00ed minimalistick\u00fdm tvarem a leskem briliantov\u00e9ho brusu. Jemn\u00fd kulat\u00fd p\u0159\u00edv\u011bsek s jemn\u011b or\u00e1movan\u00fdm kamenem dokonale zv\u00fdrazn\u00ed krk a dod\u00e1 stylizaci jedine\u010dn\u00fd charakter. Jedn\u00e1 se o n\u00e1vrh pro \u017eeny, kter\u00e9 ocen\u00ed klasiku s modern\u00edm n\u00e1dechem. Ide\u00e1ln\u00ed pro ka\u017edodenn\u00ed no\u0161en\u00ed i v\u00fdjime\u010dn\u00e9 p\u0159\u00edle\u017eitosti.<\/p>","protected":false},"featured_media":3907,"comment_status":"closed","ping_status":"closed","template":"","meta":{"om_disable_all_campaigns":false},"product_brand":[2284],"product_cat":[1838,6752,2120,719],"product_tag":[4332],"class_list":{"0":"post-14917","1":"product","2":"type-product","3":"status-publish","4":"has-post-thumbnail","6":"product_brand-staviori","7":"product_cat-diamenty","8":"product_cat-kolekcja-staviori-must-have","9":"product_cat-naszyjnik-z-brylantami","10":"product_cat-naszyjniki","11":"product_tag-nzd4206","12":"pa_barwa-h-2","13":"pa_czystosc-si2","14":"pa_dostawca-iza","15":"pa_kamien-brylant","16":"pa_kolor-zolte","17":"pa_kruszec-zloto","18":"pa_proba-0-585","19":"pa_rozmiar-43cm","20":"pa_srednica-10mm","21":"pa_waga-1-67g","23":"first","24":"onbackorder","25":"purchasable","26":"product-type-simple"},"aioseo_notices":[],"_links":{"self":[{"href":"https:\/\/staviori.com.pl\/cs\/wp-json\/wp\/v2\/product\/14917","targetHints":{"allow":["GET"]}}],"collection":[{"href":"https:\/\/staviori.com.pl\/cs\/wp-json\/wp\/v2\/product"}],"about":[{"href":"https:\/\/staviori.com.pl\/cs\/wp-json\/wp\/v2\/types\/product"}],"replies":[{"embeddable":true,"href":"https:\/\/staviori.com.pl\/cs\/wp-json\/wp\/v2\/comments?post=14917"}],"wp:featuredmedia":[{"embeddable":true,"href":"https:\/\/staviori.com.pl\/cs\/wp-json\/wp\/v2\/media\/3907"}],"wp:attachment":[{"href":"https:\/\/staviori.com.pl\/cs\/wp-json\/wp\/v2\/media?parent=14917"}],"wp:term":[{"taxonomy":"product_brand","embeddable":true,"href":"https:\/\/staviori.com.pl\/cs\/wp-json\/wp\/v2\/product_brand?post=14917"},{"taxonomy":"product_cat","embeddable":true,"href":"https:\/\/staviori.com.pl\/cs\/wp-json\/wp\/v2\/product_cat?post=14917"},{"taxonomy":"product_tag","embeddable":true,"href":"https:\/\/staviori.com.pl\/cs\/wp-json\/wp\/v2\/product_tag?post=14917"}],"curies":[{"name":"wp","href":"https:\/\/api.w.org\/{rel}","templated":true}]}}