{"id":14915,"date":"2025-02-24T22:47:24","date_gmt":"2025-02-24T21:47:24","guid":{"rendered":"https:\/\/staviori.com.pl\/product\/naszyjnik-z-brylantami-nzd4203\/"},"modified":"2026-02-11T00:08:58","modified_gmt":"2026-02-10T23:08:58","slug":"naszyjnik-z-brylantami-nzd4203","status":"publish","type":"product","link":"https:\/\/staviori.com.pl\/cs\/product\/naszyjnik-z-brylantami-nzd4203\/","title":{"rendered":"Zlat\u00fd n\u00e1hrdeln\u00edk s diamanty ve tvaru ma\u0161le"},"content":{"rendered":"<p>Model: NZD4203<br \/>\nWaga ok. 0,77g<\/p>\n<p>N\u00e1hrdeln\u00edk 42 cm.<br \/>\n\u017dlut\u00e9 zlato 0,585.<br \/>\n1 Diament, szlif brylantowy, o masie 0,01ct, barwa H, czysto\u015b\u0107 SI2.<\/p>\n<p>Rozm\u011bry 10 \u00d7 10 mm.<br \/>\nNastaviteln\u00e1 d\u00e9lka 42 cm - 47 cm.<\/p>","protected":false},"excerpt":{"rendered":"<p>Uroczy naszyjnik z \u017c\u00f3\u0142tego z\u0142ota pr\u00f3by 0,585, kt\u00f3rego zawieszka w kszta\u0142cie subtelnej kokardki zachwyca lekko\u015bci\u0105 i wdzi\u0119kiem. Delikatny brylantowy diament dodaje blasku i podkre\u015bla wyj\u0105tkowy charakter bi\u017cuterii. To propozycja stworzona dla kobiet, kt\u00f3re lubi\u0105 \u0142\u0105czy\u0107 dziewcz\u0119cy urok z ponadczasow\u0105 elegancj\u0105. Idealny jako prezent lub do codziennych stylizacji.<\/p>","protected":false},"featured_media":3885,"comment_status":"closed","ping_status":"closed","template":"","meta":{"om_disable_all_campaigns":false},"product_brand":[2284],"product_cat":[1838,2120,719],"product_tag":[3720,3722,4337,3710,3164,4338,4335,2378,4336,2332,3806,2522],"class_list":{"0":"post-14915","1":"product","2":"type-product","3":"status-publish","4":"has-post-thumbnail","6":"product_brand-staviori","7":"product_cat-diamenty","8":"product_cat-naszyjnik-z-brylantami","9":"product_cat-naszyjniki","10":"product_tag-bizuteria","11":"product_tag-diament","12":"product_tag-dziewczecy","13":"product_tag-elegancja","14":"product_tag-kokardka","15":"product_tag-lekki-naszyjnik","16":"product_tag-modny-naszyjnik","17":"product_tag-naszyjnik","18":"product_tag-nzd4203","19":"product_tag-prezent","20":"product_tag-zloto","21":"product_tag-zolte-zloto","22":"pa_barwa-h-2","23":"pa_czystosc-si2","24":"pa_dostawca-denise","25":"pa_kamien-diament","26":"pa_kolor-zolte","27":"pa_kruszec-zloto","28":"pa_proba-0-585","29":"pa_rozmiar-42cm","30":"pa_waga-0-77g","31":"pa_wymiary-10x10mm","33":"first","34":"instock","35":"purchasable","36":"product-type-simple"},"aioseo_notices":[],"_links":{"self":[{"href":"https:\/\/staviori.com.pl\/cs\/wp-json\/wp\/v2\/product\/14915","targetHints":{"allow":["GET"]}}],"collection":[{"href":"https:\/\/staviori.com.pl\/cs\/wp-json\/wp\/v2\/product"}],"about":[{"href":"https:\/\/staviori.com.pl\/cs\/wp-json\/wp\/v2\/types\/product"}],"replies":[{"embeddable":true,"href":"https:\/\/staviori.com.pl\/cs\/wp-json\/wp\/v2\/comments?post=14915"}],"wp:featuredmedia":[{"embeddable":true,"href":"https:\/\/staviori.com.pl\/cs\/wp-json\/wp\/v2\/media\/3885"}],"wp:attachment":[{"href":"https:\/\/staviori.com.pl\/cs\/wp-json\/wp\/v2\/media?parent=14915"}],"wp:term":[{"taxonomy":"product_brand","embeddable":true,"href":"https:\/\/staviori.com.pl\/cs\/wp-json\/wp\/v2\/product_brand?post=14915"},{"taxonomy":"product_cat","embeddable":true,"href":"https:\/\/staviori.com.pl\/cs\/wp-json\/wp\/v2\/product_cat?post=14915"},{"taxonomy":"product_tag","embeddable":true,"href":"https:\/\/staviori.com.pl\/cs\/wp-json\/wp\/v2\/product_tag?post=14915"}],"curies":[{"name":"wp","href":"https:\/\/api.w.org\/{rel}","templated":true}]}}