{"id":14914,"date":"2025-02-24T22:47:24","date_gmt":"2025-02-24T21:47:24","guid":{"rendered":"https:\/\/staviori.com.pl\/product\/bizuteria-inwestycyjna-naszyjnik-nzd3998\/"},"modified":"2026-02-11T00:08:58","modified_gmt":"2026-02-10T23:08:58","slug":"bizuteria-inwestycyjna-naszyjnik-nzd3998","status":"publish","type":"product","link":"https:\/\/staviori.com.pl\/cs\/product\/bizuteria-inwestycyjna-naszyjnik-nzd3998\/","title":{"rendered":"Exkluzivn\u00ed | luxusn\u00ed n\u00e1hrdeln\u00edk ze \u017elut\u00e9ho zlata s citr\u00edny, topasy a diamanty"},"content":{"rendered":"<p>Model: DSN0714<br \/>\nWaga ok. 20,42g<\/p>\n<p>N\u00e1hrdeln\u00edk 42 cm.<br \/>\n\u017dlut\u00e9 zlato 0,750.<br \/>\n6 Diament\u00f3w, szlif brylantowy, o masie 0,22ct, barwa G-H, czysto\u015b\u0107 SI1.<br \/>\n10 Cytryn\u00f3w, o masie 25,14ct.<br \/>\n11 Topaz\u00f3w b\u0142\u0119kitnych, o masie 38,46ct.<br \/>\n11 Topaz\u00f3w r\u00f3\u017cowych, o masie 30,46ct.<\/p>\n<p>Szeroko\u015b\u0107 8.7-16.3 mm.<br \/>\nGrubo\u015b\u0107 4.2-5.7 mm.<\/p>\n<p><strong>Produkt je k dispozici pouze na vy\u017e\u00e1d\u00e1n\u00ed, doba dod\u00e1n\u00ed cca 5 t\u00fddn\u016f.<\/strong><\/p>","protected":false},"excerpt":{"rendered":"<p>Zachwycaj\u0105cy naszyjnik wykonany z \u017c\u00f3\u0142tego z\u0142ota pr\u00f3by 0,750, zdobiony imponuj\u0105cymi kamieniami szlachetnymi w pastelowych odcieniach. Kompozycj\u0119 tworz\u0105 cytryny, topazy b\u0142\u0119kitne oraz r\u00f3\u017cowe, kt\u00f3re nadaj\u0105 bi\u017cuterii niepowtarzalnego blasku i subtelnej elegancji. Ca\u0142o\u015b\u0107 uzupe\u0142niaj\u0105 l\u015bni\u0105ce diamenty w szlifie brylantowym. Ten wyj\u0105tkowy naszyjnik to doskona\u0142y wyb\u00f3r dla kobiet ceni\u0105cych luksus i oryginalno\u015b\u0107. Idealnie podkre\u015bli zar\u00f3wno codzienne, jak i wieczorowe stylizacje.<\/p>","protected":false},"featured_media":3883,"comment_status":"closed","ping_status":"closed","template":"","meta":{"om_disable_all_campaigns":false},"product_brand":[2284],"product_cat":[1803,6895,719],"product_tag":[2311,4309,3722,4307,4177,4310,4308,4311,2291,3742,2522],"class_list":{"0":"post-14914","1":"product","2":"type-product","3":"status-publish","4":"has-post-thumbnail","6":"product_brand-staviori","7":"product_cat-brylanty-exclusive","8":"product_cat-naszyjnik","9":"product_cat-naszyjniki","10":"product_tag-bizuteria-luksusowa","11":"product_tag-cytryn","12":"product_tag-diament","13":"product_tag-dsn0714","14":"product_tag-elegancki-naszyjnik","15":"product_tag-kamienie-szlachetne","16":"product_tag-naszyjnik-zloty","17":"product_tag-pastelowe-kamienie","18":"product_tag-prezent-dla-niej","19":"product_tag-topaz","20":"product_tag-zolte-zloto","21":"pa_barwa-g-h","22":"pa_czystosc-si1","23":"pa_grubosc-4-2-5-7mm","24":"pa_kamien-brylanty","25":"pa_kamien-cytryny","26":"pa_kamien-topazy-blekitne","27":"pa_kamien-topazy-rozowe","28":"pa_kolor-zolte","29":"pa_kruszec-zloto","30":"pa_proba-0-750","31":"pa_rozmiar-42cm","32":"pa_szerokosc-8-7-16-3mm","33":"pa_waga-20-42g","35":"first","36":"onbackorder","37":"purchasable","38":"product-type-simple"},"aioseo_notices":[],"_links":{"self":[{"href":"https:\/\/staviori.com.pl\/cs\/wp-json\/wp\/v2\/product\/14914","targetHints":{"allow":["GET"]}}],"collection":[{"href":"https:\/\/staviori.com.pl\/cs\/wp-json\/wp\/v2\/product"}],"about":[{"href":"https:\/\/staviori.com.pl\/cs\/wp-json\/wp\/v2\/types\/product"}],"replies":[{"embeddable":true,"href":"https:\/\/staviori.com.pl\/cs\/wp-json\/wp\/v2\/comments?post=14914"}],"wp:featuredmedia":[{"embeddable":true,"href":"https:\/\/staviori.com.pl\/cs\/wp-json\/wp\/v2\/media\/3883"}],"wp:attachment":[{"href":"https:\/\/staviori.com.pl\/cs\/wp-json\/wp\/v2\/media?parent=14914"}],"wp:term":[{"taxonomy":"product_brand","embeddable":true,"href":"https:\/\/staviori.com.pl\/cs\/wp-json\/wp\/v2\/product_brand?post=14914"},{"taxonomy":"product_cat","embeddable":true,"href":"https:\/\/staviori.com.pl\/cs\/wp-json\/wp\/v2\/product_cat?post=14914"},{"taxonomy":"product_tag","embeddable":true,"href":"https:\/\/staviori.com.pl\/cs\/wp-json\/wp\/v2\/product_tag?post=14914"}],"curies":[{"name":"wp","href":"https:\/\/api.w.org\/{rel}","templated":true}]}}