{"id":14894,"date":"2025-02-24T22:47:24","date_gmt":"2025-02-24T21:47:24","guid":{"rendered":"https:\/\/staviori.com.pl\/product\/zlote-naszyjniki-nzc6546a\/"},"modified":"2026-02-11T00:08:58","modified_gmt":"2026-02-10T23:08:58","slug":"zlote-naszyjniki-nzc6546a","status":"publish","type":"product","link":"https:\/\/staviori.com.pl\/cs\/product\/zlote-naszyjniki-nzc6546a\/","title":{"rendered":"Zlat\u00fd n\u00e1hrdeln\u00edk s velk\u00fdm ametystem"},"content":{"rendered":"<p>Model: NZC6546A<br \/>\nHmotnost p\u0159ibli\u017en\u011b 1,83 g<\/p>\n<p>N\u00e1hrdeln\u00edk 45 cm.<br \/>\n\u017dlut\u00e9 zlato 0,585.<br \/>\n1 Ametyst o hmotnosti 1,10ct.<\/p>","protected":false},"excerpt":{"rendered":"<p>Jemn\u00fd n\u00e1hrdeln\u00edk ze \u017elut\u00e9ho zlata 0,585 zdoben\u00fd kr\u00e1sn\u00fdm ametystem o hmotnosti 1,10 ct. Syt\u011b fialov\u00e1 barva kamene jemn\u011b kontrastuje s leskem zlata a vytv\u00e1\u0159\u00ed v\u00fdjime\u010dn\u011b \u017eensk\u00fd a elegantn\u00ed duet. Tento klasick\u00fd a z\u00e1rove\u0148 v\u00fdrazn\u00fd dopln\u011bk dokonale podtrhne va\u0161i individualitu - jak na denn\u00ed b\u00e1zi, tak p\u0159i zvl\u00e1\u0161tn\u00edch p\u0159\u00edle\u017eitostech. Dokonal\u00e1 volba pro \u017eeny, kter\u00e9 miluj\u00ed drah\u00e9 kameny a nad\u010dasov\u00fd styl.<\/p>","protected":false},"featured_media":14895,"comment_status":"closed","ping_status":"closed","template":"","meta":{"om_disable_all_campaigns":false},"product_brand":[2284,2350],"product_cat":[719,2128,1930],"product_tag":[2472,2317,4323,3717,4317,4322,4308,4316,4321,2291,2522],"class_list":{"0":"post-14894","1":"product","2":"type-product","3":"status-publish","4":"has-post-thumbnail","6":"product_brand-staviori","7":"product_brand-verona","8":"product_cat-naszyjniki","9":"product_cat-zlote-naszyjniki","10":"product_cat-zloto-2","11":"product_tag-ametyst","12":"product_tag-elegancka-bizuteria","13":"product_tag-fioletowa-bizuteria","14":"product_tag-klasyka","15":"product_tag-luksusowy-prezent","16":"product_tag-naszyjnik-z-kamieniem","17":"product_tag-naszyjnik-zloty","18":"product_tag-nz19920","19":"product_tag-nzc6546a","20":"product_tag-prezent-dla-niej","21":"product_tag-zolte-zloto","22":"pa_kamien-ametyst-2","23":"pa_kolor-zolte","24":"pa_kruszec-zloto","25":"pa_proba-0-585","26":"pa_rozmiar-45cm","27":"pa_waga-1-83g","29":"first","30":"onbackorder","31":"purchasable","32":"product-type-simple"},"aioseo_notices":[],"_links":{"self":[{"href":"https:\/\/staviori.com.pl\/cs\/wp-json\/wp\/v2\/product\/14894","targetHints":{"allow":["GET"]}}],"collection":[{"href":"https:\/\/staviori.com.pl\/cs\/wp-json\/wp\/v2\/product"}],"about":[{"href":"https:\/\/staviori.com.pl\/cs\/wp-json\/wp\/v2\/types\/product"}],"replies":[{"embeddable":true,"href":"https:\/\/staviori.com.pl\/cs\/wp-json\/wp\/v2\/comments?post=14894"}],"wp:featuredmedia":[{"embeddable":true,"href":"https:\/\/staviori.com.pl\/cs\/wp-json\/wp\/v2\/media\/14895"}],"wp:attachment":[{"href":"https:\/\/staviori.com.pl\/cs\/wp-json\/wp\/v2\/media?parent=14894"}],"wp:term":[{"taxonomy":"product_brand","embeddable":true,"href":"https:\/\/staviori.com.pl\/cs\/wp-json\/wp\/v2\/product_brand?post=14894"},{"taxonomy":"product_cat","embeddable":true,"href":"https:\/\/staviori.com.pl\/cs\/wp-json\/wp\/v2\/product_cat?post=14894"},{"taxonomy":"product_tag","embeddable":true,"href":"https:\/\/staviori.com.pl\/cs\/wp-json\/wp\/v2\/product_tag?post=14894"}],"curies":[{"name":"wp","href":"https:\/\/api.w.org\/{rel}","templated":true}]}}