{"id":14885,"date":"2025-02-24T22:47:24","date_gmt":"2025-02-24T21:47:24","guid":{"rendered":"https:\/\/staviori.com.pl\/product\/zlote-naszyjniki-nzc6471\/"},"modified":"2026-04-08T21:43:56","modified_gmt":"2026-04-08T19:43:56","slug":"zlote-naszyjniki-nzc6471","status":"publish","type":"product","link":"https:\/\/staviori.com.pl\/cs\/product\/zlote-naszyjniki-nzc6471\/","title":{"rendered":"Zlat\u00fd elegantn\u00ed n\u00e1hrdeln\u00edk s kor\u00e1lky 45cm 585"},"content":{"rendered":"<p>Model: NZC6471<br \/>\nHmotnost p\u0159ibli\u017en\u011b 1,90 g<\/p>\n<p>N\u00e1hrdeln\u00edk 45 cm.<br \/>\n\u017dlut\u00e9 zlato 0,585.<\/p>\n<p>Mo\u017cliwo\u015b\u0107 regulacji d\u0142ugo\u015bci 45cm lub 42cm.<\/p>","protected":false},"excerpt":{"rendered":"<p>Delikatny naszyjnik z \u017c\u00f3\u0142tego z\u0142ota pr\u00f3by 0,585 to subtelna i niezwykle elegancka propozycja dla mi\u0142o\u015bniczek klasyki w nowoczesnym wydaniu. Drobne, z\u0142ote elementy r\u00f3wnomiernie rozmieszczone na \u0142a\u0144cuszku pi\u0119knie odbijaj\u0105 \u015bwiat\u0142o i dodaj\u0105 ca\u0142o\u015bci wyj\u0105tkowego blasku. Dzi\u0119ki mo\u017cliwo\u015bci regulacji d\u0142ugo\u015bci naszyjnik doskonale dopasowuje si\u0119 do dekoltu. Idealny zar\u00f3wno na co dzie\u0144, jak i na wyj\u0105tkowe okazje \u2013 b\u0119dzie \u015bwietnym prezentem dla ka\u017cdej kobiety ceni\u0105cej minimalizm i ponadczasow\u0105 elegancj\u0119.<\/p>","protected":false},"featured_media":14886,"comment_status":"closed","ping_status":"closed","template":"","meta":{"om_disable_all_campaigns":false},"product_brand":[2284,2350],"product_cat":[719,2128,1930],"product_tag":[4328,3933,3710,3717,4329,4308,4327,2580,2463,2522],"class_list":{"0":"post-14885","1":"product","2":"type-product","3":"status-publish","4":"has-post-thumbnail","6":"product_brand-staviori","7":"product_brand-verona","8":"product_cat-naszyjniki","9":"product_cat-zlote-naszyjniki","10":"product_cat-zloto-2","11":"product_tag-ca18039","12":"product_tag-delikatny-naszyjnik","13":"product_tag-elegancja","14":"product_tag-klasyka","15":"product_tag-minimalizm","16":"product_tag-naszyjnik-zloty","17":"product_tag-nzc6471","18":"product_tag-prezent-dla-kobiety","19":"product_tag-regulowany-naszyjnik","20":"product_tag-zolte-zloto","21":"pa_kolor-zolte","22":"pa_kruszec-zloto","23":"pa_proba-0-585","24":"pa_rozmiar-45cm","25":"pa_waga-1-90g","27":"first","28":"instock","29":"purchasable","30":"product-type-simple"},"aioseo_notices":[],"_links":{"self":[{"href":"https:\/\/staviori.com.pl\/cs\/wp-json\/wp\/v2\/product\/14885","targetHints":{"allow":["GET"]}}],"collection":[{"href":"https:\/\/staviori.com.pl\/cs\/wp-json\/wp\/v2\/product"}],"about":[{"href":"https:\/\/staviori.com.pl\/cs\/wp-json\/wp\/v2\/types\/product"}],"replies":[{"embeddable":true,"href":"https:\/\/staviori.com.pl\/cs\/wp-json\/wp\/v2\/comments?post=14885"}],"wp:featuredmedia":[{"embeddable":true,"href":"https:\/\/staviori.com.pl\/cs\/wp-json\/wp\/v2\/media\/14886"}],"wp:attachment":[{"href":"https:\/\/staviori.com.pl\/cs\/wp-json\/wp\/v2\/media?parent=14885"}],"wp:term":[{"taxonomy":"product_brand","embeddable":true,"href":"https:\/\/staviori.com.pl\/cs\/wp-json\/wp\/v2\/product_brand?post=14885"},{"taxonomy":"product_cat","embeddable":true,"href":"https:\/\/staviori.com.pl\/cs\/wp-json\/wp\/v2\/product_cat?post=14885"},{"taxonomy":"product_tag","embeddable":true,"href":"https:\/\/staviori.com.pl\/cs\/wp-json\/wp\/v2\/product_tag?post=14885"}],"curies":[{"name":"wp","href":"https:\/\/api.w.org\/{rel}","templated":true}]}}