{"id":14880,"date":"2025-02-24T22:47:20","date_gmt":"2025-02-24T21:47:20","guid":{"rendered":"https:\/\/staviori.com.pl\/product\/naszyjnik-z-brylantami-nxd4147\/"},"modified":"2026-02-11T00:08:58","modified_gmt":"2026-02-10T23:08:58","slug":"naszyjnik-z-brylantami-nxd4147","status":"publish","type":"product","link":"https:\/\/staviori.com.pl\/cs\/product\/naszyjnik-z-brylantami-nxd4147\/","title":{"rendered":"Diamantov\u00fd n\u00e1hrdeln\u00edk srdce nekone\u010dno r\u016f\u017eov\u00e9 zlato"},"content":{"rendered":"<p>Model: NRD4147<br \/>\nHmotnost p\u0159ibli\u017en\u011b 1,50 g<\/p>\n<p>N\u00e1hrdeln\u00edk 42 cm.<br \/>\nB\u00edl\u00e9, r\u016f\u017eov\u00e9 zlato 0,585.<br \/>\n11 diamant\u016f, briliantov\u00fd brus, hmotnost 0,05ct, barva H, \u010distota SI1-SI2.<\/p>\n<p>Rozm\u011bry 22 \u00d7 11 mm.<\/p>\n<p>Produkt je k dispozici pouze na vy\u017e\u00e1d\u00e1n\u00ed, doba dod\u00e1n\u00ed cca 4 t\u00fddny.<\/p>","protected":false},"excerpt":{"rendered":"<p>Fenomen\u00e1ln\u00ed n\u00e1hrdeln\u00edk z b\u00edl\u00e9ho a r\u016f\u017eov\u00e9ho zlata 0.585 zdoben\u00fd motivem srdce propleten\u00e9ho symbolem nekone\u010dna. Cel\u00fd \u0161perk jemn\u011b prosv\u011btluj\u00ed p\u0159\u00edrodn\u00ed diamanty s briliantov\u00fdm brusem, kter\u00e9 se p\u0159i ka\u017ed\u00e9m pohybu n\u00e1dhern\u011b t\u0159pyt\u00ed. Kombinace dvou barev zlata a t\u0159pytiv\u00fdch kamen\u016f dod\u00e1v\u00e1 \u0161perku modern\u00ed a romantick\u00fd charakter. Jedn\u00e1 se o jedine\u010dnou nab\u00eddku pro \u017eeny, kter\u00e9 ocen\u00ed origin\u00e1ln\u00ed styl a nad\u010dasov\u00e9 symboly. Ide\u00e1ln\u00ed d\u00e1rek pro milovanou osobu nebo k v\u00fdznamn\u00e9 p\u0159\u00edle\u017eitosti.<\/p>","protected":false},"featured_media":3846,"comment_status":"closed","ping_status":"closed","template":"","meta":{"om_disable_all_campaigns":false},"product_brand":[2284],"product_cat":[1838,2120,719],"product_tag":[2308,3751,2296,3745,4279,4256,4280,2280,4283,3042,4284,4285,2291,4125,2336,1414,3777,4282,2381],"class_list":{"0":"post-14880","1":"product","2":"type-product","3":"status-publish","4":"has-post-thumbnail","6":"product_brand-staviori","7":"product_cat-diamenty","8":"product_cat-naszyjnik-z-brylantami","9":"product_cat-naszyjniki","10":"product_tag-biale-zloto","11":"product_tag-diamanty","12":"product_tag-diamenty","13":"product_tag-diamonds","14":"product_tag-gold-necklace","15":"product_tag-heart-jewelry","16":"product_tag-infinity-symbol","17":"product_tag-luksusowa-bizuteria","18":"product_tag-nekonecno","19":"product_tag-nieskonczonosc","20":"product_tag-nrd4147","21":"product_tag-nxd4147","22":"product_tag-prezent-dla-niej","23":"product_tag-rose-gold","24":"product_tag-rozowe-zloto","25":"product_tag-serce","26":"product_tag-white-gold","27":"product_tag-zlaty-nahrdelnik","28":"product_tag-zloty-naszyjnik","29":"pa_barwa-h-2","30":"pa_czystosc-si1","31":"pa_dostawca-estrella","32":"pa_kamien-brylanty","33":"pa_kolor-biale","34":"pa_kolor-rozowe","35":"pa_kruszec-zloto","36":"pa_motyw-nieskonczonosc","37":"pa_motyw-serce","38":"pa_proba-0-585","39":"pa_rozmiar-42cm","40":"pa_waga-1-50g","41":"pa_wymiary-22x11mm","43":"first","44":"onbackorder","45":"purchasable","46":"product-type-simple"},"aioseo_notices":[],"_links":{"self":[{"href":"https:\/\/staviori.com.pl\/cs\/wp-json\/wp\/v2\/product\/14880","targetHints":{"allow":["GET"]}}],"collection":[{"href":"https:\/\/staviori.com.pl\/cs\/wp-json\/wp\/v2\/product"}],"about":[{"href":"https:\/\/staviori.com.pl\/cs\/wp-json\/wp\/v2\/types\/product"}],"replies":[{"embeddable":true,"href":"https:\/\/staviori.com.pl\/cs\/wp-json\/wp\/v2\/comments?post=14880"}],"wp:featuredmedia":[{"embeddable":true,"href":"https:\/\/staviori.com.pl\/cs\/wp-json\/wp\/v2\/media\/3846"}],"wp:attachment":[{"href":"https:\/\/staviori.com.pl\/cs\/wp-json\/wp\/v2\/media?parent=14880"}],"wp:term":[{"taxonomy":"product_brand","embeddable":true,"href":"https:\/\/staviori.com.pl\/cs\/wp-json\/wp\/v2\/product_brand?post=14880"},{"taxonomy":"product_cat","embeddable":true,"href":"https:\/\/staviori.com.pl\/cs\/wp-json\/wp\/v2\/product_cat?post=14880"},{"taxonomy":"product_tag","embeddable":true,"href":"https:\/\/staviori.com.pl\/cs\/wp-json\/wp\/v2\/product_tag?post=14880"}],"curies":[{"name":"wp","href":"https:\/\/api.w.org\/{rel}","templated":true}]}}