{"id":14857,"date":"2025-02-24T22:47:20","date_gmt":"2025-02-24T21:47:20","guid":{"rendered":"https:\/\/staviori.com.pl\/product\/srebrne-naszyjniki-nsx6041\/"},"modified":"2026-02-19T21:01:29","modified_gmt":"2026-02-19T20:01:29","slug":"srebrne-naszyjniki-nsx6041","status":"publish","type":"product","link":"https:\/\/staviori.com.pl\/cs\/product\/srebrne-naszyjniki-nsx6041\/","title":{"rendered":"St\u0159\u00edbrn\u00fd minimalistick\u00fd n\u00e1hrdeln\u00edk ve tvaru kostky"},"content":{"rendered":"<p>Model: NSX6041<br \/>\nHmotnost p\u0159ibli\u017en\u011b 2,15 g<\/p>\n<p>N\u00e1hrdeln\u00edk 40 cm.<br \/>\nSt\u0159\u00edbro 0,925.<\/p>\n<p>D\u00e9lka 26 mm.<br \/>\nTlou\u0161\u0165ka 1,2 mm.<\/p>","protected":false},"excerpt":{"rendered":"<p>Minimalistick\u00fd n\u00e1hrdeln\u00edk ze st\u0159\u00edbra 925, zdoben\u00fd jednoduch\u00fdm, \u0161t\u00edhl\u00fdm p\u0159\u00edv\u011bskem geometrick\u00e9ho tvaru. D\u00edky jemn\u00e9mu a elegantn\u00edmu designu \u0161perk podtrhne modern\u00ed styl ka\u017ed\u00e9 \u017eeny. Hod\u00ed se ke ka\u017edodenn\u00edmu i form\u00e1ln\u011bj\u0161\u00edmu oble\u010den\u00ed. Je ide\u00e1ln\u00ed volbou pro milovnice jednoduchosti a nad\u010dasov\u00e9 klasiky.<\/p>","protected":false},"featured_media":18906,"comment_status":"closed","ping_status":"closed","template":"","meta":{"om_disable_all_campaigns":false},"product_brand":[2284],"product_cat":[719,2133,1817],"product_tag":[3849,3933,4300,4296,3848,4299,4295,4298,4294,4297,4201,2427,4192],"class_list":{"0":"post-14857","1":"product","2":"type-product","3":"status-publish","4":"has-post-thumbnail","6":"product_brand-staviori","7":"product_cat-naszyjniki","8":"product_cat-srebrne-naszyjniki","9":"product_cat-srebro-2","10":"product_tag-classic-style","11":"product_tag-delikatny-naszyjnik","12":"product_tag-geometricky-privesek","13":"product_tag-geometryczna-bizuteria","14":"product_tag-minimalist-jewelry","15":"product_tag-minimalisticky-sperk","16":"product_tag-minimalistyczny-naszyjnik","17":"product_tag-modern-pendant","18":"product_tag-nsx6041","19":"product_tag-prosty-naszyjnik","20":"product_tag-silver-necklace","21":"product_tag-srebro-925","22":"product_tag-stribrny-nahrdelnik","23":"pa_dlugosc-26mm","24":"pa_grubosc-1-2mm","25":"pa_kruszec-srebro","26":"pa_proba-0-925","27":"pa_rozmiar-40cm","28":"pa_waga-2-15g","30":"first","31":"instock","32":"purchasable","33":"product-type-simple"},"aioseo_notices":[],"_links":{"self":[{"href":"https:\/\/staviori.com.pl\/cs\/wp-json\/wp\/v2\/product\/14857","targetHints":{"allow":["GET"]}}],"collection":[{"href":"https:\/\/staviori.com.pl\/cs\/wp-json\/wp\/v2\/product"}],"about":[{"href":"https:\/\/staviori.com.pl\/cs\/wp-json\/wp\/v2\/types\/product"}],"replies":[{"embeddable":true,"href":"https:\/\/staviori.com.pl\/cs\/wp-json\/wp\/v2\/comments?post=14857"}],"wp:featuredmedia":[{"embeddable":true,"href":"https:\/\/staviori.com.pl\/cs\/wp-json\/wp\/v2\/media\/18906"}],"wp:attachment":[{"href":"https:\/\/staviori.com.pl\/cs\/wp-json\/wp\/v2\/media?parent=14857"}],"wp:term":[{"taxonomy":"product_brand","embeddable":true,"href":"https:\/\/staviori.com.pl\/cs\/wp-json\/wp\/v2\/product_brand?post=14857"},{"taxonomy":"product_cat","embeddable":true,"href":"https:\/\/staviori.com.pl\/cs\/wp-json\/wp\/v2\/product_cat?post=14857"},{"taxonomy":"product_tag","embeddable":true,"href":"https:\/\/staviori.com.pl\/cs\/wp-json\/wp\/v2\/product_tag?post=14857"}],"curies":[{"name":"wp","href":"https:\/\/api.w.org\/{rel}","templated":true}]}}