{"id":14852,"date":"2025-02-24T22:47:20","date_gmt":"2025-02-24T21:47:20","guid":{"rendered":"https:\/\/staviori.com.pl\/product\/srebrne-naszyjniki-nsx4951\/"},"modified":"2026-02-11T00:08:57","modified_gmt":"2026-02-10T23:08:57","slug":"srebrne-naszyjniki-nsx4951","status":"publish","type":"product","link":"https:\/\/staviori.com.pl\/cs\/product\/srebrne-naszyjniki-nsx4951\/","title":{"rendered":"St\u0159\u00edbrn\u00fd n\u00e1hrdeln\u00edk se srdcem"},"content":{"rendered":"<p>Model: NSX4951<br \/>\nHmotnost p\u0159ibli\u017en\u011b 2,80 g<\/p>\n<p>N\u00e1hrdeln\u00edk 47 cm.<br \/>\n0,925 rhodiovan\u00e9 st\u0159\u00edbro.<\/p>\n<p>Wymiary 17&#215;13 mm.<\/p>","protected":false},"excerpt":{"rendered":"<p>Delikatny naszyjnik wykonany z rodowanego srebra pr\u00f3by 0,925, ozdobiony subteln\u0105 zawieszk\u0105 w kszta\u0142cie serca. Wyj\u0105tkowego charakteru nadaje mu finezyjne, skr\u0119cane wyko\u0144czenie, kt\u00f3re pi\u0119knie odbija \u015bwiat\u0142o i przyci\u0105ga spojrzenia. Ten romantyczny, a jednocze\u015bnie nowoczesny wz\u00f3r doskonale sprawdzi si\u0119 zar\u00f3wno na co dzie\u0144, jak i na specjalne okazje. Idealny pomys\u0142 na prezent dla bliskiej osoby lub wyj\u0105tkowy dodatek do w\u0142asnej kolekcji bi\u017cuterii.<\/p>","protected":false},"featured_media":3798,"comment_status":"closed","ping_status":"closed","template":"","meta":{"om_disable_all_campaigns":false},"product_brand":[2284],"product_cat":[719,2133,1817],"product_tag":[4066,2565,4304,4303,4302,3848,4301,2291,4216,2455,1414,4201,3752,3924,4192],"class_list":{"0":"post-14852","1":"product","2":"type-product","3":"status-publish","4":"has-post-thumbnail","6":"product_brand-staviori","7":"product_cat-naszyjniki","8":"product_cat-srebrne-naszyjniki","9":"product_cat-srebro-2","10":"product_tag-damska-bizuterie","11":"product_tag-delikatna-bizuteria","12":"product_tag-gift-for-her","13":"product_tag-heart-pendant","14":"product_tag-inr0105","15":"product_tag-minimalist-jewelry","16":"product_tag-nsx4951","17":"product_tag-prezent-dla-niej","18":"product_tag-rhodium-plated","19":"product_tag-rodowane-srebro","20":"product_tag-serce","21":"product_tag-silver-necklace","22":"product_tag-srdce","23":"product_tag-srebrny-naszyjnik","24":"product_tag-stribrny-nahrdelnik","25":"pa_kruszec-srebro-rodowane","26":"pa_motyw-serce","27":"pa_proba-0-925","28":"pa_waga-2-80g","29":"pa_wymiary-17x13mm","31":"first","32":"instock","33":"purchasable","34":"product-type-simple"},"aioseo_notices":[],"_links":{"self":[{"href":"https:\/\/staviori.com.pl\/cs\/wp-json\/wp\/v2\/product\/14852","targetHints":{"allow":["GET"]}}],"collection":[{"href":"https:\/\/staviori.com.pl\/cs\/wp-json\/wp\/v2\/product"}],"about":[{"href":"https:\/\/staviori.com.pl\/cs\/wp-json\/wp\/v2\/types\/product"}],"replies":[{"embeddable":true,"href":"https:\/\/staviori.com.pl\/cs\/wp-json\/wp\/v2\/comments?post=14852"}],"wp:featuredmedia":[{"embeddable":true,"href":"https:\/\/staviori.com.pl\/cs\/wp-json\/wp\/v2\/media\/3798"}],"wp:attachment":[{"href":"https:\/\/staviori.com.pl\/cs\/wp-json\/wp\/v2\/media?parent=14852"}],"wp:term":[{"taxonomy":"product_brand","embeddable":true,"href":"https:\/\/staviori.com.pl\/cs\/wp-json\/wp\/v2\/product_brand?post=14852"},{"taxonomy":"product_cat","embeddable":true,"href":"https:\/\/staviori.com.pl\/cs\/wp-json\/wp\/v2\/product_cat?post=14852"},{"taxonomy":"product_tag","embeddable":true,"href":"https:\/\/staviori.com.pl\/cs\/wp-json\/wp\/v2\/product_tag?post=14852"}],"curies":[{"name":"wp","href":"https:\/\/api.w.org\/{rel}","templated":true}]}}