{"id":14839,"date":"2025-02-24T22:47:16","date_gmt":"2025-02-24T21:47:16","guid":{"rendered":"https:\/\/staviori.com.pl\/product\/perly-ze-srebrem-nsn5700\/"},"modified":"2026-04-24T09:12:43","modified_gmt":"2026-04-24T07:12:43","slug":"perly-ze-srebrem-nsn5700","status":"publish","type":"product","link":"https:\/\/staviori.com.pl\/cs\/product\/perly-ze-srebrem-nsn5700\/","title":{"rendered":"Kr\u00e1sn\u00fd klasick\u00fd n\u00e1hrdeln\u00edk z p\u0159\u00edrodn\u00edch perel 120\/150 cm"},"content":{"rendered":"<p>Model: NSN5700<br \/>\nWaga ok. 100g<\/p>\n<p>Naszyjnik 120cm \/ 150cm<br \/>\nP\u0159\u00edrodn\u00ed sladkovodn\u00ed kultivovan\u00e9 perly.<br \/>\n\u015arednica pere\u0142 8-8.5 mm.<\/p>\n<p>Vezm\u011bte pros\u00edm na v\u011bdom\u00ed, \u017ee p\u0159\u00edrodn\u00ed perly a d\u00edlo p\u0159\u00edrody nejsou identick\u00e9 nebo dokonal\u00e9 a ka\u017ed\u00fd perlov\u00fd v\u00fdrobek se m\u016f\u017ee m\u00edrn\u011b li\u0161it.<\/p>\n<p>Perly symbolizuj\u00ed man\u017eelsk\u00e9 \u0161t\u011bst\u00ed a nezlomnou v\u00edru. Jejich nad\u010dasov\u00fd charakter skv\u011ble dopl\u0148uje klasick\u00e9 \u0161perky. N\u00e1vrhy s perlami budou t\u00edm nejkr\u00e1sn\u011bj\u0161\u00edm d\u00e1rkem, kter\u00fd milovan\u00e9 osob\u011b v\u011bnujete.<br \/>\nN\u00e1hrdeln\u00edk z b\u00edl\u00fdch a b\u00e9\u017eov\u00fdch perel, bez zap\u00edn\u00e1n\u00ed.<br \/>\nPerly o pr\u016fm\u011bru 8-8,5 mm.<\/p>\n<p>W przypadku braku na magazynie &#8211; mo\u017cliwo\u015b\u0107 zam\u00f3wienia &#8211; termin realizacji oko\u0142o 1 tygodnia.<\/p>","protected":false},"excerpt":{"rendered":"<p>Klasyczny, d\u0142ugi naszyjnik z naturalnych, hodowanych pere\u0142 s\u0142odkowodnych o \u015brednicy 8-8,5 mm. Ka\u017cda per\u0142a jest unikatowa, co nadaje bi\u017cuterii niepowtarzalny charakter i subtelny urok. Delikatny bia\u0142o-be\u017cowy odcie\u0144 podkre\u015bla ponadczasow\u0105 elegancj\u0119 tego modelu. Per\u0142y od wiek\u00f3w symbolizuj\u0105 szcz\u0119\u015bcie i trwa\u0142\u0105 wiar\u0119, a ich wyj\u0105tkowa forma sprawia, \u017ce naszyjnik doskonale uzupe\u0142ni zar\u00f3wno codzienne, jak i wieczorowe stylizacje. Idealny pomys\u0142 na wyj\u0105tkowy prezent dla bliskiej osoby.<\/p>","protected":false},"featured_media":18886,"comment_status":"closed","ping_status":"closed","template":"","meta":{"om_disable_all_campaigns":false},"product_brand":[2284,2350],"product_cat":[1393,1919,1817],"product_tag":[4274,4275,4230,4066,4276,4271,2603,4270,4038,4272,4273,4199,3399,2532,2291,3865,4269,4192],"class_list":{"0":"post-14839","1":"product","2":"type-product","3":"status-publish","4":"has-post-thumbnail","6":"product_brand-staviori","7":"product_brand-verona","8":"product_cat-perly","9":"product_cat-perly-ze-srebrem","10":"product_cat-srebro-2","11":"product_tag-120cm","12":"product_tag-150cm","13":"product_tag-classic-necklace","14":"product_tag-damska-bizuterie","15":"product_tag-dlugi-naszyjnik","16":"product_tag-freshwater-pearls","17":"product_tag-klasyczna-bizuteria","18":"product_tag-naszyjnik-z-perel","19":"product_tag-necklace","20":"product_tag-nsn5700","21":"product_tag-nsn5700l","22":"product_tag-pearl-jewelry","23":"product_tag-perly-naturalne","24":"product_tag-perly-slodkowodne","25":"product_tag-prezent-dla-niej","26":"product_tag-prirodni-perly","27":"product_tag-psb8p01","28":"product_tag-stribrny-nahrdelnik","29":"pa_kamien-naturalne-perly-hodowane-slodkowodne","30":"pa_rozmiar-120cm","31":"pa_rozmiar-150cm","32":"pa_srednica-perel-8-85mm","33":"pa_waga-100g","35":"first","36":"outofstock","37":"purchasable","38":"product-type-variable","39":"has-default-attributes"},"aioseo_notices":[],"_links":{"self":[{"href":"https:\/\/staviori.com.pl\/cs\/wp-json\/wp\/v2\/product\/14839","targetHints":{"allow":["GET"]}}],"collection":[{"href":"https:\/\/staviori.com.pl\/cs\/wp-json\/wp\/v2\/product"}],"about":[{"href":"https:\/\/staviori.com.pl\/cs\/wp-json\/wp\/v2\/types\/product"}],"replies":[{"embeddable":true,"href":"https:\/\/staviori.com.pl\/cs\/wp-json\/wp\/v2\/comments?post=14839"}],"wp:featuredmedia":[{"embeddable":true,"href":"https:\/\/staviori.com.pl\/cs\/wp-json\/wp\/v2\/media\/18886"}],"wp:attachment":[{"href":"https:\/\/staviori.com.pl\/cs\/wp-json\/wp\/v2\/media?parent=14839"}],"wp:term":[{"taxonomy":"product_brand","embeddable":true,"href":"https:\/\/staviori.com.pl\/cs\/wp-json\/wp\/v2\/product_brand?post=14839"},{"taxonomy":"product_cat","embeddable":true,"href":"https:\/\/staviori.com.pl\/cs\/wp-json\/wp\/v2\/product_cat?post=14839"},{"taxonomy":"product_tag","embeddable":true,"href":"https:\/\/staviori.com.pl\/cs\/wp-json\/wp\/v2\/product_tag?post=14839"}],"curies":[{"name":"wp","href":"https:\/\/api.w.org\/{rel}","templated":true}]}}