{"id":14806,"date":"2025-02-24T22:47:16","date_gmt":"2025-02-24T21:47:16","guid":{"rendered":"https:\/\/staviori.com.pl\/product\/srebrne-naszyjniki-nsc6600\/"},"modified":"2026-03-16T01:16:05","modified_gmt":"2026-03-16T00:16:05","slug":"srebrne-naszyjniki-nsc6600","status":"publish","type":"product","link":"https:\/\/staviori.com.pl\/cs\/product\/srebrne-naszyjniki-nsc6600\/","title":{"rendered":"St\u0159\u00edbrn\u00fd n\u00e1hrdeln\u00edk s ach\u00e1tem"},"content":{"rendered":"<p>Model: NSC6600<br \/>\nHmotnost p\u0159ibli\u017en\u011b 3,20 g<\/p>\n<p>N\u00e1hrdeln\u00edk 47 cm.<br \/>\n0,925 rhodiovan\u00e9 st\u0159\u00edbro.<br \/>\nAch\u00e1t.<\/p>\n<p>Nastaviteln\u00e1 d\u00e9lka 42 cm - 47 cm.<\/p>","protected":false},"excerpt":{"rendered":"<p>Nowoczesny naszyjnik wykonany ze srebra rodowanego pr\u00f3by 0,925, ozdobiony kontrastuj\u0105cymi kulkami z agatu i srebra. Minimalistyczna forma oraz po\u0142\u0105czenie po\u0142yskuj\u0105cego metalu z g\u0142\u0119bok\u0105 czerni\u0105 agatu sprawia, \u017ce naszyjnik wyr\u00f3\u017cnia si\u0119 wyj\u0105tkowym stylem i elegancj\u0105. Mo\u017cliwo\u015b\u0107 regulacji d\u0142ugo\u015bci pozwala dopasowa\u0107 bi\u017cuteri\u0119 do ka\u017cdej stylizacji i okazji. To propozycja idealna dla kobiet ceni\u0105cych nietuzinkowe dodatki o ponadczasowym charakterze.<\/p>","protected":false},"featured_media":18870,"comment_status":"closed","ping_status":"closed","template":"","meta":{"om_disable_all_campaigns":false},"product_brand":[2284,2350],"product_cat":[719,2133,1817],"product_tag":[4238,4236,4237,2428,4066,2384,4038,4215,4235,4234,4216,4111,3924,4192],"class_list":{"0":"post-14806","1":"product","2":"type-product","3":"status-publish","4":"has-post-thumbnail","6":"product_brand-staviori","7":"product_brand-verona","8":"product_cat-naszyjniki","9":"product_cat-srebrne-naszyjniki","10":"product_cat-srebro-2","11":"product_tag-achat","12":"product_tag-agat","13":"product_tag-agate-jewelry","14":"product_tag-bizuteria-srebrna","15":"product_tag-damska-bizuterie","16":"product_tag-minimalistyczna-bizuteria","17":"product_tag-necklace","18":"product_tag-nowoczesny-naszyjnik","19":"product_tag-ns52972","20":"product_tag-nsc6600","21":"product_tag-rhodium-plated","22":"product_tag-silver-jewelry","23":"product_tag-srebrny-naszyjnik","24":"product_tag-stribrny-nahrdelnik","25":"pa_kamien-agat","26":"pa_kruszec-srebro-rodowane","27":"pa_proba-0-925","28":"pa_rozmiar-47cm","29":"pa_waga-3-20g","31":"first","32":"instock","33":"purchasable","34":"product-type-simple"},"aioseo_notices":[],"_links":{"self":[{"href":"https:\/\/staviori.com.pl\/cs\/wp-json\/wp\/v2\/product\/14806","targetHints":{"allow":["GET"]}}],"collection":[{"href":"https:\/\/staviori.com.pl\/cs\/wp-json\/wp\/v2\/product"}],"about":[{"href":"https:\/\/staviori.com.pl\/cs\/wp-json\/wp\/v2\/types\/product"}],"replies":[{"embeddable":true,"href":"https:\/\/staviori.com.pl\/cs\/wp-json\/wp\/v2\/comments?post=14806"}],"wp:featuredmedia":[{"embeddable":true,"href":"https:\/\/staviori.com.pl\/cs\/wp-json\/wp\/v2\/media\/18870"}],"wp:attachment":[{"href":"https:\/\/staviori.com.pl\/cs\/wp-json\/wp\/v2\/media?parent=14806"}],"wp:term":[{"taxonomy":"product_brand","embeddable":true,"href":"https:\/\/staviori.com.pl\/cs\/wp-json\/wp\/v2\/product_brand?post=14806"},{"taxonomy":"product_cat","embeddable":true,"href":"https:\/\/staviori.com.pl\/cs\/wp-json\/wp\/v2\/product_cat?post=14806"},{"taxonomy":"product_tag","embeddable":true,"href":"https:\/\/staviori.com.pl\/cs\/wp-json\/wp\/v2\/product_tag?post=14806"}],"curies":[{"name":"wp","href":"https:\/\/api.w.org\/{rel}","templated":true}]}}