{"id":14793,"date":"2025-02-24T22:47:16","date_gmt":"2025-02-24T21:47:16","guid":{"rendered":"https:\/\/staviori.com.pl\/product\/srebrne-naszyjniki-nsc6593y\/"},"modified":"2026-04-17T22:15:25","modified_gmt":"2026-04-17T20:15:25","slug":"srebrne-naszyjniki-nsc6593y","status":"publish","type":"product","link":"https:\/\/staviori.com.pl\/cs\/product\/srebrne-naszyjniki-nsc6593y\/","title":{"rendered":"Post\u0159\u00edb\u0159en\u00fd pozlacen\u00fd ploch\u00fd n\u00e1hrdeln\u00edk"},"content":{"rendered":"<p>Model: NSC6593Y<br \/>\nWaga ok. 7,10g<\/p>\n<p>N\u00e1hrdeln\u00edk 45 cm.<br \/>\nSt\u0159\u00edbro 0.925 pokoven\u00e9 \u017elut\u00fdm zlatem<\/p>\n<p>Samostatn\u011b nastaviteln\u00e1 d\u00e9lka.<\/p>","protected":false},"excerpt":{"rendered":"<p>Wyj\u0105tkowy naszyjnik wykonany ze srebra pr\u00f3by 0,925, pokryty szlachetn\u0105 warstw\u0105 \u017c\u00f3\u0142tego z\u0142ota. Nowoczesny, minimalistyczny design i subtelny blask poz\u0142acanego srebra pi\u0119knie podkre\u015blaj\u0105 szyj\u0119 oraz dodaj\u0105 elegancji ka\u017cdej stylizacji. Regulowana d\u0142ugo\u015b\u0107 sprawia, \u017ce naszyjnik mo\u017cna idealnie dopasowa\u0107 do indywidualnych preferencji i dekoltu. To doskona\u0142y wyb\u00f3r dla kobiet ceni\u0105cych klasyk\u0119 w luksusowym wydaniu \u2013 zar\u00f3wno na co dzie\u0144, jak i na wyj\u0105tkowe okazje.<\/p>","protected":false},"featured_media":14794,"comment_status":"closed","ping_status":"closed","template":"","meta":{"om_disable_all_campaigns":false},"product_brand":[2284,2350],"product_cat":[719,2133,1817],"product_tag":[4233,4230,4066,3831,4209,3717,2384,4038,4228,4232,4206,4210,2506,4192],"class_list":{"0":"post-14793","1":"product","2":"type-product","3":"status-publish","4":"has-post-thumbnail","6":"product_brand-staviori","7":"product_brand-verona","8":"product_cat-naszyjniki","9":"product_cat-srebrne-naszyjniki","10":"product_cat-srebro-2","11":"product_tag-bizuteria-zlocona","12":"product_tag-classic-necklace","13":"product_tag-damska-bizuterie","14":"product_tag-elegant-jewelry","15":"product_tag-gold-plated-silver","16":"product_tag-klasyka","17":"product_tag-minimalistyczna-bizuteria","18":"product_tag-necklace","19":"product_tag-ns52887","20":"product_tag-nsc6593y","21":"product_tag-pozlacany-naszyjnik","22":"product_tag-pozlaceny-sperk","23":"product_tag-srebro-pozlacane","24":"product_tag-stribrny-nahrdelnik","25":"pa_kruszec-srebro","26":"pa_kruszec-srebro-pozlacane","27":"pa_proba-0-925","28":"pa_rozmiar-45cm","29":"pa_waga-7-10g","31":"first","32":"outofstock","33":"purchasable","34":"product-type-simple"},"aioseo_notices":[],"_links":{"self":[{"href":"https:\/\/staviori.com.pl\/cs\/wp-json\/wp\/v2\/product\/14793","targetHints":{"allow":["GET"]}}],"collection":[{"href":"https:\/\/staviori.com.pl\/cs\/wp-json\/wp\/v2\/product"}],"about":[{"href":"https:\/\/staviori.com.pl\/cs\/wp-json\/wp\/v2\/types\/product"}],"replies":[{"embeddable":true,"href":"https:\/\/staviori.com.pl\/cs\/wp-json\/wp\/v2\/comments?post=14793"}],"wp:featuredmedia":[{"embeddable":true,"href":"https:\/\/staviori.com.pl\/cs\/wp-json\/wp\/v2\/media\/14794"}],"wp:attachment":[{"href":"https:\/\/staviori.com.pl\/cs\/wp-json\/wp\/v2\/media?parent=14793"}],"wp:term":[{"taxonomy":"product_brand","embeddable":true,"href":"https:\/\/staviori.com.pl\/cs\/wp-json\/wp\/v2\/product_brand?post=14793"},{"taxonomy":"product_cat","embeddable":true,"href":"https:\/\/staviori.com.pl\/cs\/wp-json\/wp\/v2\/product_cat?post=14793"},{"taxonomy":"product_tag","embeddable":true,"href":"https:\/\/staviori.com.pl\/cs\/wp-json\/wp\/v2\/product_tag?post=14793"}],"curies":[{"name":"wp","href":"https:\/\/api.w.org\/{rel}","templated":true}]}}