{"id":14786,"date":"2025-02-24T22:47:16","date_gmt":"2025-02-24T21:47:16","guid":{"rendered":"https:\/\/staviori.com.pl\/product\/srebrne-naszyjniki-nsc6593\/"},"modified":"2026-04-17T22:18:00","modified_gmt":"2026-04-17T20:18:00","slug":"srebrne-naszyjniki-nsc6593","status":"publish","type":"product","link":"https:\/\/staviori.com.pl\/cs\/product\/srebrne-naszyjniki-nsc6593\/","title":{"rendered":"St\u0159\u00edbrn\u00fd ploch\u00fd n\u00e1hrdeln\u00edk elegantn\u00ed"},"content":{"rendered":"<p>Model: NSC6593<br \/>\nWaga ok. 6,25g<\/p>\n<p>N\u00e1hrdeln\u00edk 45 cm.<br \/>\n0,925 rhodiovan\u00e9 st\u0159\u00edbro.<\/p>\n<p>Samostatn\u011b nastaviteln\u00e1 d\u00e9lka.<\/p>","protected":false},"excerpt":{"rendered":"<p>Wyj\u0105tkowy naszyjnik wykonany ze srebra rodowanego pr\u00f3by 0,925, zachwyca nowoczesnym i minimalistycznym designem. Delikatna, subtelnie po\u0142yskuj\u0105ca ta\u015bma pi\u0119knie uk\u0142ada si\u0119 na dekolcie, podkre\u015blaj\u0105c szyj\u0119 i dodaj\u0105c elegancji ka\u017cdej stylizacji. Regulowana d\u0142ugo\u015b\u0107 pozwala idealnie dopasowa\u0107 naszyjnik do indywidualnych potrzeb, dzi\u0119ki czemu \u015bwietnie sprawdzi si\u0119 zar\u00f3wno na co dzie\u0144, jak i na wyj\u0105tkowe okazje. To doskona\u0142y wyb\u00f3r dla kobiet ceni\u0105cych ponadczasow\u0105 klasyk\u0119 w nowoczesnym wydaniu.<\/p>","protected":false},"featured_media":14787,"comment_status":"closed","ping_status":"closed","template":"","meta":{"om_disable_all_campaigns":false},"product_brand":[2284,2350],"product_cat":[719,2133,1817],"product_tag":[2428,4230,4066,3717,2384,4038,4228,4227,4231,4216,4229,4111,3924,4192],"class_list":{"0":"post-14786","1":"product","2":"type-product","3":"status-publish","4":"has-post-thumbnail","6":"product_brand-staviori","7":"product_brand-verona","8":"product_cat-naszyjniki","9":"product_cat-srebrne-naszyjniki","10":"product_cat-srebro-2","11":"product_tag-bizuteria-srebrna","12":"product_tag-classic-necklace","13":"product_tag-damska-bizuterie","14":"product_tag-klasyka","15":"product_tag-minimalistyczna-bizuteria","16":"product_tag-necklace","17":"product_tag-ns52887","18":"product_tag-nsc6593","19":"product_tag-rhodiovany-sperk","20":"product_tag-rhodium-plated","21":"product_tag-rodowany-naszyjnik","22":"product_tag-silver-jewelry","23":"product_tag-srebrny-naszyjnik","24":"product_tag-stribrny-nahrdelnik","25":"pa_kruszec-srebro-rodowane","26":"pa_proba-0-925","27":"pa_rozmiar-45cm","28":"pa_waga-6-25g","30":"first","31":"instock","32":"purchasable","33":"product-type-simple"},"aioseo_notices":[],"_links":{"self":[{"href":"https:\/\/staviori.com.pl\/cs\/wp-json\/wp\/v2\/product\/14786","targetHints":{"allow":["GET"]}}],"collection":[{"href":"https:\/\/staviori.com.pl\/cs\/wp-json\/wp\/v2\/product"}],"about":[{"href":"https:\/\/staviori.com.pl\/cs\/wp-json\/wp\/v2\/types\/product"}],"replies":[{"embeddable":true,"href":"https:\/\/staviori.com.pl\/cs\/wp-json\/wp\/v2\/comments?post=14786"}],"wp:featuredmedia":[{"embeddable":true,"href":"https:\/\/staviori.com.pl\/cs\/wp-json\/wp\/v2\/media\/14787"}],"wp:attachment":[{"href":"https:\/\/staviori.com.pl\/cs\/wp-json\/wp\/v2\/media?parent=14786"}],"wp:term":[{"taxonomy":"product_brand","embeddable":true,"href":"https:\/\/staviori.com.pl\/cs\/wp-json\/wp\/v2\/product_brand?post=14786"},{"taxonomy":"product_cat","embeddable":true,"href":"https:\/\/staviori.com.pl\/cs\/wp-json\/wp\/v2\/product_cat?post=14786"},{"taxonomy":"product_tag","embeddable":true,"href":"https:\/\/staviori.com.pl\/cs\/wp-json\/wp\/v2\/product_tag?post=14786"}],"curies":[{"name":"wp","href":"https:\/\/api.w.org\/{rel}","templated":true}]}}