{"id":14767,"date":"2025-02-24T22:47:11","date_gmt":"2025-02-24T21:47:11","guid":{"rendered":"https:\/\/staviori.com.pl\/product\/srebrne-naszyjniki-nsc6239\/"},"modified":"2026-02-11T00:08:57","modified_gmt":"2026-02-10T23:08:57","slug":"srebrne-naszyjniki-nsc6239","status":"publish","type":"product","link":"https:\/\/staviori.com.pl\/cs\/product\/srebrne-naszyjniki-nsc6239\/","title":{"rendered":"St\u0159\u00edbrn\u00fd n\u00e1hrdeln\u00edk s p\u0159\u00edrodn\u00ed perlou a zirkony"},"content":{"rendered":"<p>Model: NSC6239<br \/>\nHmotnost p\u0159ibli\u017en\u011b 2,10 g<\/p>\n<p>N\u00e1hrdeln\u00edk 47 cm.<br \/>\n0,925 rhodiovan\u00e9 st\u0159\u00edbro.<br \/>\nZirkonie.<br \/>\nP\u0159\u00edrodn\u00ed sladkovodn\u00ed kultivovan\u00e9 perly.<\/p>\n<p>\u015arednica 9 mm.<br \/>\nGrubo\u015b\u0107 8 mm.<\/p>\n<p>Samostatn\u011b nastaviteln\u00e1 d\u00e9lka.<\/p>","protected":false},"excerpt":{"rendered":"<p>Subtelny naszyjnik ze srebra pr\u00f3by 0,925 z naturaln\u0105, hodowan\u0105 per\u0142\u0105 s\u0142odkowodn\u0105, otoczon\u0105 po\u0142yskuj\u0105cymi cyrkoniami. Po\u0142\u0105czenie klasycznej per\u0142y z blaskiem srebra i l\u015bni\u0105cymi cyrkoniami tworzy wyj\u0105tkowo eleganck\u0105 kompozycj\u0119, kt\u00f3ra podkre\u015bla kobiec\u0105 delikatno\u015b\u0107 i styl. Naszyjnik posiada mo\u017cliwo\u015b\u0107 regulacji d\u0142ugo\u015bci, co pozwala dopasowa\u0107 go do ka\u017cdej stylizacji. Idealny wyb\u00f3r na prezent dla wyj\u0105tkowej osoby lub jako ozdoba na specjalne okazje.<\/p>","protected":false},"featured_media":3761,"comment_status":"closed","ping_status":"closed","template":"","meta":{"om_disable_all_campaigns":false},"product_brand":[2284,2350],"product_cat":[719,2133,1817],"product_tag":[2541,4191,2454,4066,3690,4200,4198,4038,4196,4195,4199,4197,4202,4201,3924,4192],"class_list":{"0":"post-14767","1":"product","2":"type-product","3":"status-publish","4":"has-post-thumbnail","6":"product_brand-staviori","7":"product_brand-verona","8":"product_cat-naszyjniki","9":"product_cat-srebrne-naszyjniki","10":"product_cat-srebro-2","11":"product_tag-bizuteria-damska","12":"product_tag-cubic-zirconia","13":"product_tag-cyrkonia","14":"product_tag-damska-bizuterie","15":"product_tag-elegancki-prezent","16":"product_tag-freshwater-pearl","17":"product_tag-naturalna-perla","18":"product_tag-necklace","19":"product_tag-nsc6239","20":"product_tag-nw49618","21":"product_tag-pearl-jewelry","22":"product_tag-perla","23":"product_tag-perlovy-sperk","24":"product_tag-silver-necklace","25":"product_tag-srebrny-naszyjnik","26":"product_tag-stribrny-nahrdelnik","27":"pa_grubosc-8mm","28":"pa_kamien-cyrkonia","29":"pa_kamien-naturalna-perla-hodowlana-slodkowodna","30":"pa_kruszec-srebro-rodowane","31":"pa_proba-0-925","32":"pa_rozmiar-47cm","33":"pa_srednica-9mm","34":"pa_waga-210g","36":"first","37":"instock","38":"purchasable","39":"product-type-simple"},"aioseo_notices":[],"_links":{"self":[{"href":"https:\/\/staviori.com.pl\/cs\/wp-json\/wp\/v2\/product\/14767","targetHints":{"allow":["GET"]}}],"collection":[{"href":"https:\/\/staviori.com.pl\/cs\/wp-json\/wp\/v2\/product"}],"about":[{"href":"https:\/\/staviori.com.pl\/cs\/wp-json\/wp\/v2\/types\/product"}],"replies":[{"embeddable":true,"href":"https:\/\/staviori.com.pl\/cs\/wp-json\/wp\/v2\/comments?post=14767"}],"wp:featuredmedia":[{"embeddable":true,"href":"https:\/\/staviori.com.pl\/cs\/wp-json\/wp\/v2\/media\/3761"}],"wp:attachment":[{"href":"https:\/\/staviori.com.pl\/cs\/wp-json\/wp\/v2\/media?parent=14767"}],"wp:term":[{"taxonomy":"product_brand","embeddable":true,"href":"https:\/\/staviori.com.pl\/cs\/wp-json\/wp\/v2\/product_brand?post=14767"},{"taxonomy":"product_cat","embeddable":true,"href":"https:\/\/staviori.com.pl\/cs\/wp-json\/wp\/v2\/product_cat?post=14767"},{"taxonomy":"product_tag","embeddable":true,"href":"https:\/\/staviori.com.pl\/cs\/wp-json\/wp\/v2\/product_tag?post=14767"}],"curies":[{"name":"wp","href":"https:\/\/api.w.org\/{rel}","templated":true}]}}