{"id":14765,"date":"2025-02-24T22:47:11","date_gmt":"2025-02-24T21:47:11","guid":{"rendered":"https:\/\/staviori.com.pl\/product\/srebrny-wisiorek-nsc6198\/"},"modified":"2026-03-18T09:17:02","modified_gmt":"2026-03-18T08:17:02","slug":"srebrny-wisiorek-nsc6198","status":"publish","type":"product","link":"https:\/\/staviori.com.pl\/cs\/product\/srebrny-wisiorek-nsc6198\/","title":{"rendered":"St\u0159\u00edbrn\u00fd n\u00e1hrdeln\u00edk s velk\u00fdm modr\u00fdm zirkonem"},"content":{"rendered":"<p>Model: NSC6198<br \/>\nHmotnost p\u0159ibli\u017en\u011b 2,15 g<\/p>\n<p>N\u00e1hrdeln\u00edk 47 cm.<br \/>\nSt\u0159\u00edbro 0,925.<br \/>\nZirkonie.<\/p>","protected":false},"excerpt":{"rendered":"<p>Zachwycaj\u0105cy naszyjnik wykonany ze srebra pr\u00f3by 0,925, ozdobiony b\u0142\u0119kitn\u0105 cyrkoni\u0105 o szlifie podkre\u015blaj\u0105cym g\u0142\u0119bi\u0119 koloru i blask kamienia. Dooko\u0142a centralnej cyrkonii l\u015bni\u0105 delikatne, drobne cyrkonie, tworz\u0105c eleganck\u0105 opraw\u0119, kt\u00f3ra subtelnie przyci\u0105ga wzrok. To doskona\u0142y wyb\u00f3r dla kobiet ceni\u0105cych klasyk\u0119 i ponadczasow\u0105 elegancj\u0119. Naszyjnik idealnie sprawdzi si\u0119 zar\u00f3wno na co dzie\u0144, jak i na wyj\u0105tkowe okazje, dodaj\u0105c stylu ka\u017cdej stylizacji.<\/p>","protected":false},"featured_media":3755,"comment_status":"closed","ping_status":"closed","template":"","meta":{"om_disable_all_campaigns":false},"product_brand":[2284,2350],"product_cat":[2141,1817,729],"product_tag":[2541,4191,2454,4066,4177,4193,4038,4189,4190,2291,4111,3924,4192],"class_list":{"0":"post-14765","1":"product","2":"type-product","3":"status-publish","4":"has-post-thumbnail","6":"product_brand-staviori","7":"product_brand-verona","8":"product_cat-srebrny-wisiorek","9":"product_cat-srebro-2","10":"product_cat-wisiorki","11":"product_tag-bizuteria-damska","12":"product_tag-cubic-zirconia","13":"product_tag-cyrkonia","14":"product_tag-damska-bizuterie","15":"product_tag-elegancki-naszyjnik","16":"product_tag-modra-cyrkonia","17":"product_tag-necklace","18":"product_tag-nn49608","19":"product_tag-nsc6198","20":"product_tag-prezent-dla-niej","21":"product_tag-silver-jewelry","22":"product_tag-srebrny-naszyjnik","23":"product_tag-stribrny-nahrdelnik","24":"pa_kamien-cyrkonia","25":"pa_kruszec-srebro","26":"pa_proba-0-925","27":"pa_waga-2-15g","29":"first","30":"instock","31":"purchasable","32":"product-type-simple"},"aioseo_notices":[],"_links":{"self":[{"href":"https:\/\/staviori.com.pl\/cs\/wp-json\/wp\/v2\/product\/14765","targetHints":{"allow":["GET"]}}],"collection":[{"href":"https:\/\/staviori.com.pl\/cs\/wp-json\/wp\/v2\/product"}],"about":[{"href":"https:\/\/staviori.com.pl\/cs\/wp-json\/wp\/v2\/types\/product"}],"replies":[{"embeddable":true,"href":"https:\/\/staviori.com.pl\/cs\/wp-json\/wp\/v2\/comments?post=14765"}],"wp:featuredmedia":[{"embeddable":true,"href":"https:\/\/staviori.com.pl\/cs\/wp-json\/wp\/v2\/media\/3755"}],"wp:attachment":[{"href":"https:\/\/staviori.com.pl\/cs\/wp-json\/wp\/v2\/media?parent=14765"}],"wp:term":[{"taxonomy":"product_brand","embeddable":true,"href":"https:\/\/staviori.com.pl\/cs\/wp-json\/wp\/v2\/product_brand?post=14765"},{"taxonomy":"product_cat","embeddable":true,"href":"https:\/\/staviori.com.pl\/cs\/wp-json\/wp\/v2\/product_cat?post=14765"},{"taxonomy":"product_tag","embeddable":true,"href":"https:\/\/staviori.com.pl\/cs\/wp-json\/wp\/v2\/product_tag?post=14765"}],"curies":[{"name":"wp","href":"https:\/\/api.w.org\/{rel}","templated":true}]}}