{"id":14751,"date":"2025-02-24T22:47:11","date_gmt":"2025-02-24T21:47:11","guid":{"rendered":"https:\/\/staviori.com.pl\/product\/srebrne-naszyjniki-nsc53463\/"},"modified":"2026-02-11T00:08:56","modified_gmt":"2026-02-10T23:08:56","slug":"srebrne-naszyjniki-nsc53463","status":"publish","type":"product","link":"https:\/\/staviori.com.pl\/cs\/product\/srebrne-naszyjniki-nsc53463\/","title":{"rendered":"St\u0159\u00edbrn\u00fd pozlacen\u00fd boho nastaviteln\u00fd n\u00e1hrdeln\u00edk"},"content":{"rendered":"<p>Model: NSC53463<br \/>\nWaga ok. 4,50g<\/p>\n<p>N\u00e1hrdeln\u00edk 47 cm.<br \/>\nSt\u0159\u00edbro 0.925 pokoven\u00e9 \u017elut\u00fdm zlatem<\/p>\n<p>Nastaviteln\u00e1 d\u00e9lka 42 cm - 47 cm.<\/p>","protected":false},"excerpt":{"rendered":"<p>Elegancki naszyjnik wykonany ze srebra pr\u00f3by 0,925, pokryty szlachetn\u0105 warstw\u0105 \u017c\u00f3\u0142tego z\u0142ota. Klasyczna forma i subtelny blask poz\u0142acanego srebra sprawiaj\u0105, \u017ce naszyjnik pi\u0119knie podkre\u015bla kobiec\u0105 urod\u0119 oraz pasuje do ka\u017cdej stylizacji \u2013 zar\u00f3wno na co dzie\u0144, jak i na wyj\u0105tkowe okazje. Regulowana d\u0142ugo\u015b\u0107 pozwala idealnie dopasowa\u0107 go do dekoltu i osobistych preferencji. To doskona\u0142y wyb\u00f3r dla kobiet ceni\u0105cych ponadczasow\u0105 elegancj\u0119 i uniwersalny styl.<\/p>","protected":false},"featured_media":14752,"comment_status":"closed","ping_status":"closed","template":"","meta":{"om_disable_all_campaigns":false},"product_brand":[2284,2350],"product_cat":[719,2133,1817],"product_tag":[4221,2880,2571,4066,2317,4209,4220,4038,4218,4219,4206,4210,4111,2506,4192],"class_list":{"0":"post-14751","1":"product","2":"type-product","3":"status-publish","4":"has-post-thumbnail","6":"product_brand-staviori","7":"product_brand-verona","8":"product_cat-naszyjniki","9":"product_cat-srebrne-naszyjniki","10":"product_cat-srebro-2","11":"product_tag-adjustable-necklace","12":"product_tag-bizuteria-na-prezent","13":"product_tag-boho","14":"product_tag-damska-bizuterie","15":"product_tag-elegancka-bizuteria","16":"product_tag-gold-plated-silver","17":"product_tag-naszyjnik-regulowany","18":"product_tag-necklace","19":"product_tag-ns53463","20":"product_tag-nsc53463","21":"product_tag-pozlacany-naszyjnik","22":"product_tag-pozlaceny-sperk","23":"product_tag-silver-jewelry","24":"product_tag-srebro-pozlacane","25":"product_tag-stribrny-nahrdelnik","26":"pa_kruszec-srebro","27":"pa_kruszec-srebro-pozlacane","28":"pa_proba-0-925","29":"pa_rozmiar-47cm","30":"pa_waga-4-50g","32":"first","33":"instock","34":"purchasable","35":"product-type-simple"},"aioseo_notices":[],"_links":{"self":[{"href":"https:\/\/staviori.com.pl\/cs\/wp-json\/wp\/v2\/product\/14751","targetHints":{"allow":["GET"]}}],"collection":[{"href":"https:\/\/staviori.com.pl\/cs\/wp-json\/wp\/v2\/product"}],"about":[{"href":"https:\/\/staviori.com.pl\/cs\/wp-json\/wp\/v2\/types\/product"}],"replies":[{"embeddable":true,"href":"https:\/\/staviori.com.pl\/cs\/wp-json\/wp\/v2\/comments?post=14751"}],"wp:featuredmedia":[{"embeddable":true,"href":"https:\/\/staviori.com.pl\/cs\/wp-json\/wp\/v2\/media\/14752"}],"wp:attachment":[{"href":"https:\/\/staviori.com.pl\/cs\/wp-json\/wp\/v2\/media?parent=14751"}],"wp:term":[{"taxonomy":"product_brand","embeddable":true,"href":"https:\/\/staviori.com.pl\/cs\/wp-json\/wp\/v2\/product_brand?post=14751"},{"taxonomy":"product_cat","embeddable":true,"href":"https:\/\/staviori.com.pl\/cs\/wp-json\/wp\/v2\/product_cat?post=14751"},{"taxonomy":"product_tag","embeddable":true,"href":"https:\/\/staviori.com.pl\/cs\/wp-json\/wp\/v2\/product_tag?post=14751"}],"curies":[{"name":"wp","href":"https:\/\/api.w.org\/{rel}","templated":true}]}}