{"id":14750,"date":"2025-02-24T22:47:11","date_gmt":"2025-02-24T21:47:11","guid":{"rendered":"https:\/\/staviori.com.pl\/product\/srebrne-naszyjniki-nsc5100\/"},"modified":"2026-02-11T00:08:56","modified_gmt":"2026-02-10T23:08:56","slug":"srebrne-naszyjniki-nsc5100","status":"publish","type":"product","link":"https:\/\/staviori.com.pl\/cs\/product\/srebrne-naszyjniki-nsc5100\/","title":{"rendered":"Oxidovan\u00fd st\u0159\u00edbrn\u00fd n\u00e1hrdeln\u00edk s kv\u011btinou"},"content":{"rendered":"<p>Model: NSC5100<br \/>\nHmotnost p\u0159ibli\u017en\u011b 3,50 g<\/p>\n<p>N\u00e1hrdeln\u00edk 45 cm<br \/>\nOxidovan\u00e9 st\u0159\u00edbro 0,925<br \/>\nZirkonie.<\/p>\n<p>D\u00e9lka 55 mm.<br \/>\nPr\u016fm\u011br 10 mm.<\/p>\n<p>Samostatn\u011b nastaviteln\u00e1 d\u00e9lka.<\/p>","protected":false},"excerpt":{"rendered":"<p>Jemn\u00fd n\u00e1hrdeln\u00edk ze st\u0159\u00edbra 0,925, zdoben\u00fd dv\u011bma kv\u011bty os\u00e1zen\u00fdmi t\u0159pytiv\u00fdmi zirkony. Fenomen\u00e1ln\u00ed, m\u00edrn\u011b asymetrick\u00fd tvar mu dod\u00e1v\u00e1 jedine\u010dn\u00fd p\u016fvab a nastaviteln\u00e1 d\u00e9lka umo\u017e\u0148uje n\u00e1hrdeln\u00edk dokonale sladit s jakoukoli stylizac\u00ed. Jemn\u00fd lesk a kv\u011btinov\u00fd motiv podtrhuj\u00ed \u017eenskou jemnost a romantick\u00fd charakter \u0161perku. Je ide\u00e1ln\u00edm n\u00e1vrhem na d\u00e1rek pro milovn\u00edky jemn\u00fdch dopl\u0148k\u016f.<\/p>","protected":false},"featured_media":3702,"comment_status":"closed","ping_status":"closed","template":"","meta":{"om_disable_all_campaigns":false},"product_brand":[2284],"product_cat":[719,2133,1817],"product_tag":[2541,4191,2454,4066,4225,4226,4115,4224,4038,4223,2291,4201,3924,4192],"class_list":{"0":"post-14750","1":"product","2":"type-product","3":"status-publish","4":"has-post-thumbnail","6":"product_brand-staviori","7":"product_cat-naszyjniki","8":"product_cat-srebrne-naszyjniki","9":"product_cat-srebro-2","10":"product_tag-bizuteria-damska","11":"product_tag-cubic-zirconia","12":"product_tag-cyrkonia","13":"product_tag-damska-bizuterie","14":"product_tag-flower-jewelry","15":"product_tag-kvetinovy-sperk","16":"product_tag-kwiaty","17":"product_tag-naszyjnik-z-kwiatkiem","18":"product_tag-necklace","19":"product_tag-nsc5100","20":"product_tag-prezent-dla-niej","21":"product_tag-silver-necklace","22":"product_tag-srebrny-naszyjnik","23":"product_tag-stribrny-nahrdelnik","24":"pa_dlugosc-55mm","25":"pa_dostawca-aliexpress","26":"pa_kamien-cyrkonia","27":"pa_kruszec-srebro","28":"pa_kruszec-srebro-oksydowane","29":"pa_proba-0-925","30":"pa_srednica-10mm","31":"pa_waga-3-50g","33":"first","34":"instock","35":"purchasable","36":"product-type-simple"},"aioseo_notices":[],"_links":{"self":[{"href":"https:\/\/staviori.com.pl\/cs\/wp-json\/wp\/v2\/product\/14750","targetHints":{"allow":["GET"]}}],"collection":[{"href":"https:\/\/staviori.com.pl\/cs\/wp-json\/wp\/v2\/product"}],"about":[{"href":"https:\/\/staviori.com.pl\/cs\/wp-json\/wp\/v2\/types\/product"}],"replies":[{"embeddable":true,"href":"https:\/\/staviori.com.pl\/cs\/wp-json\/wp\/v2\/comments?post=14750"}],"wp:featuredmedia":[{"embeddable":true,"href":"https:\/\/staviori.com.pl\/cs\/wp-json\/wp\/v2\/media\/3702"}],"wp:attachment":[{"href":"https:\/\/staviori.com.pl\/cs\/wp-json\/wp\/v2\/media?parent=14750"}],"wp:term":[{"taxonomy":"product_brand","embeddable":true,"href":"https:\/\/staviori.com.pl\/cs\/wp-json\/wp\/v2\/product_brand?post=14750"},{"taxonomy":"product_cat","embeddable":true,"href":"https:\/\/staviori.com.pl\/cs\/wp-json\/wp\/v2\/product_cat?post=14750"},{"taxonomy":"product_tag","embeddable":true,"href":"https:\/\/staviori.com.pl\/cs\/wp-json\/wp\/v2\/product_tag?post=14750"}],"curies":[{"name":"wp","href":"https:\/\/api.w.org\/{rel}","templated":true}]}}