{"id":14745,"date":"2025-02-24T22:47:11","date_gmt":"2025-02-24T21:47:11","guid":{"rendered":"https:\/\/staviori.com.pl\/product\/naszyjnik-z-brylantami-nrd4750\/"},"modified":"2026-02-11T00:08:56","modified_gmt":"2026-02-10T23:08:56","slug":"naszyjnik-z-brylantami-nrd4750","status":"publish","type":"product","link":"https:\/\/staviori.com.pl\/cs\/product\/naszyjnik-z-brylantami-nrd4750\/","title":{"rendered":"N\u00e1hrdeln\u00edk Celebrity z r\u016f\u017eov\u00e9ho zlata s 0,15ct diamantem"},"content":{"rendered":"<p>Model: NRD4750<br \/>\nWaga ok. 0,80g<\/p>\n<p>Naszyjnik 43 cm.<br \/>\nR\u016f\u017eov\u00e9 zlato 0,585.<br \/>\n1 Diament, szlif brylantowy, o masie 0,15ct, barwa G, czysto\u015b\u0107 SI1.<\/p>\n<p>\u015arednica 4.93 mm.<br \/>\nGrubo\u015b\u0107 3.5 mm.<\/p>\n<p>Mo\u017cliwo\u015b\u0107 regulacji d\u0142ugo\u015bci 40cm lub 43cm.<\/p>\n<p>W przypadku braku na magazynie &#8211; produkt dost\u0119pny na zam\u00f3wienie w terminie ko. 2 tygodni.<\/p>","protected":false},"excerpt":{"rendered":"<p>Subtelny naszyjnik z r\u00f3\u017cowego z\u0142ota z brylantem to propozycja dla mi\u0142o\u015bniczek klasycznej elegancji. Centralnie osadzony brylant o szlifie brylantowym zachwyca wyj\u0105tkowym blaskiem, a delikatna oprawa z 14-karatowego r\u00f3\u017cowego z\u0142ota podkre\u015bla jego naturalne pi\u0119kno. Minimalistyczna forma sprawia, \u017ce naszyjnik idealnie sprawdzi si\u0119 zar\u00f3wno na co dzie\u0144, jak i do wieczorowych stylizacji. Ol\u015bniewaj\u0105cy model, kt\u00f3ry podkre\u015bli Twoj\u0105 kobieco\u015b\u0107 i doda uroku ka\u017cdej kreacji.<\/p>","protected":false},"featured_media":3650,"comment_status":"closed","ping_status":"closed","template":"","meta":{"om_disable_all_campaigns":false},"product_brand":[2284],"product_cat":[1838,6752,2120,719],"product_tag":[4166,3720,4123,3690,2464,2378,4164,2291,2336,4165,2381],"class_list":{"0":"post-14745","1":"product","2":"type-product","3":"status-publish","4":"has-post-thumbnail","6":"product_brand-staviori","7":"product_cat-diamenty","8":"product_cat-kolekcja-staviori-must-have","9":"product_cat-naszyjnik-z-brylantami","10":"product_cat-naszyjniki","11":"product_tag-0-15ct","12":"product_tag-bizuteria","13":"product_tag-brylant","14":"product_tag-elegancki-prezent","15":"product_tag-minimalistyczny","16":"product_tag-naszyjnik","17":"product_tag-nrd4750","18":"product_tag-prezent-dla-niej","19":"product_tag-rozowe-zloto","20":"product_tag-szlachetny-kamien","21":"product_tag-zloty-naszyjnik","22":"pa_barwa-g-2","23":"pa_czystosc-si1","24":"pa_dostawca-iza","25":"pa_grubosc-3-5mm","26":"pa_kamien-brylant","27":"pa_kolor-rozowe","28":"pa_kruszec-zloto","29":"pa_masa-karatowa-015ct","30":"pa_proba-0-585","31":"pa_rozmiar-43cm","32":"pa_srednica-4-93mm","33":"pa_waga-0-80g","35":"first","36":"instock","37":"purchasable","38":"product-type-simple"},"aioseo_notices":[],"_links":{"self":[{"href":"https:\/\/staviori.com.pl\/cs\/wp-json\/wp\/v2\/product\/14745","targetHints":{"allow":["GET"]}}],"collection":[{"href":"https:\/\/staviori.com.pl\/cs\/wp-json\/wp\/v2\/product"}],"about":[{"href":"https:\/\/staviori.com.pl\/cs\/wp-json\/wp\/v2\/types\/product"}],"replies":[{"embeddable":true,"href":"https:\/\/staviori.com.pl\/cs\/wp-json\/wp\/v2\/comments?post=14745"}],"wp:featuredmedia":[{"embeddable":true,"href":"https:\/\/staviori.com.pl\/cs\/wp-json\/wp\/v2\/media\/3650"}],"wp:attachment":[{"href":"https:\/\/staviori.com.pl\/cs\/wp-json\/wp\/v2\/media?parent=14745"}],"wp:term":[{"taxonomy":"product_brand","embeddable":true,"href":"https:\/\/staviori.com.pl\/cs\/wp-json\/wp\/v2\/product_brand?post=14745"},{"taxonomy":"product_cat","embeddable":true,"href":"https:\/\/staviori.com.pl\/cs\/wp-json\/wp\/v2\/product_cat?post=14745"},{"taxonomy":"product_tag","embeddable":true,"href":"https:\/\/staviori.com.pl\/cs\/wp-json\/wp\/v2\/product_tag?post=14745"}],"curies":[{"name":"wp","href":"https:\/\/api.w.org\/{rel}","templated":true}]}}