{"id":14738,"date":"2025-02-24T22:47:07","date_gmt":"2025-02-24T21:47:07","guid":{"rendered":"https:\/\/staviori.com.pl\/product\/bizuteria-inwestycyjna-naszyjnik-ncd1602\/"},"modified":"2026-02-11T00:08:55","modified_gmt":"2026-02-10T23:08:55","slug":"bizuteria-inwestycyjna-naszyjnik-ncd1602","status":"publish","type":"product","link":"https:\/\/staviori.com.pl\/cs\/product\/bizuteria-inwestycyjna-naszyjnik-ncd1602\/","title":{"rendered":"Exkluzivn\u011b | \u010cern\u00e9 zlato a \u010dern\u00e9 diamanty - unisex n\u00e1hrdeln\u00edk"},"content":{"rendered":"<p>Model: DDN0308<br \/>\nWaga ok. 83,00g<\/p>\n<p>N\u00e1hrdeln\u00edk 42 cm.<br \/>\n\u010cern\u00e9 zlato 0.750.<br \/>\n2492 Diamenty, kolor czarny, szlif brylantowy, o masie 27,49ct.<br \/>\nSzeroko\u015b\u0107 4.5 mm.<br \/>\nProdukt je k dispozici pouze na vy\u017e\u00e1d\u00e1n\u00ed, doba dod\u00e1n\u00ed cca 4 t\u00fddny.<\/p>","protected":false},"excerpt":{"rendered":"<p>Wyj\u0105tkowy naszyjnik wykonany z czarnego z\u0142ota pr\u00f3by 0,750, ozdobiony a\u017c 2492 czarnymi diamentami o imponuj\u0105cej masie 27,49 ct. Ka\u017cde ogniwo zachwyca misteri\u0105 opraw\u0105 kamieni, tworz\u0105c niezwykle luksusowy i niepowtarzalny efekt. Mocny charakter bi\u017cuterii podkre\u015bla g\u0142\u0119boka czer\u0144 z\u0142ota i l\u015bni\u0105cych diament\u00f3w, czyni\u0105c ten naszyjnik idealnym wyborem dla os\u00f3b ceni\u0105cych nowoczesn\u0105 elegancj\u0119 i ekstrawagancj\u0119. Doskona\u0142y na wyj\u0105tkowe okazje, kiedy chcesz podkre\u015bli\u0107 sw\u00f3j niepowtarzalny styl.<br \/>\n* \u010cern\u00e9 zlato je b\u00edl\u00e9 zlato o ryzosti 0,750 pokoven\u00e9 \u010dern\u00fdm rhodiem.<\/p>","protected":false},"featured_media":18795,"comment_status":"closed","ping_status":"closed","template":"","meta":{"om_disable_all_campaigns":false},"product_brand":[2284],"product_cat":[1803,6895,719],"product_tag":[4095,4096,4098,2319,2405,4100,4092,2555,4099,4097,4101,4102,4093,4091,4094,2332,2924],"class_list":{"0":"post-14738","1":"product","2":"type-product","3":"status-publish","4":"has-post-thumbnail","6":"product_brand-staviori","7":"product_cat-brylanty-exclusive","8":"product_cat-naszyjnik","9":"product_cat-naszyjniki","10":"product_tag-18k-gold","11":"product_tag-black-diamonds","12":"product_tag-bold-jewelry","13":"product_tag-czarne-diamenty","14":"product_tag-czarne-zloto","15":"product_tag-czarny-rod","16":"product_tag-ddn0308","17":"product_tag-ekskluzywna-bizuteria","18":"product_tag-extravagant","19":"product_tag-luxury-necklace","20":"product_tag-meski-lancuch","21":"product_tag-meski-naszyjnik","22":"product_tag-naszyjnik-luksusowy","23":"product_tag-ncd1602","24":"product_tag-nowoczesna-elegancja","25":"product_tag-prezent","26":"product_tag-wieczorowa-bizuteria","27":"pa_barwa-czarne","28":"pa_dostawca-draco","29":"pa_kamien-czarne-diamenty","30":"pa_kolor-czarne","31":"pa_kruszec-zloto","32":"pa_proba-0-750","33":"pa_szerokosc-4-5mm","34":"pa_szlif-brylantowy-okragly","35":"pa_waga-83-00g","37":"first","38":"onbackorder","39":"purchasable","40":"product-type-simple"},"aioseo_notices":[],"_links":{"self":[{"href":"https:\/\/staviori.com.pl\/cs\/wp-json\/wp\/v2\/product\/14738","targetHints":{"allow":["GET"]}}],"collection":[{"href":"https:\/\/staviori.com.pl\/cs\/wp-json\/wp\/v2\/product"}],"about":[{"href":"https:\/\/staviori.com.pl\/cs\/wp-json\/wp\/v2\/types\/product"}],"replies":[{"embeddable":true,"href":"https:\/\/staviori.com.pl\/cs\/wp-json\/wp\/v2\/comments?post=14738"}],"wp:featuredmedia":[{"embeddable":true,"href":"https:\/\/staviori.com.pl\/cs\/wp-json\/wp\/v2\/media\/18795"}],"wp:attachment":[{"href":"https:\/\/staviori.com.pl\/cs\/wp-json\/wp\/v2\/media?parent=14738"}],"wp:term":[{"taxonomy":"product_brand","embeddable":true,"href":"https:\/\/staviori.com.pl\/cs\/wp-json\/wp\/v2\/product_brand?post=14738"},{"taxonomy":"product_cat","embeddable":true,"href":"https:\/\/staviori.com.pl\/cs\/wp-json\/wp\/v2\/product_cat?post=14738"},{"taxonomy":"product_tag","embeddable":true,"href":"https:\/\/staviori.com.pl\/cs\/wp-json\/wp\/v2\/product_tag?post=14738"}],"curies":[{"name":"wp","href":"https:\/\/api.w.org\/{rel}","templated":true}]}}