{"id":14736,"date":"2025-02-24T22:47:07","date_gmt":"2025-02-24T21:47:07","guid":{"rendered":"https:\/\/staviori.com.pl\/product\/zlote-naszyjniki-nbx4343\/"},"modified":"2026-03-31T11:47:22","modified_gmt":"2026-03-31T09:47:22","slug":"zlote-naszyjniki-nbx4343","status":"publish","type":"product","link":"https:\/\/staviori.com.pl\/cs\/product\/zlote-naszyjniki-nbx4343\/","title":{"rendered":"Zlat\u00fd n\u00e1hrdeln\u00edk - celebrita - s k\u0159\u00ed\u017ekem"},"content":{"rendered":"<p>Model: NBX4343<br \/>\nHmotnost p\u0159ibli\u017en\u011b 0,84 g<\/p>\n<p>Naszyjnik Krzy\u017cyk<br \/>\nB\u00edl\u00e9 zlato 0,585.<\/p>\n<p>Wymiary 20.7&#215;12 mm.<br \/>\nSzeroko\u015b\u0107 0.6 mm.<\/p>\n<p>Nastaviteln\u00e1 d\u00e9lka 42 cm - 44 cm.<\/p>","protected":false},"excerpt":{"rendered":"<p>Minimalistick\u00fd n\u00e1hrdeln\u00edk z b\u00edl\u00e9ho zlata 0.585 s jemn\u00fdm motivem k\u0159\u00ed\u017ee je nad\u010dasov\u00fdm \u0161perkem pro ty, kdo oce\u0148uj\u00ed klasickou eleganci a symboliku. Jemn\u00fd \u0159et\u00edzek se dokonale snoub\u00ed s jednoduch\u00fdm z\u00e1\u0159iv\u00fdm k\u0159\u00ed\u017ekem a vytv\u00e1\u0159\u00ed harmonick\u00fd celek, kter\u00fd se bude skv\u011ble hodit jak pro ka\u017edodenn\u00ed no\u0161en\u00ed, tak pro zvl\u00e1\u0161tn\u00ed p\u0159\u00edle\u017eitosti. Tento jedine\u010dn\u00fd n\u00e1hrdeln\u00edk bude kr\u00e1sn\u00fdm a v\u00fdrazn\u00fdm dopl\u0148kem, kter\u00fd podtrhne individu\u00e1ln\u00ed styl a hodnoty.<\/p>","protected":false},"featured_media":18788,"comment_status":"closed","ping_status":"closed","template":"","meta":{"om_disable_all_campaigns":false},"product_brand":[2284],"product_cat":[719,2128,1930],"product_tag":[2308,4090,3754,3710,2603,2486,3778,2464,2378,4088,2332,4079,4089],"class_list":{"0":"post-14736","1":"product","2":"type-product","3":"status-publish","4":"has-post-thumbnail","6":"product_brand-staviori","7":"product_cat-naszyjniki","8":"product_cat-zlote-naszyjniki","9":"product_cat-zloto-2","10":"product_tag-biale-zloto","11":"product_tag-cross-pendant","12":"product_tag-darek","13":"product_tag-elegancja","14":"product_tag-klasyczna-bizuteria","15":"product_tag-krzyzyk","16":"product_tag-minimalist","17":"product_tag-minimalistyczny","18":"product_tag-naszyjnik","19":"product_tag-nbx4343","20":"product_tag-prezent","21":"product_tag-subtelny","22":"product_tag-white-gold-necklace","23":"pa_dostawca-iza","24":"pa_kolor-biale","25":"pa_kruszec-zloto","26":"pa_motyw-krzyzyk","27":"pa_proba-0-585","28":"pa_szerokosc-0-6mm","29":"pa_waga-084g","30":"pa_wymiary-20-7x12mm","32":"first","33":"instock","34":"purchasable","35":"product-type-simple"},"aioseo_notices":[],"_links":{"self":[{"href":"https:\/\/staviori.com.pl\/cs\/wp-json\/wp\/v2\/product\/14736","targetHints":{"allow":["GET"]}}],"collection":[{"href":"https:\/\/staviori.com.pl\/cs\/wp-json\/wp\/v2\/product"}],"about":[{"href":"https:\/\/staviori.com.pl\/cs\/wp-json\/wp\/v2\/types\/product"}],"replies":[{"embeddable":true,"href":"https:\/\/staviori.com.pl\/cs\/wp-json\/wp\/v2\/comments?post=14736"}],"wp:featuredmedia":[{"embeddable":true,"href":"https:\/\/staviori.com.pl\/cs\/wp-json\/wp\/v2\/media\/18788"}],"wp:attachment":[{"href":"https:\/\/staviori.com.pl\/cs\/wp-json\/wp\/v2\/media?parent=14736"}],"wp:term":[{"taxonomy":"product_brand","embeddable":true,"href":"https:\/\/staviori.com.pl\/cs\/wp-json\/wp\/v2\/product_brand?post=14736"},{"taxonomy":"product_cat","embeddable":true,"href":"https:\/\/staviori.com.pl\/cs\/wp-json\/wp\/v2\/product_cat?post=14736"},{"taxonomy":"product_tag","embeddable":true,"href":"https:\/\/staviori.com.pl\/cs\/wp-json\/wp\/v2\/product_tag?post=14736"}],"curies":[{"name":"wp","href":"https:\/\/api.w.org\/{rel}","templated":true}]}}