{"id":14733,"date":"2025-02-24T22:47:07","date_gmt":"2025-02-24T21:47:07","guid":{"rendered":"https:\/\/staviori.com.pl\/product\/naszyjnik-z-brylantami-nbd6263\/"},"modified":"2026-02-11T00:08:55","modified_gmt":"2026-02-10T23:08:55","slug":"naszyjnik-z-brylantami-nbd6263","status":"publish","type":"product","link":"https:\/\/staviori.com.pl\/cs\/product\/naszyjnik-z-brylantami-nbd6263\/","title":{"rendered":"N\u00e1hrdeln\u00edk z 18kar\u00e1tov\u00e9ho zlata s diamanty v kruhu"},"content":{"rendered":"<p>Model: NBD6263<br \/>\nWaga ok. 2,95g<\/p>\n<p>N\u00e1hrdeln\u00edk 42 cm.<br \/>\nBia\u0142e, \u017b\u00f3\u0142te lub R\u00f3\u017cowe Z\u0142oto 0,750.<br \/>\n20 Diament\u00f3w, szlif brylantowy, o masie ok. 0,88ct, barwa G-H, czysto\u015b\u0107 SI1-SI2.<\/p>\n<p>Pr\u016fm\u011br 16 mm.<\/p>\n<p>Produkt dost\u0119pny wy\u0142\u0105cznie na zam\u00f3wienie w dowolnym kolorze z\u0142ota, czas realizacji ok. 2 tygodnie.<\/p>","protected":false},"excerpt":{"rendered":"<p>Ol\u015bniewaj\u0105cy naszyjnik z 20 brylantami o \u0142\u0105cznej masie 0,88 ct, osadzonymi w okr\u0119gu z 18-karatowego z\u0142ota \u2013 do wyboru bia\u0142e, r\u00f3\u017cowe lub \u017c\u00f3\u0142te. Precyzyjne wykonanie i ponadczasowa forma sprawiaj\u0105, \u017ce ten naszyjnik idealnie podkre\u015bli wyj\u0105tkowo\u015b\u0107 ka\u017cdej stylizacji. L\u015bni\u0105ce diamenty nadaj\u0105 mu niepowtarzalny blask, przyci\u0105gaj\u0105c spojrzenia i dodaj\u0105c elegancji. Idealny wyb\u00f3r dla kobiet ceni\u0105cych klasyczn\u0105 bi\u017cuteri\u0119 w nowoczesnym wydaniu.<\/p>","protected":false},"featured_media":18842,"comment_status":"closed","ping_status":"closed","template":"","meta":{"om_disable_all_campaigns":false},"product_brand":[2284],"product_cat":[1803,1838,2120,719],"product_tag":[2311,2301,3710,3334,2378,4170,4174,2332,4171,4172,4173],"class_list":{"0":"post-14733","1":"product","2":"type-product","3":"status-publish","4":"has-post-thumbnail","6":"product_brand-staviori","7":"product_cat-brylanty-exclusive","8":"product_cat-diamenty","9":"product_cat-naszyjnik-z-brylantami","10":"product_cat-naszyjniki","11":"product_tag-bizuteria-luksusowa","12":"product_tag-brylanty","13":"product_tag-elegancja","14":"product_tag-klasyczny-styl","15":"product_tag-naszyjnik","16":"product_tag-nbd6263","17":"product_tag-okragly-naszyjnik","18":"product_tag-prezent","19":"product_tag-zloto-biale","20":"product_tag-zloto-rozowe","21":"product_tag-zloto-zolte","22":"pa_barwa-g-h","23":"pa_czystosc-si1","24":"pa_dostawca-pleasure-diamonds","25":"pa_kamien-brylanty","26":"pa_kolor-biale","27":"pa_kolor-rozowe","28":"pa_kolor-zolte","29":"pa_kruszec-zloto","30":"pa_proba-0-750","31":"pa_rozmiar-42cm","32":"pa_srednica-16mm","33":"pa_waga-2-95g","35":"first","36":"onbackorder","37":"purchasable","38":"product-type-simple"},"aioseo_notices":[],"_links":{"self":[{"href":"https:\/\/staviori.com.pl\/cs\/wp-json\/wp\/v2\/product\/14733","targetHints":{"allow":["GET"]}}],"collection":[{"href":"https:\/\/staviori.com.pl\/cs\/wp-json\/wp\/v2\/product"}],"about":[{"href":"https:\/\/staviori.com.pl\/cs\/wp-json\/wp\/v2\/types\/product"}],"replies":[{"embeddable":true,"href":"https:\/\/staviori.com.pl\/cs\/wp-json\/wp\/v2\/comments?post=14733"}],"wp:featuredmedia":[{"embeddable":true,"href":"https:\/\/staviori.com.pl\/cs\/wp-json\/wp\/v2\/media\/18842"}],"wp:attachment":[{"href":"https:\/\/staviori.com.pl\/cs\/wp-json\/wp\/v2\/media?parent=14733"}],"wp:term":[{"taxonomy":"product_brand","embeddable":true,"href":"https:\/\/staviori.com.pl\/cs\/wp-json\/wp\/v2\/product_brand?post=14733"},{"taxonomy":"product_cat","embeddable":true,"href":"https:\/\/staviori.com.pl\/cs\/wp-json\/wp\/v2\/product_cat?post=14733"},{"taxonomy":"product_tag","embeddable":true,"href":"https:\/\/staviori.com.pl\/cs\/wp-json\/wp\/v2\/product_tag?post=14733"}],"curies":[{"name":"wp","href":"https:\/\/api.w.org\/{rel}","templated":true}]}}