{"id":14731,"date":"2025-02-24T22:47:07","date_gmt":"2025-02-24T21:47:07","guid":{"rendered":"https:\/\/staviori.com.pl\/product\/naszyjnik-z-brylantami-nbd6103\/"},"modified":"2026-02-11T00:08:55","modified_gmt":"2026-02-10T23:08:55","slug":"naszyjnik-z-brylantami-nbd6103","status":"publish","type":"product","link":"https:\/\/staviori.com.pl\/cs\/product\/naszyjnik-z-brylantami-nbd6103\/","title":{"rendered":"N\u00e1hrdeln\u00edk z 18kar\u00e1tov\u00e9ho b\u00edl\u00e9ho zlata ve tvaru hv\u011bzdy s diamanty"},"content":{"rendered":"<p>Model: NBD6103<br \/>\nHmotnost p\u0159ibli\u017en\u011b 2,60 g<\/p>\n<p>N\u00e1hrdeln\u00edk 42 cm.<br \/>\nB\u00edl\u00e9 zlato 0,750.<br \/>\n17 Diament\u00f3w, szlif brylantowy, o masie 0,17ct, barwa G, czysto\u015b\u0107 VS1-SI2.<br \/>\nLze vyrobit v jin\u00e9 zlat\u00e9 barv\u011b.<\/p>\n<p>D\u0142ugo\u015b\u0107 11 mm.<br \/>\n\u0160\u00ed\u0159ka 7 mm.<\/p>\n<p>Produkt je k dispozici pouze na vy\u017e\u00e1d\u00e1n\u00ed, doba dod\u00e1n\u00ed cca 2 t\u00fddny.<\/p>","protected":false},"excerpt":{"rendered":"<p>Zjawiskowy naszyjnik z bia\u0142ego z\u0142ota pr\u00f3by 0,750, ozdobiony a\u017c 17 brylantami o \u0142\u0105cznej masie 0,17 ct, kt\u00f3re tworz\u0105 subtelny kwiatowy motyw. Elegancka kompozycja l\u015bni\u0105cych diament\u00f3w i szlachetnego z\u0142ota zachwyca precyzj\u0105 wykonania oraz ponadczasowym urokiem. To idealny wyb\u00f3r dla kobiet ceni\u0105cych delikatno\u015b\u0107 i luksus, zar\u00f3wno na co dzie\u0144, jak i na wyj\u0105tkowe okazje. Mo\u017cliwo\u015b\u0107 wykonania w innym kolorze z\u0142ota pozwala na personalizacj\u0119 bi\u017cuterii.<\/p>","protected":false},"featured_media":3566,"comment_status":"closed","ping_status":"closed","template":"","meta":{"om_disable_all_campaigns":false},"product_brand":[2284],"product_cat":[1803,1838,2120,719],"product_tag":[2308,2293,2301,4141,4142,4055,3710,4137,4138,4139,4136,3727,3764,2378,4135,2332,4140,3777],"class_list":{"0":"post-14731","1":"product","2":"type-product","3":"status-publish","4":"has-post-thumbnail","6":"product_brand-staviori","7":"product_cat-brylanty-exclusive","8":"product_cat-diamenty","9":"product_cat-naszyjnik-z-brylantami","10":"product_cat-naszyjniki","11":"product_tag-biale-zloto","12":"product_tag-bizuteria-na-zamowienie","13":"product_tag-brylanty","14":"product_tag-custom","15":"product_tag-delicate","16":"product_tag-diamond-necklace","17":"product_tag-elegancja","18":"product_tag-floral","19":"product_tag-flower","20":"product_tag-jewelry","21":"product_tag-kwiat","22":"product_tag-luksus","23":"product_tag-luxury","24":"product_tag-naszyjnik","25":"product_tag-nbd6103","26":"product_tag-prezent","27":"product_tag-wedding","28":"product_tag-white-gold","29":"pa_barwa-g-2","30":"pa_czystosc-vs1","31":"pa_dlugosc-11mm","32":"pa_dostawca-hosgor","33":"pa_kamien-brylanty","34":"pa_kolor-biale","35":"pa_kruszec-zloto","36":"pa_motyw-gwiazda","37":"pa_proba-0-750","38":"pa_rozmiar-42cm","39":"pa_szerokosc-7mm","40":"pa_waga-2-60g","42":"first","43":"onbackorder","44":"purchasable","45":"product-type-simple"},"aioseo_notices":[],"_links":{"self":[{"href":"https:\/\/staviori.com.pl\/cs\/wp-json\/wp\/v2\/product\/14731","targetHints":{"allow":["GET"]}}],"collection":[{"href":"https:\/\/staviori.com.pl\/cs\/wp-json\/wp\/v2\/product"}],"about":[{"href":"https:\/\/staviori.com.pl\/cs\/wp-json\/wp\/v2\/types\/product"}],"replies":[{"embeddable":true,"href":"https:\/\/staviori.com.pl\/cs\/wp-json\/wp\/v2\/comments?post=14731"}],"wp:featuredmedia":[{"embeddable":true,"href":"https:\/\/staviori.com.pl\/cs\/wp-json\/wp\/v2\/media\/3566"}],"wp:attachment":[{"href":"https:\/\/staviori.com.pl\/cs\/wp-json\/wp\/v2\/media?parent=14731"}],"wp:term":[{"taxonomy":"product_brand","embeddable":true,"href":"https:\/\/staviori.com.pl\/cs\/wp-json\/wp\/v2\/product_brand?post=14731"},{"taxonomy":"product_cat","embeddable":true,"href":"https:\/\/staviori.com.pl\/cs\/wp-json\/wp\/v2\/product_cat?post=14731"},{"taxonomy":"product_tag","embeddable":true,"href":"https:\/\/staviori.com.pl\/cs\/wp-json\/wp\/v2\/product_tag?post=14731"}],"curies":[{"name":"wp","href":"https:\/\/api.w.org\/{rel}","templated":true}]}}