{"id":14729,"date":"2025-02-24T22:47:07","date_gmt":"2025-02-24T21:47:07","guid":{"rendered":"https:\/\/staviori.com.pl\/product\/naszyjnik-z-brylantami-nbd6090s\/"},"modified":"2026-02-11T00:08:55","modified_gmt":"2026-02-10T23:08:55","slug":"naszyjnik-z-brylantami-nbd6090s","status":"publish","type":"product","link":"https:\/\/staviori.com.pl\/cs\/product\/naszyjnik-z-brylantami-nbd6090s\/","title":{"rendered":"N\u00e1hrdeln\u00edk ve tvaru slzy se saf\u00edrem a diamanty"},"content":{"rendered":"<p>Model: NBD6090S<br \/>\nHmotnost p\u0159ibli\u017en\u011b 1,50 g<\/p>\n<p>N\u00e1hrdeln\u00edk 42 cm.<br \/>\nB\u00edl\u00e9 zlato 0,750.<\/p>\n<p>18 Diament\u00f3w, szlif brylantowy, o masie 0,04ct, barwa G, czysto\u015b\u0107 VS1-SI2.<br \/>\n1 Szafir, o masie 0,15ct.<\/p>\n<p>Lze vyrobit v jin\u00e9 zlat\u00e9 barv\u011b.<br \/>\nWymiary 5&#215;7 mm.<\/p>","protected":false},"excerpt":{"rendered":"<p>Elegancki naszyjnik z bia\u0142ego z\u0142ota pr\u00f3by 0,750, kt\u00f3rego sercem jest pi\u0119kny szafir o masie 0,15 ct w kszta\u0142cie \u0142ezki, otoczony 18 l\u015bni\u0105cymi diamentami. Harmonijne po\u0142\u0105czenie g\u0142\u0119bokiego granatu szafiru i blasku diament\u00f3w nadaje bi\u017cuterii wyj\u0105tkowy, luksusowy charakter. Ten subtelny naszyjnik idealnie sprawdzi si\u0119 zar\u00f3wno na co dzie\u0144, jak i na specjalne okazje. Istnieje mo\u017cliwo\u015b\u0107 wykonania w innym kolorze z\u0142ota.<\/p>","protected":false},"featured_media":3556,"comment_status":"closed","ping_status":"closed","template":"","meta":{"om_disable_all_campaigns":false},"product_brand":[2284],"product_cat":[1838,2120,719],"product_tag":[2337,2308,2880,2301,2296,4126,3710,4149,4139,3717,4157,3727,2378,4156,4159,4154,4153,4158,3777],"class_list":{"0":"post-14729","1":"product","2":"type-product","3":"status-publish","4":"has-post-thumbnail","6":"product_brand-staviori","7":"product_cat-diamenty","8":"product_cat-naszyjnik-z-brylantami","9":"product_cat-naszyjniki","10":"product_tag-2337","11":"product_tag-biale-zloto","12":"product_tag-bizuteria-na-prezent","13":"product_tag-brylanty","14":"product_tag-diamenty","15":"product_tag-diamond","16":"product_tag-elegancja","17":"product_tag-fine-jewelry","18":"product_tag-jewelry","19":"product_tag-klasyka","20":"product_tag-lezka","21":"product_tag-luksus","22":"product_tag-naszyjnik","23":"product_tag-nbd6090s","24":"product_tag-pear-shape","25":"product_tag-sapphire","26":"product_tag-szafir","27":"product_tag-tear","28":"product_tag-white-gold","29":"pa_barwa-g-2","30":"pa_czystosc-vs1","31":"pa_dostawca-hosgor","32":"pa_kamien-brylanty","33":"pa_kamien-szafir","34":"pa_kolor-biale","35":"pa_kruszec-zloto","36":"pa_proba-0-750","37":"pa_rozmiar-42cm","38":"pa_waga-1-50g","39":"pa_wymiary-5x7mm","41":"first","42":"instock","43":"purchasable","44":"product-type-simple"},"aioseo_notices":[],"_links":{"self":[{"href":"https:\/\/staviori.com.pl\/cs\/wp-json\/wp\/v2\/product\/14729","targetHints":{"allow":["GET"]}}],"collection":[{"href":"https:\/\/staviori.com.pl\/cs\/wp-json\/wp\/v2\/product"}],"about":[{"href":"https:\/\/staviori.com.pl\/cs\/wp-json\/wp\/v2\/types\/product"}],"replies":[{"embeddable":true,"href":"https:\/\/staviori.com.pl\/cs\/wp-json\/wp\/v2\/comments?post=14729"}],"wp:featuredmedia":[{"embeddable":true,"href":"https:\/\/staviori.com.pl\/cs\/wp-json\/wp\/v2\/media\/3556"}],"wp:attachment":[{"href":"https:\/\/staviori.com.pl\/cs\/wp-json\/wp\/v2\/media?parent=14729"}],"wp:term":[{"taxonomy":"product_brand","embeddable":true,"href":"https:\/\/staviori.com.pl\/cs\/wp-json\/wp\/v2\/product_brand?post=14729"},{"taxonomy":"product_cat","embeddable":true,"href":"https:\/\/staviori.com.pl\/cs\/wp-json\/wp\/v2\/product_cat?post=14729"},{"taxonomy":"product_tag","embeddable":true,"href":"https:\/\/staviori.com.pl\/cs\/wp-json\/wp\/v2\/product_tag?post=14729"}],"curies":[{"name":"wp","href":"https:\/\/api.w.org\/{rel}","templated":true}]}}