{"id":14727,"date":"2025-02-24T22:47:07","date_gmt":"2025-02-24T21:47:07","guid":{"rendered":"https:\/\/staviori.com.pl\/product\/naszyjnik-z-brylantami-nbd6000e\/"},"modified":"2026-02-11T00:08:55","modified_gmt":"2026-02-10T23:08:55","slug":"naszyjnik-z-brylantami-nbd6000e","status":"publish","type":"product","link":"https:\/\/staviori.com.pl\/cs\/product\/naszyjnik-z-brylantami-nbd6000e\/","title":{"rendered":"N\u00e1hrdeln\u00edk se smaragdem a diamanty"},"content":{"rendered":"<p>Model: NBD6000E<br \/>\nWaga ok. 1,59g<\/p>\n<p>N\u00e1hrdeln\u00edk 42 cm.<br \/>\nB\u00edl\u00e9 zlato 0,750.<br \/>\n22 Diamenty, szlif brylantowy, o masie 0,04ct., barwa G, czysto\u015b\u0107 VS2-SI1.<br \/>\n1 Szmaragd, o masie 0,37ct.<\/p>\n<p>D\u00e9lka 8 mm.<br \/>\n\u0160\u00ed\u0159ka 6 mm.<\/p>\n<p>Produkt je k dispozici pouze na vy\u017e\u00e1d\u00e1n\u00ed, doba dod\u00e1n\u00ed cca 2 t\u00fddny.<\/p>\n<p>N\u00e1dhern\u00fd n\u00e1hrdeln\u00edk se smaragdem obklopen\u00fdm diamanty.<br \/>\nK dispozici v b\u00edl\u00e9m, \u017elut\u00e9m nebo r\u016f\u017eov\u00e9m zlat\u011b.<\/p>","protected":false},"excerpt":{"rendered":"<p>Zachwycaj\u0105cy naszyjnik z bia\u0142ego z\u0142ota pr\u00f3by 0,750 z centralnie osadzonym szmaragdem o masie 0,37 ct, otoczonym 22 l\u015bni\u0105cymi brylantami. Klasyczna forma w po\u0142\u0105czeniu z intensywn\u0105 zieleni\u0105 szmaragdu i blaskiem diament\u00f3w tworzy bi\u017cuteri\u0119 pe\u0142n\u0105 wyrafinowanego uroku. To doskona\u0142y wyb\u00f3r dla kobiet ceni\u0105cych luksus i elegancj\u0119. Model dost\u0119pny r\u00f3wnie\u017c w \u017c\u00f3\u0142tym i r\u00f3\u017cowym z\u0142ocie, co pozwala na idealne dopasowanie do Twojego stylu.<\/p>","protected":false},"featured_media":3547,"comment_status":"closed","ping_status":"closed","template":"","meta":{"om_disable_all_campaigns":false},"product_brand":[2284],"product_cat":[1803,1838,2120,719],"product_tag":[2308,2293,2301,4126,3710,4148,4149,3717,4150,3727,2280,2378,4146,2332,4147,3777,4151],"class_list":{"0":"post-14727","1":"product","2":"type-product","3":"status-publish","4":"has-post-thumbnail","6":"product_brand-staviori","7":"product_cat-brylanty-exclusive","8":"product_cat-diamenty","9":"product_cat-naszyjnik-z-brylantami","10":"product_cat-naszyjniki","11":"product_tag-biale-zloto","12":"product_tag-bizuteria-na-zamowienie","13":"product_tag-brylanty","14":"product_tag-diamond","15":"product_tag-elegancja","16":"product_tag-emerald","17":"product_tag-fine-jewelry","18":"product_tag-klasyka","19":"product_tag-kobieta","20":"product_tag-luksus","21":"product_tag-luksusowa-bizuteria","22":"product_tag-naszyjnik","23":"product_tag-nbd6000e","24":"product_tag-prezent","25":"product_tag-szmaragd","26":"product_tag-white-gold","27":"product_tag-wieczorowa","28":"pa_barwa-g-2","29":"pa_czystosc-vs2","30":"pa_dlugosc-8mm","31":"pa_dostawca-hosgor","32":"pa_kamien-brylanty","33":"pa_kamien-szmaragd","34":"pa_kolor-biale","35":"pa_kruszec-zloto","36":"pa_proba-0-750","37":"pa_rozmiar-42cm","38":"pa_szerokosc-6mm","39":"pa_waga-1-59g","41":"first","42":"onbackorder","43":"purchasable","44":"product-type-simple"},"aioseo_notices":[],"_links":{"self":[{"href":"https:\/\/staviori.com.pl\/cs\/wp-json\/wp\/v2\/product\/14727","targetHints":{"allow":["GET"]}}],"collection":[{"href":"https:\/\/staviori.com.pl\/cs\/wp-json\/wp\/v2\/product"}],"about":[{"href":"https:\/\/staviori.com.pl\/cs\/wp-json\/wp\/v2\/types\/product"}],"replies":[{"embeddable":true,"href":"https:\/\/staviori.com.pl\/cs\/wp-json\/wp\/v2\/comments?post=14727"}],"wp:featuredmedia":[{"embeddable":true,"href":"https:\/\/staviori.com.pl\/cs\/wp-json\/wp\/v2\/media\/3547"}],"wp:attachment":[{"href":"https:\/\/staviori.com.pl\/cs\/wp-json\/wp\/v2\/media?parent=14727"}],"wp:term":[{"taxonomy":"product_brand","embeddable":true,"href":"https:\/\/staviori.com.pl\/cs\/wp-json\/wp\/v2\/product_brand?post=14727"},{"taxonomy":"product_cat","embeddable":true,"href":"https:\/\/staviori.com.pl\/cs\/wp-json\/wp\/v2\/product_cat?post=14727"},{"taxonomy":"product_tag","embeddable":true,"href":"https:\/\/staviori.com.pl\/cs\/wp-json\/wp\/v2\/product_tag?post=14727"}],"curies":[{"name":"wp","href":"https:\/\/api.w.org\/{rel}","templated":true}]}}