{"id":14726,"date":"2025-02-24T22:47:07","date_gmt":"2025-02-24T21:47:07","guid":{"rendered":"https:\/\/staviori.com.pl\/product\/naszyjnik-z-brylantami-nbd4750\/"},"modified":"2026-02-11T00:08:55","modified_gmt":"2026-02-10T23:08:55","slug":"naszyjnik-z-brylantami-nbd4750","status":"publish","type":"product","link":"https:\/\/staviori.com.pl\/cs\/product\/naszyjnik-z-brylantami-nbd4750\/","title":{"rendered":"N\u00e1hrdeln\u00edk pro celebrity s 0,15ct diamantem"},"content":{"rendered":"<p>Model: NBD4750<br \/>\nWaga ok. 0,80g<\/p>\n<p>Naszyjnik 43 cm.<br \/>\nB\u00edl\u00e9 zlato 0,585.<br \/>\n1 Diament, szlif brylantowy, o masie 0,15ct, barwa H, czysto\u015b\u0107 SI1-SI2.<\/p>\n<p>\u015arednica 4.93 mm.<br \/>\nGrubo\u015b\u0107 3.50 mm.<\/p>\n<p>Mo\u017cliwo\u015b\u0107 regulacji d\u0142ugo\u015bci 40cm lub 43cm.<\/p>","protected":false},"excerpt":{"rendered":"<p>Klasyczny naszyjnik z bia\u0142ego z\u0142ota pr\u00f3by 0,585 z ol\u015bniewaj\u0105cym brylantem o masie 0,15 ct. Minimalistyczna oprawa pi\u0119knie podkre\u015bla blask kamienia, tworz\u0105c wyj\u0105tkowo eleganck\u0105 i ponadczasow\u0105 kompozycj\u0119. To doskona\u0142a propozycja dla mi\u0142o\u015bniczek subtelnej, codziennej bi\u017cuterii z nut\u0105 luksusu. Regulowana d\u0142ugo\u015b\u0107 \u0142a\u0144cuszka pozwala idealnie dopasowa\u0107 naszyjnik do ka\u017cdej stylizacji.<\/p>","protected":false},"featured_media":3534,"comment_status":"closed","ping_status":"closed","template":"","meta":{"om_disable_all_campaigns":false},"product_brand":[2284],"product_cat":[1838,6752,2120,719],"product_tag":[4124,2308,4123,3722,4055,3710,4144,3717,3727,2464,2378,4145,2332,4143,3777],"class_list":{"0":"post-14726","1":"product","2":"type-product","3":"status-publish","4":"has-post-thumbnail","6":"product_brand-staviori","7":"product_cat-diamenty","8":"product_cat-kolekcja-staviori-must-have","9":"product_cat-naszyjnik-z-brylantami","10":"product_cat-naszyjniki","11":"product_tag-14k-gold","12":"product_tag-biale-zloto","13":"product_tag-brylant","14":"product_tag-diament","15":"product_tag-diamond-necklace","16":"product_tag-elegancja","17":"product_tag-everyday-jewelry","18":"product_tag-klasyka","19":"product_tag-luksus","20":"product_tag-minimalistyczny","21":"product_tag-naszyjnik","22":"product_tag-nbd4750","23":"product_tag-prezent","24":"product_tag-timeless","25":"product_tag-white-gold","26":"pa_barwa-h-2","27":"pa_czystosc-si1","28":"pa_dostawca-iza","29":"pa_grubosc-3-50mm","30":"pa_kamien-brylant","31":"pa_kolor-biale","32":"pa_kruszec-zloto","33":"pa_masa-karatowa-015ct","34":"pa_proba-0-585","35":"pa_rozmiar-43cm","36":"pa_srednica-4-93mm","37":"pa_waga-0-80g","39":"first","40":"instock","41":"purchasable","42":"product-type-simple"},"aioseo_notices":[],"_links":{"self":[{"href":"https:\/\/staviori.com.pl\/cs\/wp-json\/wp\/v2\/product\/14726","targetHints":{"allow":["GET"]}}],"collection":[{"href":"https:\/\/staviori.com.pl\/cs\/wp-json\/wp\/v2\/product"}],"about":[{"href":"https:\/\/staviori.com.pl\/cs\/wp-json\/wp\/v2\/types\/product"}],"replies":[{"embeddable":true,"href":"https:\/\/staviori.com.pl\/cs\/wp-json\/wp\/v2\/comments?post=14726"}],"wp:featuredmedia":[{"embeddable":true,"href":"https:\/\/staviori.com.pl\/cs\/wp-json\/wp\/v2\/media\/3534"}],"wp:attachment":[{"href":"https:\/\/staviori.com.pl\/cs\/wp-json\/wp\/v2\/media?parent=14726"}],"wp:term":[{"taxonomy":"product_brand","embeddable":true,"href":"https:\/\/staviori.com.pl\/cs\/wp-json\/wp\/v2\/product_brand?post=14726"},{"taxonomy":"product_cat","embeddable":true,"href":"https:\/\/staviori.com.pl\/cs\/wp-json\/wp\/v2\/product_cat?post=14726"},{"taxonomy":"product_tag","embeddable":true,"href":"https:\/\/staviori.com.pl\/cs\/wp-json\/wp\/v2\/product_tag?post=14726"}],"curies":[{"name":"wp","href":"https:\/\/api.w.org\/{rel}","templated":true}]}}