{"id":14724,"date":"2025-02-24T22:47:03","date_gmt":"2025-02-24T21:47:03","guid":{"rendered":"https:\/\/staviori.com.pl\/product\/bizuteria-inwestycyjna-naszyjnik-nbd4000\/"},"modified":"2026-02-11T00:08:55","modified_gmt":"2026-02-10T23:08:55","slug":"bizuteria-inwestycyjna-naszyjnik-nbd4000","status":"publish","type":"product","link":"https:\/\/staviori.com.pl\/cs\/product\/bizuteria-inwestycyjna-naszyjnik-nbd4000\/","title":{"rendered":"Exkluzivn\u00ed | vzne\u0161en\u00fd n\u00e1hrdeln\u00edk z r\u016f\u017e\u00ed a diamant\u016f"},"content":{"rendered":"<p>Model: DDN0689<br \/>\nHmotnost p\u0159ibli\u017en\u011b 60,74 g<\/p>\n<p>N\u00e1hrdeln\u00edk 42 cm.<br \/>\nB\u00edl\u00e9 zlato 0,750.<br \/>\n1236 diamant\u016f, briliantov\u00fd brus, hmotnost 6,46 ct, barva G-H, \u010distota SI1.<\/p>\n<p>Pr\u016fm\u011br 13-16,5 mm.<br \/>\nTlou\u0161\u0165ka 5,3-4,2 mm.<\/p>\n<p><strong>Produkt je k dispozici pouze na vy\u017e\u00e1d\u00e1n\u00ed, doba dod\u00e1n\u00ed cca 5 t\u00fddn\u016f.<\/strong><\/p>","protected":false},"excerpt":{"rendered":"<p>Velkolep\u00fd n\u00e1hrdeln\u00edk z b\u00edl\u00e9ho zlata 0.750, slo\u017eit\u011b zdoben\u00fd motivy r\u016f\u017e\u00ed, os\u00e1zen\u00fd a\u017e 1236 diamanty o celkov\u00e9 hmotnosti 6,46 ct. Jedn\u00e1 se o skute\u010dn\u00e9 \u0161perka\u0159sk\u00e9 um\u011bleck\u00e9 d\u00edlo, kter\u00e9 pot\u011b\u0161\u00ed bohatost\u00ed detail\u016f a mimo\u0159\u00e1dn\u00fdm leskem. Ka\u017ed\u00e1 r\u016f\u017ee byla precizn\u011b zpracov\u00e1na, co\u017e podtrhuje luxusn\u00ed charakter \u0161perku. Tento n\u00e1hrdeln\u00edk dokonale dopln\u00ed elegantn\u00ed styling pro zvl\u00e1\u0161tn\u00ed p\u0159\u00edle\u017eitosti a podtrhne vyt\u0159\u00edben\u00fd styl a t\u0159\u00eddu sv\u00e9 majitelky.<\/p>","protected":false},"featured_media":18783,"comment_status":"closed","ping_status":"closed","template":"","meta":{"om_disable_all_campaigns":false},"product_brand":[2284],"product_cat":[1803,6895,719],"product_tag":[2308,4085,2296,4082,3710,4083,3727,2378,4080,4081,4084],"class_list":{"0":"post-14724","1":"product","2":"type-product","3":"status-publish","4":"has-post-thumbnail","6":"product_brand-staviori","7":"product_cat-brylanty-exclusive","8":"product_cat-naszyjnik","9":"product_cat-naszyjniki","10":"product_tag-biale-zloto","11":"product_tag-ddn0689","12":"product_tag-diamenty","13":"product_tag-ekskluzywny","14":"product_tag-elegancja","15":"product_tag-jubilerskie-dzielo","16":"product_tag-luksus","17":"product_tag-naszyjnik","18":"product_tag-nbd4000","19":"product_tag-roze","20":"product_tag-wyjatkowy-prezent","21":"pa_barwa-g-h","22":"pa_czystosc-si1","23":"pa_dostawca-draco","24":"pa_grubosc-5-3-4-2mm","25":"pa_kamien-brylanty","26":"pa_kolor-biale","27":"pa_kruszec-zloto","28":"pa_proba-0-750","29":"pa_srednica-13-16-5mm","30":"pa_waga-60-74g","32":"first","33":"onbackorder","34":"purchasable","35":"product-type-simple"},"aioseo_notices":[],"_links":{"self":[{"href":"https:\/\/staviori.com.pl\/cs\/wp-json\/wp\/v2\/product\/14724","targetHints":{"allow":["GET"]}}],"collection":[{"href":"https:\/\/staviori.com.pl\/cs\/wp-json\/wp\/v2\/product"}],"about":[{"href":"https:\/\/staviori.com.pl\/cs\/wp-json\/wp\/v2\/types\/product"}],"replies":[{"embeddable":true,"href":"https:\/\/staviori.com.pl\/cs\/wp-json\/wp\/v2\/comments?post=14724"}],"wp:featuredmedia":[{"embeddable":true,"href":"https:\/\/staviori.com.pl\/cs\/wp-json\/wp\/v2\/media\/18783"}],"wp:attachment":[{"href":"https:\/\/staviori.com.pl\/cs\/wp-json\/wp\/v2\/media?parent=14724"}],"wp:term":[{"taxonomy":"product_brand","embeddable":true,"href":"https:\/\/staviori.com.pl\/cs\/wp-json\/wp\/v2\/product_brand?post=14724"},{"taxonomy":"product_cat","embeddable":true,"href":"https:\/\/staviori.com.pl\/cs\/wp-json\/wp\/v2\/product_cat?post=14724"},{"taxonomy":"product_tag","embeddable":true,"href":"https:\/\/staviori.com.pl\/cs\/wp-json\/wp\/v2\/product_tag?post=14724"}],"curies":[{"name":"wp","href":"https:\/\/api.w.org\/{rel}","templated":true}]}}