{"id":14723,"date":"2025-02-24T22:47:03","date_gmt":"2025-02-24T21:47:03","guid":{"rendered":"https:\/\/staviori.com.pl\/product\/bizuteria-inwestycyjna-naszyjnik-nbd3999\/"},"modified":"2026-02-11T00:08:55","modified_gmt":"2026-02-10T23:08:55","slug":"bizuteria-inwestycyjna-naszyjnik-nbd3999","status":"publish","type":"product","link":"https:\/\/staviori.com.pl\/cs\/product\/bizuteria-inwestycyjna-naszyjnik-nbd3999\/","title":{"rendered":"Exkluzivn\u00ed | tenisov\u00fd n\u00e1hrdeln\u00edk s n\u00e1dhern\u00fdmi diamanty"},"content":{"rendered":"<p>Model: DDN0871<br \/>\nHmotnost p\u0159ibli\u017en\u011b 11,24 g<\/p>\n<p>N\u00e1hrdeln\u00edk 42 cm.<br \/>\nB\u00edl\u00e9 zlato 0,750.<br \/>\n202 diamant\u016f, briliantov\u00fd brus, hmotnost cca 4,93ct, barva G-H, \u010distota SI1.<\/p>\n<p>\u0160\u00ed\u0159ka 2,6 mm.<br \/>\nTlou\u0161\u0165ka 2,2 mm.<\/p>\n<p><strong>Produkt je k dispozici pouze na vy\u017e\u00e1d\u00e1n\u00ed, doba dod\u00e1n\u00ed cca 5 t\u00fddn\u016f.<\/strong><br \/>\n<strong>Zlat\u00e1 barva podle va\u0161eho v\u00fdb\u011bru.<\/strong><\/p>","protected":false},"excerpt":{"rendered":"<p>Klasick\u00fd a mimo\u0159\u00e1dn\u011b elegantn\u00ed tenisov\u00fd n\u00e1hrdeln\u00edk DDN0871 z b\u00edl\u00e9ho zlata o ryzosti 0,750 zaujme sv\u00fdm nad\u010dasov\u00fdm designem a leskem 202 diamant\u016f o celkov\u00e9 hmotnosti 4,93 ct. Ka\u017ed\u00fd diamant byl pe\u010dliv\u011b zasazen a vytv\u00e1\u0159\u00ed dokonalou, jednolitou \u0159adu, kter\u00e1 kr\u00e1sn\u011b sed\u00ed na krku. Tento jedine\u010dn\u00fd n\u00e1hrdeln\u00edk je kvintesenc\u00ed luxusu a dokonalou volbou pro \u017eeny, kter\u00e9 ocen\u00ed decentn\u00ed, a p\u0159esto sofistikovan\u00fd \u0161perk.<\/p>","protected":false},"featured_media":3520,"comment_status":"closed","ping_status":"closed","template":"","meta":{"om_disable_all_campaigns":false},"product_brand":[2284],"product_cat":[1803,6895,719],"product_tag":[2308,2301,4050,2296,4055,2317,4053,2280,3747,2378,4051,2332,4052,4054],"class_list":{"0":"post-14723","1":"product","2":"type-product","3":"status-publish","4":"has-post-thumbnail","6":"product_brand-staviori","7":"product_cat-brylanty-exclusive","8":"product_cat-naszyjnik","9":"product_cat-naszyjniki","10":"product_tag-biale-zloto","11":"product_tag-brylanty","12":"product_tag-ddn0871","13":"product_tag-diamenty","14":"product_tag-diamond-necklace","15":"product_tag-elegancka-bizuteria","16":"product_tag-jubiler","17":"product_tag-luksusowa-bizuteria","18":"product_tag-luxury-jewelry","19":"product_tag-naszyjnik","20":"product_tag-nbd3999","21":"product_tag-prezent","22":"product_tag-tennis","23":"product_tag-tennis-necklace","24":"pa_barwa-g-h","25":"pa_czystosc-si1","26":"pa_dostawca-draco","27":"pa_grubosc-2-2mm","28":"pa_kamien-brylanty","29":"pa_kolor-biale","30":"pa_kruszec-zloto","31":"pa_proba-0-750","32":"pa_szerokosc-2-6mm","33":"pa_waga-11-24g","35":"first","36":"onbackorder","37":"purchasable","38":"product-type-simple"},"aioseo_notices":[],"_links":{"self":[{"href":"https:\/\/staviori.com.pl\/cs\/wp-json\/wp\/v2\/product\/14723","targetHints":{"allow":["GET"]}}],"collection":[{"href":"https:\/\/staviori.com.pl\/cs\/wp-json\/wp\/v2\/product"}],"about":[{"href":"https:\/\/staviori.com.pl\/cs\/wp-json\/wp\/v2\/types\/product"}],"replies":[{"embeddable":true,"href":"https:\/\/staviori.com.pl\/cs\/wp-json\/wp\/v2\/comments?post=14723"}],"wp:featuredmedia":[{"embeddable":true,"href":"https:\/\/staviori.com.pl\/cs\/wp-json\/wp\/v2\/media\/3520"}],"wp:attachment":[{"href":"https:\/\/staviori.com.pl\/cs\/wp-json\/wp\/v2\/media?parent=14723"}],"wp:term":[{"taxonomy":"product_brand","embeddable":true,"href":"https:\/\/staviori.com.pl\/cs\/wp-json\/wp\/v2\/product_brand?post=14723"},{"taxonomy":"product_cat","embeddable":true,"href":"https:\/\/staviori.com.pl\/cs\/wp-json\/wp\/v2\/product_cat?post=14723"},{"taxonomy":"product_tag","embeddable":true,"href":"https:\/\/staviori.com.pl\/cs\/wp-json\/wp\/v2\/product_tag?post=14723"}],"curies":[{"name":"wp","href":"https:\/\/api.w.org\/{rel}","templated":true}]}}