{"id":14722,"date":"2025-02-24T22:47:03","date_gmt":"2025-02-24T21:47:03","guid":{"rendered":"https:\/\/staviori.com.pl\/product\/bizuteria-inwestycyjna-naszyjnik-nbd3997\/"},"modified":"2026-02-11T00:08:55","modified_gmt":"2026-02-10T23:08:55","slug":"bizuteria-inwestycyjna-naszyjnik-nbd3997","status":"publish","type":"product","link":"https:\/\/staviori.com.pl\/cs\/product\/bizuteria-inwestycyjna-naszyjnik-nbd3997\/","title":{"rendered":"Exkluzivn\u011b | Neobvykl\u00fd n\u00e1hrdeln\u00edk s mo\u0159skou perlou a diamanty"},"content":{"rendered":"<p>Model: DSN0889<br \/>\nWaga ok. 7,90g<\/p>\n<p>N\u00e1hrdeln\u00edk 45 cm.<br \/>\nB\u00edl\u00e9 zlato 0,750.<br \/>\n121 Diament\u00f3w, szlif brylantowy, o masie ok. 1,16ct, barwa G-H, czysto\u015b\u0107 SI1.<br \/>\nPer\u0142a Morska Naturalna.<\/p>\n<p>\u015arednica 12 mm.<br \/>\nD\u0142ugo\u015b\u0107 58 mm.<\/p>\n<p>Na \u0142a\u0144cuszku r\u00f3wnie\u017c znajduj\u0105 sie brylanty.<br \/>\n<strong><br \/>\nProdukt je k dispozici pouze na vy\u017e\u00e1d\u00e1n\u00ed, doba dod\u00e1n\u00ed cca 5 t\u00fddn\u016f.<\/strong><\/p>","protected":false},"excerpt":{"rendered":"<p>Wyj\u0105tkowy naszyjnik z bia\u0142ego z\u0142ota pr\u00f3by 0,750, ozdobiony a\u017c 121 diamentami o \u0142\u0105cznej masie 1,16 ct, kt\u00f3re ol\u015bniewaj\u0105 blaskiem i luksusem. Centralnym punktem tej bi\u017cuterii jest imponuj\u0105ca, naturalna per\u0142a morska o \u015brednicy 12 mm, kt\u00f3ra nadaje kompozycji niepowtarzalnego charakteru i elegancji. Delikatny \u0142a\u0144cuszek z dodatkowymi brylantami podkre\u015bla presti\u017c ca\u0142o\u015bci i sprawia, \u017ce naszyjnik idealnie prezentuje si\u0119 na dekolcie. To doskona\u0142y wyb\u00f3r dla kobiet, kt\u00f3re ceni\u0105 klasyk\u0119 w nowoczesnym wydaniu i chc\u0105 ol\u015bniewa\u0107 niepowtarzalnym stylem.<\/p>","protected":false},"featured_media":18757,"comment_status":"closed","ping_status":"closed","template":"","meta":{"om_disable_all_campaigns":false},"product_brand":[2284],"product_cat":[1803,6895,719],"product_tag":[2308,3781,2541,3793,4062,2301,4066,3754,2296,3745,4056,3755,3710,3748,2280,3747,3753,4064,4067,4065,2378,4057,4061,4060,2332,4063,3777,3833],"class_list":{"0":"post-14722","1":"product","2":"type-product","3":"status-publish","4":"has-post-thumbnail","6":"product_brand-staviori","7":"product_cat-brylanty-exclusive","8":"product_cat-naszyjnik","9":"product_cat-naszyjniki","10":"product_tag-biale-zloto","11":"product_tag-bile-zlato","12":"product_tag-bizuteria-damska","13":"product_tag-brilianty","14":"product_tag-brilliant-cut","15":"product_tag-brylanty","16":"product_tag-damska-bizuterie","17":"product_tag-darek","18":"product_tag-diamenty","19":"product_tag-diamonds","20":"product_tag-dsn0889","21":"product_tag-elegance","22":"product_tag-elegancja","23":"product_tag-gift","24":"product_tag-luksusowa-bizuteria","25":"product_tag-luxury-jewelry","26":"product_tag-luxusni-sperky","27":"product_tag-modern-classic-nahrdelnik","28":"product_tag-moderni-klasika","29":"product_tag-morska-perla","30":"product_tag-naszyjnik","31":"product_tag-nbd3997","32":"product_tag-nowoczesna-klasyka-necklace","33":"product_tag-perla-morska","34":"product_tag-prezent","35":"product_tag-sea-pearl","36":"product_tag-white-gold","37":"product_tag-womens-jewelry","38":"pa_barwa-g-h","39":"pa_czystosc-si1","40":"pa_dlugosc-58mm","41":"pa_dostawca-draco","42":"pa_kamien-brylanty","43":"pa_kamien-perla-morska-naturalna","44":"pa_kolor-biale","45":"pa_kruszec-zloto","46":"pa_proba-0-750","47":"pa_srednica-12mm","48":"pa_waga-790g","50":"first","51":"onbackorder","52":"purchasable","53":"product-type-simple"},"aioseo_notices":[],"_links":{"self":[{"href":"https:\/\/staviori.com.pl\/cs\/wp-json\/wp\/v2\/product\/14722","targetHints":{"allow":["GET"]}}],"collection":[{"href":"https:\/\/staviori.com.pl\/cs\/wp-json\/wp\/v2\/product"}],"about":[{"href":"https:\/\/staviori.com.pl\/cs\/wp-json\/wp\/v2\/types\/product"}],"replies":[{"embeddable":true,"href":"https:\/\/staviori.com.pl\/cs\/wp-json\/wp\/v2\/comments?post=14722"}],"wp:featuredmedia":[{"embeddable":true,"href":"https:\/\/staviori.com.pl\/cs\/wp-json\/wp\/v2\/media\/18757"}],"wp:attachment":[{"href":"https:\/\/staviori.com.pl\/cs\/wp-json\/wp\/v2\/media?parent=14722"}],"wp:term":[{"taxonomy":"product_brand","embeddable":true,"href":"https:\/\/staviori.com.pl\/cs\/wp-json\/wp\/v2\/product_brand?post=14722"},{"taxonomy":"product_cat","embeddable":true,"href":"https:\/\/staviori.com.pl\/cs\/wp-json\/wp\/v2\/product_cat?post=14722"},{"taxonomy":"product_tag","embeddable":true,"href":"https:\/\/staviori.com.pl\/cs\/wp-json\/wp\/v2\/product_tag?post=14722"}],"curies":[{"name":"wp","href":"https:\/\/api.w.org\/{rel}","templated":true}]}}