{"id":14720,"date":"2025-02-24T22:47:03","date_gmt":"2025-02-24T21:47:03","guid":{"rendered":"https:\/\/staviori.com.pl\/product\/bizuteria-inwestycyjna-naszyjnik-nbd3995\/"},"modified":"2026-02-11T00:08:54","modified_gmt":"2026-02-10T23:08:54","slug":"bizuteria-inwestycyjna-naszyjnik-nbd3995","status":"publish","type":"product","link":"https:\/\/staviori.com.pl\/cs\/product\/bizuteria-inwestycyjna-naszyjnik-nbd3995\/","title":{"rendered":"Exkluzivn\u011b | Kr\u00e1sn\u00fd p\u0159\u00edv\u011bsek z onyxu s diamanty v 18kar\u00e1tov\u00e9m zlat\u011b"},"content":{"rendered":"<p>Model: NBD3995<br \/>\nHmotnost p\u0159ibli\u017en\u011b 7,36 g<\/p>\n<p>N\u00e1hrdeln\u00edk 45 cm.<br \/>\nB\u00edl\u00e9 zlato 0,750.<br \/>\n153 Diamenty, szlif brylantowy, o masie ok. 1,15ct, barwa G-H, czysto\u015b\u0107 SI1.<br \/>\nOnyks o masie ok. 74ct.<\/p>\n<p>Wymiary 22&#215;42 mm.<br \/>\nD\u0142ugo\u015b\u0107 51 mm.<br \/>\nGrubo\u015b\u0107 17 mm.<\/p>\n<p>Na \u0142a\u0144cuszku &#8211; splot rolo &#8211; tez s\u0105 brylanty.<\/p>\n<p><strong>Produkt je k dispozici pouze na vy\u017e\u00e1d\u00e1n\u00ed, doba dod\u00e1n\u00ed cca 5 t\u00fddn\u016f.<\/strong><\/p>","protected":false},"excerpt":{"rendered":"<p>Zachwycaj\u0105cy naszyjnik z bia\u0142ego z\u0142ota 18K, kt\u00f3rego serce stanowi efektowny, naturalny onyks o masie a\u017c 74 ct. Naszyjnik zosta\u0142 ozdobiony a\u017c 153 diamentami o \u0142\u0105cznej masie 1,15 ct, kt\u00f3re pi\u0119knie podkre\u015blaj\u0105 g\u0142\u0119bok\u0105 czer\u0144 onyksu. To wyj\u0105tkowa propozycja dla kobiet, kt\u00f3re ceni\u0105 sobie luksus, oryginalny styl i niepowtarzalny charakter bi\u017cuterii. Ten model to po\u0142\u0105czenie klasycznej elegancji z nowoczesn\u0105 form\u0105, kt\u00f3re ol\u015bni ka\u017cd\u0105 mi\u0142o\u015bniczk\u0119 unikatowych dodatk\u00f3w.<\/p>","protected":false},"featured_media":3514,"comment_status":"closed","ping_status":"closed","template":"","meta":{"om_disable_all_campaigns":false},"product_brand":[2284],"product_cat":[1803,6895,719],"product_tag":[2308,2296,3745,4045,2280,2378,4044,2368,4046,2291,3777],"class_list":{"0":"post-14720","1":"product","2":"type-product","3":"status-publish","4":"has-post-thumbnail","6":"product_brand-staviori","7":"product_cat-brylanty-exclusive","8":"product_cat-naszyjnik","9":"product_cat-naszyjniki","10":"product_tag-biale-zloto","11":"product_tag-diamenty","12":"product_tag-diamonds","13":"product_tag-ekskluzywny-naszyjnik","14":"product_tag-luksusowa-bizuteria","15":"product_tag-naszyjnik","16":"product_tag-nbd3995","17":"product_tag-onyks","18":"product_tag-onyx-necklace","19":"product_tag-prezent-dla-niej","20":"product_tag-white-gold","21":"pa_barwa-g-h","22":"pa_czystosc-si1","23":"pa_dlugosc-51mm","24":"pa_dostawca-draco","25":"pa_kamien-biale-diamenty","26":"pa_kamien-brylanty","27":"pa_kamien-onyks","28":"pa_kolor-biale","29":"pa_kruszec-zloto","30":"pa_proba-0-750","31":"pa_waga-7-36g","32":"pa_wymiary-22x42mm","34":"first","35":"onbackorder","36":"purchasable","37":"product-type-simple"},"aioseo_notices":[],"_links":{"self":[{"href":"https:\/\/staviori.com.pl\/cs\/wp-json\/wp\/v2\/product\/14720","targetHints":{"allow":["GET"]}}],"collection":[{"href":"https:\/\/staviori.com.pl\/cs\/wp-json\/wp\/v2\/product"}],"about":[{"href":"https:\/\/staviori.com.pl\/cs\/wp-json\/wp\/v2\/types\/product"}],"replies":[{"embeddable":true,"href":"https:\/\/staviori.com.pl\/cs\/wp-json\/wp\/v2\/comments?post=14720"}],"wp:featuredmedia":[{"embeddable":true,"href":"https:\/\/staviori.com.pl\/cs\/wp-json\/wp\/v2\/media\/3514"}],"wp:attachment":[{"href":"https:\/\/staviori.com.pl\/cs\/wp-json\/wp\/v2\/media?parent=14720"}],"wp:term":[{"taxonomy":"product_brand","embeddable":true,"href":"https:\/\/staviori.com.pl\/cs\/wp-json\/wp\/v2\/product_brand?post=14720"},{"taxonomy":"product_cat","embeddable":true,"href":"https:\/\/staviori.com.pl\/cs\/wp-json\/wp\/v2\/product_cat?post=14720"},{"taxonomy":"product_tag","embeddable":true,"href":"https:\/\/staviori.com.pl\/cs\/wp-json\/wp\/v2\/product_tag?post=14720"}],"curies":[{"name":"wp","href":"https:\/\/api.w.org\/{rel}","templated":true}]}}