{"id":14718,"date":"2025-02-24T22:47:03","date_gmt":"2025-02-24T21:47:03","guid":{"rendered":"https:\/\/staviori.com.pl\/product\/bizuteria-inwestycyjna-naszyjnik-nbd3970\/"},"modified":"2026-02-11T00:08:54","modified_gmt":"2026-02-10T23:08:54","slug":"bizuteria-inwestycyjna-naszyjnik-nbd3970","status":"publish","type":"product","link":"https:\/\/staviori.com.pl\/cs\/product\/bizuteria-inwestycyjna-naszyjnik-nbd3970\/","title":{"rendered":"Exkluzivn\u00ed | kr\u00e1sn\u00fd minimalistick\u00fd n\u00e1hrdeln\u00edk s b\u00edl\u00fdmi a \u010dern\u00fdmi diamanty"},"content":{"rendered":"<p>Model: NBD3970<br \/>\nWaga ok. 5,73g<\/p>\n<p>N\u00e1hrdeln\u00edk 42 cm.<br \/>\nB\u00edl\u00e9 zlato 0,750.<br \/>\n12 Diament\u00f3w, szlif brylantowy, o masie 0,55ct, barwa G-H, czysto\u015b\u0107 SI1.<br \/>\n1 Diament, kolor czarny, szlif brylantowy, o masie 0,10ct.<\/p>\n<p>\u015arednica 9.2 mm.<br \/>\nTlou\u0161\u0165ka 2,6 mm.<br \/>\nSzeroko\u015b\u0107 1.65 mm.<\/p>\n<p>W \u0142a\u0144cuszku r\u00f3wnie\u017c osadzone s\u0105 diamenty.<\/p>\n<p><strong>Produkt je k dispozici pouze na vy\u017e\u00e1d\u00e1n\u00ed, doba dod\u00e1n\u00ed cca 5 t\u00fddn\u016f.<\/strong><\/p>","protected":false},"excerpt":{"rendered":"<p>Wyj\u0105tkowy naszyjnik z bia\u0142ego z\u0142ota pr\u00f3by 0,750, zdobiony a\u017c 12 l\u015bni\u0105cymi diamentami o \u0142\u0105cznej masie 0,55 ct oraz centralnie osadzonym czarnym diamentem o masie 0,10 ct. Okr\u0105g\u0142y wisiorek pi\u0119knie prezentuje si\u0119 na szyi, przyci\u0105gaj\u0105c spojrzenia subtelnym blaskiem i niebanaln\u0105 elegancj\u0105. Dodatkowe diamenty umieszczone na \u0142a\u0144cuszku nadaj\u0105 ca\u0142o\u015bci niepowtarzalnego charakteru i luksusowego wyko\u0144czenia. Naszyjnik idealnie sprawdzi si\u0119 zar\u00f3wno na co dzie\u0144, jak i na wyj\u0105tkowe okazje, podkre\u015blaj\u0105c indywidualny styl i klas\u0119.<\/p>","protected":false},"featured_media":18736,"comment_status":"closed","ping_status":"closed","template":"","meta":{"om_disable_all_campaigns":false},"product_brand":[2284],"product_cat":[1803,6895,719],"product_tag":[2308,3781,4039,4041,4036,3754,3751,2296,3745,2555,3755,3710,3748,3727,3747,4042,4043,3778,4037,4040,2378,4035,4038,2332,3777],"class_list":{"0":"post-14718","1":"product","2":"type-product","3":"status-publish","4":"has-post-thumbnail","6":"product_brand-staviori","7":"product_cat-brylanty-exclusive","8":"product_cat-naszyjnik","9":"product_cat-naszyjniki","10":"product_tag-biale-zloto","11":"product_tag-bile-zlato","12":"product_tag-black-diamond","13":"product_tag-cerny-diamant","14":"product_tag-czarny-diament","15":"product_tag-darek","16":"product_tag-diamanty","17":"product_tag-diamenty","18":"product_tag-diamonds","19":"product_tag-ekskluzywna-bizuteria","20":"product_tag-elegance","21":"product_tag-elegancja","22":"product_tag-gift","23":"product_tag-luksus","24":"product_tag-luxury-jewelry","25":"product_tag-luxusni-sperk","26":"product_tag-minimalismus","27":"product_tag-minimalist","28":"product_tag-minimalistyczny-styl","29":"product_tag-nahrdelnik","30":"product_tag-naszyjnik","31":"product_tag-nbd3970","32":"product_tag-necklace","33":"product_tag-prezent","34":"product_tag-white-gold","35":"pa_barwa-g-h","36":"pa_czystosc-si1","37":"pa_dostawca-draco","38":"pa_grubosc-2-6mm","39":"pa_kamien-biale-diamenty","40":"pa_kamien-brylanty","41":"pa_kamien-czarne-diamenty","42":"pa_kolor-biale","43":"pa_kruszec-zloto","44":"pa_proba-0-750","45":"pa_srednica-9-2mm","46":"pa_waga-5-73g","48":"first","49":"onbackorder","50":"purchasable","51":"product-type-simple"},"aioseo_notices":[],"_links":{"self":[{"href":"https:\/\/staviori.com.pl\/cs\/wp-json\/wp\/v2\/product\/14718","targetHints":{"allow":["GET"]}}],"collection":[{"href":"https:\/\/staviori.com.pl\/cs\/wp-json\/wp\/v2\/product"}],"about":[{"href":"https:\/\/staviori.com.pl\/cs\/wp-json\/wp\/v2\/types\/product"}],"replies":[{"embeddable":true,"href":"https:\/\/staviori.com.pl\/cs\/wp-json\/wp\/v2\/comments?post=14718"}],"wp:featuredmedia":[{"embeddable":true,"href":"https:\/\/staviori.com.pl\/cs\/wp-json\/wp\/v2\/media\/18736"}],"wp:attachment":[{"href":"https:\/\/staviori.com.pl\/cs\/wp-json\/wp\/v2\/media?parent=14718"}],"wp:term":[{"taxonomy":"product_brand","embeddable":true,"href":"https:\/\/staviori.com.pl\/cs\/wp-json\/wp\/v2\/product_brand?post=14718"},{"taxonomy":"product_cat","embeddable":true,"href":"https:\/\/staviori.com.pl\/cs\/wp-json\/wp\/v2\/product_cat?post=14718"},{"taxonomy":"product_tag","embeddable":true,"href":"https:\/\/staviori.com.pl\/cs\/wp-json\/wp\/v2\/product_tag?post=14718"}],"curies":[{"name":"wp","href":"https:\/\/api.w.org\/{rel}","templated":true}]}}