{"id":14717,"date":"2025-02-24T22:47:03","date_gmt":"2025-02-24T21:47:03","guid":{"rendered":"https:\/\/staviori.com.pl\/product\/bizuteria-inwestycyjna-naszyjnik-nbd3969\/"},"modified":"2026-02-11T00:08:54","modified_gmt":"2026-02-10T23:08:54","slug":"bizuteria-inwestycyjna-naszyjnik-nbd3969","status":"publish","type":"product","link":"https:\/\/staviori.com.pl\/cs\/product\/bizuteria-inwestycyjna-naszyjnik-nbd3969\/","title":{"rendered":"Exkluzivn\u011b | Kr\u00e1sn\u00fd diamantov\u00fd n\u00e1hrdeln\u00edk se srd\u00ed\u010dky"},"content":{"rendered":"<p>Model: NBD3969<br \/>\nHmotnost p\u0159ibli\u017en\u011b 4,90 g<\/p>\n<p>N\u00e1hrdeln\u00edk 42 cm.<br \/>\nB\u00edl\u00e9 zlato 0,750.<br \/>\n144 Diamenty, szlif brylantowy, o masie 0,68ct, barwa G-H, czysto\u015b\u0107 SI1.<\/p>\n<p>Wymiary 6.3&#215;5.8 mm.<br \/>\nTlou\u0161\u0165ka 2 mm.<br \/>\nSzeroko\u015b\u0107 1.6 mm.<\/p>\n<p>Produkt je k dispozici pouze na vy\u017e\u00e1d\u00e1n\u00ed, doba dod\u00e1n\u00ed cca 5 t\u00fddn\u016f.<\/p>","protected":false},"excerpt":{"rendered":"<p>Wyj\u0105tkowy naszyjnik z bia\u0142ego z\u0142ota 18K, ozdobiony 144 brylantami o \u0142\u0105cznej masie 0,68 ct, zachwyca nowoczesn\u0105 lekko\u015bci\u0105 i subtelnym blaskiem. Delikatne, serduszkowe elementy rozmieszczone na ca\u0142ej d\u0142ugo\u015bci \u0142a\u0144cuszka dodaj\u0105 ca\u0142o\u015bci kobiecego wdzi\u0119ku i romantycznego charakteru. Doskona\u0142y wyb\u00f3r na prezent dla osoby ceni\u0105cej elegancj\u0119 i ponadczasowy styl.<\/p>","protected":false},"featured_media":18733,"comment_status":"closed","ping_status":"closed","template":"","meta":{"om_disable_all_campaigns":false},"product_brand":[2284],"product_cat":[1803,6895,719],"product_tag":[2308,2311,2296,3710,2378,4033,2332,4034,2607],"class_list":{"0":"post-14717","1":"product","2":"type-product","3":"status-publish","4":"has-post-thumbnail","6":"product_brand-staviori","7":"product_cat-brylanty-exclusive","8":"product_cat-naszyjnik","9":"product_cat-naszyjniki","10":"product_tag-biale-zloto","11":"product_tag-bizuteria-luksusowa","12":"product_tag-diamenty","13":"product_tag-elegancja","14":"product_tag-naszyjnik","15":"product_tag-nbd3969","16":"product_tag-prezent","17":"product_tag-serca","18":"product_tag-subtelna-bizuteria","19":"pa_barwa-g-h","20":"pa_czystosc-si1","21":"pa_dostawca-draco","22":"pa_grubosc-2mm","23":"pa_kamien-brylanty","24":"pa_kolor-biale","25":"pa_kruszec-zloto","26":"pa_motyw-serce","27":"pa_proba-0-750","28":"pa_waga-490g","29":"pa_wymiary-6-3x5-8mm","31":"first","32":"onbackorder","33":"purchasable","34":"product-type-simple"},"aioseo_notices":[],"_links":{"self":[{"href":"https:\/\/staviori.com.pl\/cs\/wp-json\/wp\/v2\/product\/14717","targetHints":{"allow":["GET"]}}],"collection":[{"href":"https:\/\/staviori.com.pl\/cs\/wp-json\/wp\/v2\/product"}],"about":[{"href":"https:\/\/staviori.com.pl\/cs\/wp-json\/wp\/v2\/types\/product"}],"replies":[{"embeddable":true,"href":"https:\/\/staviori.com.pl\/cs\/wp-json\/wp\/v2\/comments?post=14717"}],"wp:featuredmedia":[{"embeddable":true,"href":"https:\/\/staviori.com.pl\/cs\/wp-json\/wp\/v2\/media\/18733"}],"wp:attachment":[{"href":"https:\/\/staviori.com.pl\/cs\/wp-json\/wp\/v2\/media?parent=14717"}],"wp:term":[{"taxonomy":"product_brand","embeddable":true,"href":"https:\/\/staviori.com.pl\/cs\/wp-json\/wp\/v2\/product_brand?post=14717"},{"taxonomy":"product_cat","embeddable":true,"href":"https:\/\/staviori.com.pl\/cs\/wp-json\/wp\/v2\/product_cat?post=14717"},{"taxonomy":"product_tag","embeddable":true,"href":"https:\/\/staviori.com.pl\/cs\/wp-json\/wp\/v2\/product_tag?post=14717"}],"curies":[{"name":"wp","href":"https:\/\/api.w.org\/{rel}","templated":true}]}}