{"id":14710,"date":"2025-02-24T22:47:03","date_gmt":"2025-02-24T21:47:03","guid":{"rendered":"https:\/\/staviori.com.pl\/product\/bizuteria-inwestycyjna-naszyjnik-nbd2522\/"},"modified":"2026-02-11T00:08:54","modified_gmt":"2026-02-10T23:08:54","slug":"bizuteria-inwestycyjna-naszyjnik-nbd2522","status":"publish","type":"product","link":"https:\/\/staviori.com.pl\/cs\/product\/bizuteria-inwestycyjna-naszyjnik-nbd2522\/","title":{"rendered":"Exkluzivn\u011b | N\u00e1dhern\u00fd diamantov\u00fd n\u00e1hrdeln\u00edk s r\u016f\u017e\u00ed"},"content":{"rendered":"<p>Model: DDN0528<br \/>\nWaga ok. 17,00g<\/p>\n<p>Naszyjnik 45cm.<br \/>\nBia\u0142e \/ R\u00f3\u017cowe \/ \u017b\u00f3\u0142te Z\u0142oto 0,750.<br \/>\n412 Diament\u00f3w, szlif brylantowy, o masie ok 6ct, barwa G-H, czysto\u015b\u0107 SI1.<\/p>\n<p>\u015arednica 32 mm.<br \/>\nGrubo\u015b\u0107 14 mm.<\/p>\n<p>W \u0142a\u0144cuszku r\u00f3wnie\u017c osadzone s\u0105 diamenty.<\/p>\n<p>Kolor z\u0142ota do wyboru.<br \/>\nProdukt je k dispozici pouze na vy\u017e\u00e1d\u00e1n\u00ed, doba dod\u00e1n\u00ed cca 5 t\u00fddn\u016f.<\/p>","protected":false},"excerpt":{"rendered":"<p>Zachwycaj\u0105cy naszyjnik w kszta\u0142cie kwiatu, wykonany z najwy\u017cszej jako\u015bci bia\u0142ego lub r\u00f3\u017cowego z\u0142ota pr\u00f3by 0,750. Model NBD2522 to prawdziwe dzie\u0142o jubilerskiej sztuki \u2014 a\u017c 412 diament\u00f3w o \u0142\u0105cznej masie ok. 6,05 ct cudownie roz\u015bwietla ca\u0142o\u015b\u0107, tworz\u0105c spektakularny efekt blasku. Misternie osadzone brylanty zdobi\u0105 zar\u00f3wno kwiat, jak i elegancki \u0142a\u0144cuszek, czyni\u0105c ten naszyjnik idealnym wyborem dla kobiet ceni\u0105cych luksus oraz oryginalno\u015b\u0107. To niepowtarzalny dodatek, kt\u00f3ry podkre\u015bli wyj\u0105tkowo\u015b\u0107 ka\u017cdej stylizacji.<\/p>","protected":false},"featured_media":3452,"comment_status":"closed","ping_status":"closed","template":"","meta":{"om_disable_all_campaigns":false},"product_brand":[2284],"product_cat":[1803,6895,719],"product_tag":[4048],"class_list":{"0":"post-14710","1":"product","2":"type-product","3":"status-publish","4":"has-post-thumbnail","6":"product_brand-staviori","7":"product_cat-brylanty-exclusive","8":"product_cat-naszyjnik","9":"product_cat-naszyjniki","10":"product_tag-ddn0528","11":"pa_barwa-g-h","12":"pa_czystosc-si1","13":"pa_dostawca-draco","14":"pa_grubosc-14mm","15":"pa_kamien-biale-diamenty","16":"pa_kamien-brylanty","17":"pa_kolor-biale","18":"pa_kolor-rozowe","19":"pa_kolor-zolte","20":"pa_kruszec-zloto","21":"pa_motyw-kwiatek","22":"pa_proba-0-750","23":"pa_srednica-32mm","24":"pa_waga-1700g","26":"first","27":"onbackorder","28":"purchasable","29":"product-type-simple"},"aioseo_notices":[],"_links":{"self":[{"href":"https:\/\/staviori.com.pl\/cs\/wp-json\/wp\/v2\/product\/14710","targetHints":{"allow":["GET"]}}],"collection":[{"href":"https:\/\/staviori.com.pl\/cs\/wp-json\/wp\/v2\/product"}],"about":[{"href":"https:\/\/staviori.com.pl\/cs\/wp-json\/wp\/v2\/types\/product"}],"replies":[{"embeddable":true,"href":"https:\/\/staviori.com.pl\/cs\/wp-json\/wp\/v2\/comments?post=14710"}],"wp:featuredmedia":[{"embeddable":true,"href":"https:\/\/staviori.com.pl\/cs\/wp-json\/wp\/v2\/media\/3452"}],"wp:attachment":[{"href":"https:\/\/staviori.com.pl\/cs\/wp-json\/wp\/v2\/media?parent=14710"}],"wp:term":[{"taxonomy":"product_brand","embeddable":true,"href":"https:\/\/staviori.com.pl\/cs\/wp-json\/wp\/v2\/product_brand?post=14710"},{"taxonomy":"product_cat","embeddable":true,"href":"https:\/\/staviori.com.pl\/cs\/wp-json\/wp\/v2\/product_cat?post=14710"},{"taxonomy":"product_tag","embeddable":true,"href":"https:\/\/staviori.com.pl\/cs\/wp-json\/wp\/v2\/product_tag?post=14710"}],"curies":[{"name":"wp","href":"https:\/\/api.w.org\/{rel}","templated":true}]}}