{"id":14706,"date":"2025-02-24T22:47:03","date_gmt":"2025-02-24T21:47:03","guid":{"rendered":"https:\/\/staviori.com.pl\/product\/bizuteria-inwestycyjna-naszyjnik-nbd1782\/"},"modified":"2026-02-11T00:08:54","modified_gmt":"2026-02-10T23:08:54","slug":"bizuteria-inwestycyjna-naszyjnik-nbd1782","status":"publish","type":"product","link":"https:\/\/staviori.com.pl\/cs\/product\/bizuteria-inwestycyjna-naszyjnik-nbd1782\/","title":{"rendered":"Exkluzivn\u00ed | N\u00e1hrdeln\u00edk z b\u00edl\u00e9ho zlata 750 s diamanty"},"content":{"rendered":"<p>Model: DDN0304<br \/>\nWaga ok. 9,33g<\/p>\n<p>N\u00e1hrdeln\u00edk 42 cm.<br \/>\nB\u00edl\u00e9 zlato 0,750.<br \/>\n68 Diament\u00f3w, szlif brylantowy, o masie 0,82ct., barwa G-H, czysto\u015b\u0107 SI1.<\/p>\n<p>\u015arednica 16.5 mm.<br \/>\nGrubo\u015b\u0107 7 mm.<\/p>\n<p>W \u0142a\u0144cuszku r\u00f3wnie\u017c osadzone s\u0105 diamenty.<br \/>\n<strong>Produkt je k dispozici pouze na vy\u017e\u00e1d\u00e1n\u00ed, doba dod\u00e1n\u00ed cca 5 t\u00fddn\u016f.<\/strong><\/p>","protected":false},"excerpt":{"rendered":"<p>Elegantn\u00ed n\u00e1hrdeln\u00edk z b\u00edl\u00e9ho zlata o ryzosti 0,750 zdob\u00ed 68 diamant\u016f o celkov\u00e9 v\u00e1ze 0,82 ct, kter\u00e9 ohromuj\u00ed sv\u00fdm leskem. Centr\u00e1ln\u00ed kulat\u00fd p\u0159\u00edv\u011bsek se t\u0159pyt\u00ed kr\u00e1sou diamant\u016f a vytv\u00e1\u0159\u00ed jedine\u010dn\u00fd efekt oslnivosti a luxusu. Jemn\u00fd \u0159et\u00edzek, rovn\u011b\u017e os\u00e1zen\u00fd diamanty, dod\u00e1v\u00e1 n\u00e1hrdeln\u00edku n\u00e1dech sofistikovanosti a d\u00edky n\u011bmu n\u00e1hrdeln\u00edk skv\u011ble vypad\u00e1 na krku. Ide\u00e1ln\u00ed volba pro \u017eeny, kter\u00e9 ocen\u00ed nad\u010dasovou eleganci a modern\u00ed styl.<\/p>","protected":false},"featured_media":18769,"comment_status":"closed","ping_status":"closed","template":"","meta":{"om_disable_all_campaigns":false},"product_brand":[2284],"product_cat":[1803,6895,719],"product_tag":[2308,3781,2541,3793,4062,2301,4066,3754,4069,2296,3745,3755,3710,4072,3727,3764,4074,4071,4073,2378,4068,2983,4070,3777,3833],"class_list":{"0":"post-14706","1":"product","2":"type-product","3":"status-publish","4":"has-post-thumbnail","6":"product_brand-staviori","7":"product_cat-brylanty-exclusive","8":"product_cat-naszyjnik","9":"product_cat-naszyjniki","10":"product_tag-biale-zloto","11":"product_tag-bile-zlato","12":"product_tag-bizuteria-damska","13":"product_tag-brilianty","14":"product_tag-brilliant-cut","15":"product_tag-brylanty","16":"product_tag-damska-bizuterie","17":"product_tag-darek","18":"product_tag-ddn0304","19":"product_tag-diamenty","20":"product_tag-diamonds","21":"product_tag-elegance","22":"product_tag-elegancja","23":"product_tag-gift-nahrdelnik","24":"product_tag-luksus","25":"product_tag-luxury","26":"product_tag-luxus","27":"product_tag-modern-style","28":"product_tag-moderni-styl","29":"product_tag-naszyjnik","30":"product_tag-nbd1782","31":"product_tag-nowoczesny-styl","32":"product_tag-prezent-necklace","33":"product_tag-white-gold","34":"product_tag-womens-jewelry","35":"pa_barwa-g-h","36":"pa_czystosc-si1","37":"pa_dostawca-draco","38":"pa_grubosc-7mm","39":"pa_kamien-brylanty","40":"pa_kolor-biale","41":"pa_kruszec-zloto","42":"pa_proba-0-750","43":"pa_srednica-16-5mm","44":"pa_waga-9-33g","46":"first","47":"onbackorder","48":"purchasable","49":"product-type-simple"},"aioseo_notices":[],"_links":{"self":[{"href":"https:\/\/staviori.com.pl\/cs\/wp-json\/wp\/v2\/product\/14706","targetHints":{"allow":["GET"]}}],"collection":[{"href":"https:\/\/staviori.com.pl\/cs\/wp-json\/wp\/v2\/product"}],"about":[{"href":"https:\/\/staviori.com.pl\/cs\/wp-json\/wp\/v2\/types\/product"}],"replies":[{"embeddable":true,"href":"https:\/\/staviori.com.pl\/cs\/wp-json\/wp\/v2\/comments?post=14706"}],"wp:featuredmedia":[{"embeddable":true,"href":"https:\/\/staviori.com.pl\/cs\/wp-json\/wp\/v2\/media\/18769"}],"wp:attachment":[{"href":"https:\/\/staviori.com.pl\/cs\/wp-json\/wp\/v2\/media?parent=14706"}],"wp:term":[{"taxonomy":"product_brand","embeddable":true,"href":"https:\/\/staviori.com.pl\/cs\/wp-json\/wp\/v2\/product_brand?post=14706"},{"taxonomy":"product_cat","embeddable":true,"href":"https:\/\/staviori.com.pl\/cs\/wp-json\/wp\/v2\/product_cat?post=14706"},{"taxonomy":"product_tag","embeddable":true,"href":"https:\/\/staviori.com.pl\/cs\/wp-json\/wp\/v2\/product_tag?post=14706"}],"curies":[{"name":"wp","href":"https:\/\/api.w.org\/{rel}","templated":true}]}}