{"id":14703,"date":"2025-02-24T22:46:59","date_gmt":"2025-02-24T21:46:59","guid":{"rendered":"https:\/\/staviori.com.pl\/product\/zloty-lancuszek-lzx4248\/"},"modified":"2026-04-09T23:11:41","modified_gmt":"2026-04-09T21:11:41","slug":"zloty-lancuszek-lzx4248","status":"publish","type":"product","link":"https:\/\/staviori.com.pl\/cs\/product\/zloty-lancuszek-lzx4248\/","title":{"rendered":"Zlat\u00fd 585 panc\u00e9\u0159ov\u00fd \u0159et\u011bz 45\/50cm"},"content":{"rendered":"<p>Model: LZX4248<br \/>\nHmotnost p\u0159ibli\u017en\u011b 2,90 g<\/p>\n<p>\u0141a\u0144cuszek 45 cm \/ 50 cm<br \/>\n\u017dlut\u00e9 zlato 0,585.<\/p>\n<p>FULL PANCER<\/p>\n<p>\u0160\u00ed\u0159ka 2 mm.<\/p>\n<p>W przypadku braku na magazynie &#8211; mo\u017cliwo\u015b\u0107 \u015bci\u0105gni\u0119cia w terminie oko\u0142o 1 tygodnia.<\/p>","protected":false},"excerpt":{"rendered":"<p>Klasyczny \u0142a\u0144cuszek typu pancerka wykonany z pe\u0142nego, 14-karatowego \u017c\u00f3\u0142tego z\u0142ota. Jego g\u0142adkie, precyzyjnie oszlifowane ogniwa pi\u0119knie odbijaj\u0105 \u015bwiat\u0142o, tworz\u0105c subtelny po\u0142ysk na szyi. Model o ponadczasowym charakterze, kt\u00f3ry doskonale prezentuje si\u0119 samodzielnie, jak i z eleganckim wisiorkiem. Idealny wyb\u00f3r dla os\u00f3b ceni\u0105cych prostot\u0119, trwa\u0142o\u015b\u0107 i styl.<\/p>","protected":false},"featured_media":3421,"comment_status":"closed","ping_status":"closed","template":"","meta":{"om_disable_all_campaigns":false},"product_brand":[2284,2350],"product_cat":[1384,690,1930,176,2072],"product_tag":[3812,6761,6760,6759,6762,3918,3917,4784,6764,3945,3724,6763,2364],"class_list":{"0":"post-14703","1":"product","2":"type-product","3":"status-publish","4":"has-post-thumbnail","6":"product_brand-staviori","7":"product_brand-verona","8":"product_cat-bizuteria","9":"product_cat-lancuszki","10":"product_cat-zloto-2","11":"product_cat-zloto","12":"product_cat-zloty-lancuszek","13":"product_tag-chain","14":"product_tag-collier-en-or","15":"product_tag-curb-chain","16":"product_tag-gold-chain","17":"product_tag-goldkette-585","18":"product_tag-lancuszek-damski","19":"product_tag-lancuszek-meski","20":"product_tag-lancuszek-zloty","21":"product_tag-pancerka-2mm","22":"product_tag-pancerka-pelna","23":"product_tag-staviori","24":"product_tag-zlaty-retizek","25":"product_tag-zloto-585","26":"pa_kolor-zolte","27":"pa_kruszec-zloto","28":"pa_proba-0-585","29":"pa_rozmiar-45cm","30":"pa_rozmiar-50cm","31":"pa_szerokosc-2mm","32":"pa_waga-265g","33":"pa_waga-280g","35":"first","36":"instock","37":"purchasable","38":"product-type-variable","39":"has-default-attributes"},"aioseo_notices":[],"_links":{"self":[{"href":"https:\/\/staviori.com.pl\/cs\/wp-json\/wp\/v2\/product\/14703","targetHints":{"allow":["GET"]}}],"collection":[{"href":"https:\/\/staviori.com.pl\/cs\/wp-json\/wp\/v2\/product"}],"about":[{"href":"https:\/\/staviori.com.pl\/cs\/wp-json\/wp\/v2\/types\/product"}],"replies":[{"embeddable":true,"href":"https:\/\/staviori.com.pl\/cs\/wp-json\/wp\/v2\/comments?post=14703"}],"wp:featuredmedia":[{"embeddable":true,"href":"https:\/\/staviori.com.pl\/cs\/wp-json\/wp\/v2\/media\/3421"}],"wp:attachment":[{"href":"https:\/\/staviori.com.pl\/cs\/wp-json\/wp\/v2\/media?parent=14703"}],"wp:term":[{"taxonomy":"product_brand","embeddable":true,"href":"https:\/\/staviori.com.pl\/cs\/wp-json\/wp\/v2\/product_brand?post=14703"},{"taxonomy":"product_cat","embeddable":true,"href":"https:\/\/staviori.com.pl\/cs\/wp-json\/wp\/v2\/product_cat?post=14703"},{"taxonomy":"product_tag","embeddable":true,"href":"https:\/\/staviori.com.pl\/cs\/wp-json\/wp\/v2\/product_tag?post=14703"}],"curies":[{"name":"wp","href":"https:\/\/api.w.org\/{rel}","templated":true}]}}