{"id":14696,"date":"2025-02-24T22:46:59","date_gmt":"2025-02-24T21:46:59","guid":{"rendered":"https:\/\/staviori.com.pl\/product\/zloty-lancuszek-lzx4212\/"},"modified":"2026-04-08T13:58:17","modified_gmt":"2026-04-08T11:58:17","slug":"zloty-lancuszek-lzx4212","status":"publish","type":"product","link":"https:\/\/staviori.com.pl\/cs\/product\/zloty-lancuszek-lzx4212\/","title":{"rendered":"Zlat\u00fd \u0159et\u00edzek SINGAPUR 333 1,7 mm 45\/50 cm"},"content":{"rendered":"<p>Model: LZX4212<br \/>\nHmotnost p\u0159ibli\u017en\u011b 1,90 g<\/p>\n<p>\u0141a\u0144cuszek 45\/50 cm.<br \/>\nSINGAPUR<br \/>\n\u017dlut\u00e9 zlato 0,333.<br \/>\nSzeroko\u015b\u0107 1.7 mm.<\/p>","protected":false},"excerpt":{"rendered":"<p>Oslniv\u00fd \u0159et\u00edzek typu Singapore ze \u017elut\u00e9ho zlata 0,333 pot\u011b\u0161\u00ed jemn\u011b kroucen\u00fdm cop\u00e1nkem a p\u016fsobiv\u00fdm leskem. Je to \u0161perk, kter\u00fd dokonale podtrhne \u017eenskou jemnost a dod\u00e1 \u0161mrnc ka\u017ed\u00e9 stylizaci. \u0158et\u00edzek vypad\u00e1 dokonale samostatn\u011b i s obl\u00edben\u00fdm p\u0159\u00edv\u011bskem a vytv\u00e1\u0159\u00ed nad\u010dasov\u00fd n\u00e1dech elegance.<\/p>","protected":false},"featured_media":18692,"comment_status":"closed","ping_status":"closed","template":"","meta":{"om_disable_all_campaigns":false},"product_brand":[2284,2350],"product_cat":[1384,690,1930,176,2072],"product_tag":[2317,3807,4016,2332,1403,3939,4017,4004,2522],"class_list":{"0":"post-14696","1":"product","2":"type-product","3":"status-publish","4":"has-post-thumbnail","6":"product_brand-staviori","7":"product_brand-verona","8":"product_cat-bizuteria","9":"product_cat-lancuszki","10":"product_cat-zloto-2","11":"product_cat-zloto","12":"product_cat-zloty-lancuszek","13":"product_tag-elegancka-bizuteria","14":"product_tag-lancuszek","15":"product_tag-lzx4212","16":"product_tag-prezent","17":"product_tag-singapur","18":"product_tag-skrecany-lancuszek","19":"product_tag-xaa0152","20":"product_tag-zloty-lancuszek","21":"product_tag-zolte-zloto","22":"pa_kolor-zolte","23":"pa_kruszec-zloto","24":"pa_proba-0-333","25":"pa_rozmiar-45cm","26":"pa_rozmiar-50cm","27":"pa_szerokosc-1-68mm","28":"pa_waga-170g","30":"first","31":"instock","32":"purchasable","33":"product-type-variable","34":"has-default-attributes"},"aioseo_notices":[],"_links":{"self":[{"href":"https:\/\/staviori.com.pl\/cs\/wp-json\/wp\/v2\/product\/14696","targetHints":{"allow":["GET"]}}],"collection":[{"href":"https:\/\/staviori.com.pl\/cs\/wp-json\/wp\/v2\/product"}],"about":[{"href":"https:\/\/staviori.com.pl\/cs\/wp-json\/wp\/v2\/types\/product"}],"replies":[{"embeddable":true,"href":"https:\/\/staviori.com.pl\/cs\/wp-json\/wp\/v2\/comments?post=14696"}],"wp:featuredmedia":[{"embeddable":true,"href":"https:\/\/staviori.com.pl\/cs\/wp-json\/wp\/v2\/media\/18692"}],"wp:attachment":[{"href":"https:\/\/staviori.com.pl\/cs\/wp-json\/wp\/v2\/media?parent=14696"}],"wp:term":[{"taxonomy":"product_brand","embeddable":true,"href":"https:\/\/staviori.com.pl\/cs\/wp-json\/wp\/v2\/product_brand?post=14696"},{"taxonomy":"product_cat","embeddable":true,"href":"https:\/\/staviori.com.pl\/cs\/wp-json\/wp\/v2\/product_cat?post=14696"},{"taxonomy":"product_tag","embeddable":true,"href":"https:\/\/staviori.com.pl\/cs\/wp-json\/wp\/v2\/product_tag?post=14696"}],"curies":[{"name":"wp","href":"https:\/\/api.w.org\/{rel}","templated":true}]}}