{"id":14693,"date":"2025-02-24T22:46:59","date_gmt":"2025-02-24T21:46:59","guid":{"rendered":"https:\/\/staviori.com.pl\/product\/zloty-lancuszek-lzx2785\/"},"modified":"2026-03-09T09:32:01","modified_gmt":"2026-03-09T08:32:01","slug":"zloty-lancuszek-lzx2785","status":"publish","type":"product","link":"https:\/\/staviori.com.pl\/cs\/product\/zloty-lancuszek-lzx2785\/","title":{"rendered":"Zlat\u00fd \u0159et\u00edzek 585 singapur 1mm 45cm"},"content":{"rendered":"<p>Model: LZX2785<br \/>\nHmotnost p\u0159ibli\u017en\u011b 0,65 g<\/p>\n<p>\u0141a\u0144cuszek 45cm<br \/>\nSINGAPUR<br \/>\n\u017dlut\u00e9 zlato 0,585.<br \/>\nSzeroko\u015b\u0107 1 mm.<\/p>","protected":false},"excerpt":{"rendered":"<p>Lehk\u00fd a mimo\u0159\u00e1dn\u011b p\u016fsobiv\u00fd \u0159et\u00edzek o d\u00e9lce 45 cm ze \u017elut\u00e9ho zlata 0,585. Pr\u00fdmek singapursk\u00e9ho typu pot\u011b\u0161\u00ed jemn\u00fdm kroucen\u00edm, kter\u00e9 kr\u00e1sn\u011b odr\u00e1\u017e\u00ed sv\u011btlo a dod\u00e1v\u00e1 \u0161perku jedine\u010dn\u00fd lesk. Skv\u011ble se hod\u00ed k samostatn\u00e9mu no\u0161en\u00ed nebo k jemn\u00e9mu p\u0159\u00edv\u011bsku. Dokonal\u00e1 volba pro \u017eeny, kter\u00e9 ocen\u00ed eleganci a modern\u00ed styl.<\/p>","protected":false},"featured_media":18647,"comment_status":"closed","ping_status":"closed","template":"","meta":{"om_disable_all_campaigns":false},"product_brand":[2284,2350],"product_cat":[690,1930,2072],"product_tag":[3812,3807,3983,3817,3986,3984,1403,3939,3985,3833,3744,3987,3723,3750,2522],"class_list":{"0":"post-14693","1":"product","2":"type-product","3":"status-publish","4":"has-post-thumbnail","6":"product_brand-staviori","7":"product_brand-verona","8":"product_cat-lancuszki","9":"product_cat-zloto-2","10":"product_cat-zloty-lancuszek","11":"product_tag-chain","12":"product_tag-lancuszek","13":"product_tag-lzx2785","14":"product_tag-retizek","15":"product_tag-singapore-vzor","16":"product_tag-singapore-weave","17":"product_tag-singapur","18":"product_tag-skrecany-lancuszek","19":"product_tag-twisted-chain","20":"product_tag-womens-jewelry","21":"product_tag-yellow-gold","22":"product_tag-zaa6908","23":"product_tag-zlota-bizuteria","24":"product_tag-zlute-zlato","25":"product_tag-zolte-zloto","26":"pa_kolor-zolte","27":"pa_kruszec-zloto","28":"pa_proba-0-585","29":"pa_rozmiar-45cm","30":"pa_splot-singapur","31":"pa_szerokosc-1mm","32":"pa_waga-0-65g","34":"first","35":"instock","36":"purchasable","37":"product-type-simple"},"aioseo_notices":[],"_links":{"self":[{"href":"https:\/\/staviori.com.pl\/cs\/wp-json\/wp\/v2\/product\/14693","targetHints":{"allow":["GET"]}}],"collection":[{"href":"https:\/\/staviori.com.pl\/cs\/wp-json\/wp\/v2\/product"}],"about":[{"href":"https:\/\/staviori.com.pl\/cs\/wp-json\/wp\/v2\/types\/product"}],"replies":[{"embeddable":true,"href":"https:\/\/staviori.com.pl\/cs\/wp-json\/wp\/v2\/comments?post=14693"}],"wp:featuredmedia":[{"embeddable":true,"href":"https:\/\/staviori.com.pl\/cs\/wp-json\/wp\/v2\/media\/18647"}],"wp:attachment":[{"href":"https:\/\/staviori.com.pl\/cs\/wp-json\/wp\/v2\/media?parent=14693"}],"wp:term":[{"taxonomy":"product_brand","embeddable":true,"href":"https:\/\/staviori.com.pl\/cs\/wp-json\/wp\/v2\/product_brand?post=14693"},{"taxonomy":"product_cat","embeddable":true,"href":"https:\/\/staviori.com.pl\/cs\/wp-json\/wp\/v2\/product_cat?post=14693"},{"taxonomy":"product_tag","embeddable":true,"href":"https:\/\/staviori.com.pl\/cs\/wp-json\/wp\/v2\/product_tag?post=14693"}],"curies":[{"name":"wp","href":"https:\/\/api.w.org\/{rel}","templated":true}]}}