{"id":14691,"date":"2025-02-24T22:46:59","date_gmt":"2025-02-24T21:46:59","guid":{"rendered":"https:\/\/staviori.com.pl\/product\/zloty-lancuszek-lzx2125\/"},"modified":"2026-02-11T00:08:53","modified_gmt":"2026-02-10T23:08:53","slug":"zloty-lancuszek-lzx2125","status":"publish","type":"product","link":"https:\/\/staviori.com.pl\/cs\/product\/zloty-lancuszek-lzx2125\/","title":{"rendered":"Zlat\u00fd panc\u00e9\u0159ov\u00fd \u0159et\u011bz 333 2,5 mm 50 cm"},"content":{"rendered":"<p>Model: LZX2125<br \/>\nHmotnost p\u0159ibli\u017en\u011b 3,10 g<\/p>\n<p>\u0141a\u0144cuszek 45cm\/50cm<br \/>\nFULL PANCER<br \/>\n\u017dlut\u00e9 zlato 0,333.<br \/>\nSzeroko\u015b\u0107 2.5 mm.<\/p>","protected":false},"excerpt":{"rendered":"<p>Wyj\u0105tkowy \u0142a\u0144cuszek o d\u0142ugo\u015bci 45 cm wykonany z \u017c\u00f3\u0142tego z\u0142ota pr\u00f3by 0,333. Klasyczny splot typu grall sprawia, \u017ce bi\u017cuteria ta zachwyca subtelnym blaskiem oraz uniwersalno\u015bci\u0105. Delikatna forma i elegancki design doskonale podkre\u015bl\u0105 ka\u017cdy dekolt. To ponadczasowy dodatek, kt\u00f3ry \u015bwietnie sprawdzi si\u0119 zar\u00f3wno na co dzie\u0144, jak i na wyj\u0105tkowe okazje.<\/p>","protected":false},"featured_media":18625,"comment_status":"closed","ping_status":"closed","template":"","meta":{"om_disable_all_campaigns":false},"product_brand":[2284,2350],"product_cat":[690,1930,2072],"product_tag":[3812,3975,3974,3807,3918,3971,3817,3973,3833,3976,3972,3744,3723,3750,2522],"class_list":{"0":"post-14691","1":"product","2":"type-product","3":"status-publish","4":"has-post-thumbnail","6":"product_brand-staviori","7":"product_brand-verona","8":"product_cat-lancuszki","9":"product_cat-zloto-2","10":"product_cat-zloty-lancuszek","11":"product_tag-chain","12":"product_tag-grall-vzor","13":"product_tag-grall-weave","14":"product_tag-lancuszek","15":"product_tag-lancuszek-damski","16":"product_tag-lzx2125","17":"product_tag-retizek","18":"product_tag-splot-grall","19":"product_tag-womens-jewelry","20":"product_tag-xaa0017","21":"product_tag-xaa0018","22":"product_tag-yellow-gold","23":"product_tag-zlota-bizuteria","24":"product_tag-zlute-zlato","25":"product_tag-zolte-zloto","26":"pa_kruszec-zloto","27":"pa_proba-0-333","28":"pa_rozmiar-50cm","29":"pa_splot-pancerka","30":"pa_szerokosc-25mm-2","31":"pa_waga-310g","33":"first","34":"instock","35":"purchasable","36":"product-type-simple"},"aioseo_notices":[],"_links":{"self":[{"href":"https:\/\/staviori.com.pl\/cs\/wp-json\/wp\/v2\/product\/14691","targetHints":{"allow":["GET"]}}],"collection":[{"href":"https:\/\/staviori.com.pl\/cs\/wp-json\/wp\/v2\/product"}],"about":[{"href":"https:\/\/staviori.com.pl\/cs\/wp-json\/wp\/v2\/types\/product"}],"replies":[{"embeddable":true,"href":"https:\/\/staviori.com.pl\/cs\/wp-json\/wp\/v2\/comments?post=14691"}],"wp:featuredmedia":[{"embeddable":true,"href":"https:\/\/staviori.com.pl\/cs\/wp-json\/wp\/v2\/media\/18625"}],"wp:attachment":[{"href":"https:\/\/staviori.com.pl\/cs\/wp-json\/wp\/v2\/media?parent=14691"}],"wp:term":[{"taxonomy":"product_brand","embeddable":true,"href":"https:\/\/staviori.com.pl\/cs\/wp-json\/wp\/v2\/product_brand?post=14691"},{"taxonomy":"product_cat","embeddable":true,"href":"https:\/\/staviori.com.pl\/cs\/wp-json\/wp\/v2\/product_cat?post=14691"},{"taxonomy":"product_tag","embeddable":true,"href":"https:\/\/staviori.com.pl\/cs\/wp-json\/wp\/v2\/product_tag?post=14691"}],"curies":[{"name":"wp","href":"https:\/\/api.w.org\/{rel}","templated":true}]}}