{"id":14690,"date":"2025-02-24T22:46:59","date_gmt":"2025-02-24T21:46:59","guid":{"rendered":"https:\/\/staviori.com.pl\/product\/zloty-lancuszek-lzx2111\/"},"modified":"2026-04-09T10:21:39","modified_gmt":"2026-04-09T08:21:39","slug":"zloty-lancuszek-lzx2111","status":"publish","type":"product","link":"https:\/\/staviori.com.pl\/cs\/product\/zloty-lancuszek-lzx2111\/","title":{"rendered":"Zlat\u00fd \u0159et\u00edzek PANCERKA 333 2mm 45cm"},"content":{"rendered":"<p>Model: LZX2111<br \/>\nHmotnost p\u0159ibli\u017en\u011b 2,90 g<\/p>\n<p>\u0141a\u0144cuszek 45 cm.<br \/>\nFULL PANCER<br \/>\n\u017dlut\u00e9 zlato 0,333.<br \/>\n\u0160\u00ed\u0159ka 2 mm.<\/p>","protected":false},"excerpt":{"rendered":"<p>Celopanc\u00e9\u0159ov\u00fd \u0159et\u00edzek o d\u00e9lce 45 cm ze \u017elut\u00e9ho zlata 0,333 je klasika, kter\u00e1 nikdy nevyjde z m\u00f3dy. Jeho pevn\u00e1 konstrukce a v\u00fdrazn\u00e9 propl\u00e9t\u00e1n\u00ed z n\u011bj \u010din\u00ed ide\u00e1ln\u00ed volbu pro ka\u017edodenn\u00ed no\u0161en\u00ed i pro zvl\u00e1\u0161tn\u00ed p\u0159\u00edle\u017eitosti. Nad\u010dasov\u00fd lesk zlata kr\u00e1sn\u011b podtrhne charakter ka\u017ed\u00e9 stylizace.<\/p>","protected":false},"featured_media":18665,"comment_status":"closed","ping_status":"closed","template":"","meta":{"om_disable_all_campaigns":false},"product_brand":[2284,2350],"product_cat":[690,1930,2072],"product_tag":[2628,4006,3807,4002,4005,3916,4003,2332,2487,3972,4004,2522],"class_list":{"0":"post-14690","1":"product","2":"type-product","3":"status-publish","4":"has-post-thumbnail","6":"product_brand-staviori","7":"product_brand-verona","8":"product_cat-lancuszki","9":"product_cat-zloto-2","10":"product_cat-zloty-lancuszek","11":"product_tag-bizuteria-klasyczna","12":"product_tag-damski","13":"product_tag-lancuszek","14":"product_tag-lzx2111","15":"product_tag-meski","16":"product_tag-pancerka","17":"product_tag-pelna-pancerka","18":"product_tag-prezent","19":"product_tag-unisex","20":"product_tag-xaa0018","21":"product_tag-zloty-lancuszek","22":"product_tag-zolte-zloto","23":"pa_kolor-zolte","24":"pa_kruszec-zloto","25":"pa_proba-0-333","26":"pa_splot-pancerka","27":"pa_szerokosc-2mm","28":"pa_waga-2-90g","30":"first","31":"instock","32":"purchasable","33":"product-type-simple"},"aioseo_notices":[],"_links":{"self":[{"href":"https:\/\/staviori.com.pl\/cs\/wp-json\/wp\/v2\/product\/14690","targetHints":{"allow":["GET"]}}],"collection":[{"href":"https:\/\/staviori.com.pl\/cs\/wp-json\/wp\/v2\/product"}],"about":[{"href":"https:\/\/staviori.com.pl\/cs\/wp-json\/wp\/v2\/types\/product"}],"replies":[{"embeddable":true,"href":"https:\/\/staviori.com.pl\/cs\/wp-json\/wp\/v2\/comments?post=14690"}],"wp:featuredmedia":[{"embeddable":true,"href":"https:\/\/staviori.com.pl\/cs\/wp-json\/wp\/v2\/media\/18665"}],"wp:attachment":[{"href":"https:\/\/staviori.com.pl\/cs\/wp-json\/wp\/v2\/media?parent=14690"}],"wp:term":[{"taxonomy":"product_brand","embeddable":true,"href":"https:\/\/staviori.com.pl\/cs\/wp-json\/wp\/v2\/product_brand?post=14690"},{"taxonomy":"product_cat","embeddable":true,"href":"https:\/\/staviori.com.pl\/cs\/wp-json\/wp\/v2\/product_cat?post=14690"},{"taxonomy":"product_tag","embeddable":true,"href":"https:\/\/staviori.com.pl\/cs\/wp-json\/wp\/v2\/product_tag?post=14690"}],"curies":[{"name":"wp","href":"https:\/\/api.w.org\/{rel}","templated":true}]}}