{"id":14687,"date":"2025-02-24T22:46:59","date_gmt":"2025-02-24T21:46:59","guid":{"rendered":"https:\/\/staviori.com.pl\/product\/zloty-lancuszek-lzx1494\/"},"modified":"2026-04-08T14:02:17","modified_gmt":"2026-04-08T12:02:17","slug":"zloty-lancuszek-lzx1494","status":"publish","type":"product","link":"https:\/\/staviori.com.pl\/cs\/product\/zloty-lancuszek-lzx1494\/","title":{"rendered":"Zlat\u00fd \u0159et\u00edzek SPIGA 0,8 mm 333 40\/42\/45\/50 cm"},"content":{"rendered":"<p>Model: LZX1494<br \/>\nHmotnost p\u0159ibli\u017en\u011b 1,15 g<\/p>\n<p>\u0158et\u011bz 40\/42\/45\/50 cm.<br \/>\nSPIGA<br \/>\n\u017dlut\u00e9 zlato 0,333.<br \/>\n\u0160\u00ed\u0159ka 0,8 mm.<\/p>","protected":false},"excerpt":{"rendered":"<p>\u0158et\u00edzek Spiga je vyroben ze \u017elut\u00e9ho zlata o ryzosti 0,333 a je kombinac\u00ed jemn\u00e9ho tkan\u00ed a decentn\u00edho lesku. Je jemn\u00fd a z\u00e1rove\u0148 odoln\u00fd a vypad\u00e1 kr\u00e1sn\u011b jak samostatn\u011b, tak v souprav\u011b s va\u0161\u00edm obl\u00edben\u00fdm p\u0159\u00edv\u011bskem. Ide\u00e1ln\u00ed volba pro ty, kte\u0159\u00ed u ka\u017edodenn\u00edch \u0161perk\u016f oce\u0148uj\u00ed eleganci a origin\u00e1ln\u00ed design.<\/p>","protected":false},"featured_media":18674,"comment_status":"closed","ping_status":"closed","template":"","meta":{"om_disable_all_campaigns":false},"product_brand":[2284,2350],"product_cat":[1384,690,1930,176,2072],"product_tag":[2543,3940,3710,3807,4010,2332,3930,4011,2522],"class_list":{"0":"post-14687","1":"product","2":"type-product","3":"status-publish","4":"has-post-thumbnail","6":"product_brand-staviori","7":"product_brand-verona","8":"product_cat-bizuteria","9":"product_cat-lancuszki","10":"product_cat-zloto-2","11":"product_cat-zloto","12":"product_cat-zloty-lancuszek","13":"product_tag-bizuteria-zlota","14":"product_tag-delikatny-lancuszek","15":"product_tag-elegancja","16":"product_tag-lancuszek","17":"product_tag-lzx1494","18":"product_tag-prezent","19":"product_tag-spiga","20":"product_tag-xaa1432","21":"product_tag-zolte-zloto","22":"pa_kolor-zolte","23":"pa_kruszec-zloto","24":"pa_proba-0-333","25":"pa_rozmiar-40cm","26":"pa_rozmiar-42cm","27":"pa_rozmiar-45cm","28":"pa_rozmiar-50cm","29":"pa_szerokosc-0-8mm","30":"pa_waga-120g","32":"first","33":"instock","34":"purchasable","35":"product-type-variable","36":"has-default-attributes"},"aioseo_notices":[],"_links":{"self":[{"href":"https:\/\/staviori.com.pl\/cs\/wp-json\/wp\/v2\/product\/14687","targetHints":{"allow":["GET"]}}],"collection":[{"href":"https:\/\/staviori.com.pl\/cs\/wp-json\/wp\/v2\/product"}],"about":[{"href":"https:\/\/staviori.com.pl\/cs\/wp-json\/wp\/v2\/types\/product"}],"replies":[{"embeddable":true,"href":"https:\/\/staviori.com.pl\/cs\/wp-json\/wp\/v2\/comments?post=14687"}],"wp:featuredmedia":[{"embeddable":true,"href":"https:\/\/staviori.com.pl\/cs\/wp-json\/wp\/v2\/media\/18674"}],"wp:attachment":[{"href":"https:\/\/staviori.com.pl\/cs\/wp-json\/wp\/v2\/media?parent=14687"}],"wp:term":[{"taxonomy":"product_brand","embeddable":true,"href":"https:\/\/staviori.com.pl\/cs\/wp-json\/wp\/v2\/product_brand?post=14687"},{"taxonomy":"product_cat","embeddable":true,"href":"https:\/\/staviori.com.pl\/cs\/wp-json\/wp\/v2\/product_cat?post=14687"},{"taxonomy":"product_tag","embeddable":true,"href":"https:\/\/staviori.com.pl\/cs\/wp-json\/wp\/v2\/product_tag?post=14687"}],"curies":[{"name":"wp","href":"https:\/\/api.w.org\/{rel}","templated":true}]}}