{"id":14683,"date":"2025-02-24T22:46:56","date_gmt":"2025-02-24T21:46:56","guid":{"rendered":"https:\/\/staviori.com.pl\/product\/zloty-lancuszek-lzx0430\/"},"modified":"2026-02-11T00:09:49","modified_gmt":"2026-02-10T23:09:49","slug":"zloty-lancuszek-lzx0430","status":"publish","type":"product","link":"https:\/\/staviori.com.pl\/cs\/product\/zloty-lancuszek-lzx0430\/","title":{"rendered":"Zlat\u00fd panc\u00e9\u0159ov\u00fd \u0159et\u011bz vzorek 585 velikost 50\/55cm"},"content":{"rendered":"<p>Model: LZX0430<br \/>\nWaga ok. 3,65g<\/p>\n<p>\u0141a\u0144cuszek z\u0142oty<br \/>\nRozmiary: 50 cm \/ 55 cm \/ 60 cm <\/p>\n<p>FULL PANCER<br \/>\n\u017dlut\u00e9 zlato 0,585.<\/p>\n<p>Szeroko\u015b\u0107 ok. 2,5 mm.<\/p>","protected":false},"excerpt":{"rendered":"<p>Elegancki 50 cm \u0142a\u0144cuszek pancerka pe\u0142na wykonany z najwy\u017cszej pr\u00f3by \u017c\u00f3\u0142tego z\u0142ota 0,585. Subtelna szeroko\u015b\u0107 ogniw 2 mm nadaje mu uniwersalny i ponadczasowy charakter. Delikatny, a zarazem wyrazisty wz\u00f3r pi\u0119knie podkre\u015bli ka\u017cdy dekolt, doskonale komponuj\u0105c si\u0119 zar\u00f3wno z codziennymi, jak i eleganckimi stylizacjami. L\u015bni\u0105ca powierzchnia z\u0142ota przyci\u0105ga spojrzenia, dodaj\u0105c szyku i klasy.<\/p>","protected":false},"featured_media":20048,"comment_status":"closed","ping_status":"closed","template":"","meta":{"om_disable_all_campaigns":false},"product_brand":[2284],"product_cat":[690,1930,2072],"product_tag":[2543,5344,5341,3965,5342,5343,2487,4004],"class_list":{"0":"post-14683","1":"product","2":"type-product","3":"status-publish","4":"has-post-thumbnail","6":"product_brand-staviori","7":"product_cat-lancuszki","8":"product_cat-zloto-2","9":"product_cat-zloty-lancuszek","10":"product_tag-bizuteria-zlota","11":"product_tag-damski-lancuszek","12":"product_tag-lancuszek-50-cm","13":"product_tag-lancuszek-pancerka","14":"product_tag-lancuszek-pancerka-pelna","15":"product_tag-meski-lancuszek","16":"product_tag-unisex","17":"product_tag-zloty-lancuszek","18":"pa_kolor-zolte","19":"pa_kruszec-zloto","20":"pa_proba-0-585","21":"pa_rozmiar-50cm","22":"pa_rozmiar-55cm","23":"pa_rozmiar-60cm","24":"pa_szerokosc-2mm","26":"first","27":"instock","28":"purchasable","29":"product-type-variable","30":"has-default-attributes"},"aioseo_notices":[],"_links":{"self":[{"href":"https:\/\/staviori.com.pl\/cs\/wp-json\/wp\/v2\/product\/14683","targetHints":{"allow":["GET"]}}],"collection":[{"href":"https:\/\/staviori.com.pl\/cs\/wp-json\/wp\/v2\/product"}],"about":[{"href":"https:\/\/staviori.com.pl\/cs\/wp-json\/wp\/v2\/types\/product"}],"replies":[{"embeddable":true,"href":"https:\/\/staviori.com.pl\/cs\/wp-json\/wp\/v2\/comments?post=14683"}],"wp:featuredmedia":[{"embeddable":true,"href":"https:\/\/staviori.com.pl\/cs\/wp-json\/wp\/v2\/media\/20048"}],"wp:attachment":[{"href":"https:\/\/staviori.com.pl\/cs\/wp-json\/wp\/v2\/media?parent=14683"}],"wp:term":[{"taxonomy":"product_brand","embeddable":true,"href":"https:\/\/staviori.com.pl\/cs\/wp-json\/wp\/v2\/product_brand?post=14683"},{"taxonomy":"product_cat","embeddable":true,"href":"https:\/\/staviori.com.pl\/cs\/wp-json\/wp\/v2\/product_cat?post=14683"},{"taxonomy":"product_tag","embeddable":true,"href":"https:\/\/staviori.com.pl\/cs\/wp-json\/wp\/v2\/product_tag?post=14683"}],"curies":[{"name":"wp","href":"https:\/\/api.w.org\/{rel}","templated":true}]}}