{"id":14682,"date":"2025-02-24T22:46:56","date_gmt":"2025-02-24T21:46:56","guid":{"rendered":"https:\/\/staviori.com.pl\/product\/zloty-lancuszek-lzg6066\/"},"modified":"2026-02-11T00:09:48","modified_gmt":"2026-02-10T23:09:48","slug":"zloty-lancuszek-lzg6066","status":"publish","type":"product","link":"https:\/\/staviori.com.pl\/cs\/product\/zloty-lancuszek-lzg6066\/","title":{"rendered":"Zlat\u00fd \u0159et\u00edzek s vazbou ROLO ve zlat\u00e9 barv\u011b vzorek 585 42\/45\/50 cm"},"content":{"rendered":"<p>Model: LZG6066<br \/>\nWaga ok. 0,85g<\/p>\n<p>\u0141a\u0144cuszek 42\/45\/50 cm<br \/>\n\u017dlut\u00e9 zlato 0,585.<\/p>\n<p>Szeroko\u015b\u0107 0.9 mm.<\/p>\n<p>Splot ROLO<\/p>","protected":false},"excerpt":{"rendered":"<p>Subtelny \u0142a\u0144cuszek z\u0142oty o splocie typu Rolo, wykonany z wysokiej jako\u015bci \u017c\u00f3\u0142tego z\u0142ota pr\u00f3by 0,585. Jego delikatna konstrukcja i klasyczny charakter czyni\u0105 go idealnym dodatkiem do codziennych stylizacji oraz eleganckich okazji. D\u0142ugo\u015b\u0107 42 cm pi\u0119knie uk\u0142ada si\u0119 na dekolcie, a niewielka szeroko\u015b\u0107 \u0142a\u0144cuszka podkre\u015bla jego finezyjny charakter. \u015awietnie prezentuje si\u0119 zar\u00f3wno solo, jak i w towarzystwie zawieszki.<\/p>","protected":false},"featured_media":20032,"comment_status":"closed","ping_status":"closed","template":"","meta":{"om_disable_all_campaigns":false},"product_brand":[2284],"product_cat":[690,1930,2072],"product_tag":[2565,5338,3934,5340,5339,2384,4004,2522],"class_list":{"0":"post-14682","1":"product","2":"type-product","3":"status-publish","4":"has-post-thumbnail","6":"product_brand-staviori","7":"product_cat-lancuszki","8":"product_cat-zloto-2","9":"product_cat-zloty-lancuszek","10":"product_tag-delikatna-bizuteria","11":"product_tag-lancuszek-42-cm","12":"product_tag-lancuszek-do-zawieszki","13":"product_tag-lancuszek-rolo","14":"product_tag-lzg6066","15":"product_tag-minimalistyczna-bizuteria","16":"product_tag-zloty-lancuszek","17":"product_tag-zolte-zloto","18":"pa_dostawca-gese","19":"pa_kolor-zolte","20":"pa_kruszec-zloto","21":"pa_proba-0-585","22":"pa_rozmiar-42cm","23":"pa_rozmiar-45cm","24":"pa_rozmiar-50cm","25":"pa_szerokosc-0-9mm","26":"pa_waga-0-85g","28":"first","29":"instock","30":"purchasable","31":"product-type-variable","32":"has-default-attributes"},"aioseo_notices":[],"_links":{"self":[{"href":"https:\/\/staviori.com.pl\/cs\/wp-json\/wp\/v2\/product\/14682","targetHints":{"allow":["GET"]}}],"collection":[{"href":"https:\/\/staviori.com.pl\/cs\/wp-json\/wp\/v2\/product"}],"about":[{"href":"https:\/\/staviori.com.pl\/cs\/wp-json\/wp\/v2\/types\/product"}],"replies":[{"embeddable":true,"href":"https:\/\/staviori.com.pl\/cs\/wp-json\/wp\/v2\/comments?post=14682"}],"wp:featuredmedia":[{"embeddable":true,"href":"https:\/\/staviori.com.pl\/cs\/wp-json\/wp\/v2\/media\/20032"}],"wp:attachment":[{"href":"https:\/\/staviori.com.pl\/cs\/wp-json\/wp\/v2\/media?parent=14682"}],"wp:term":[{"taxonomy":"product_brand","embeddable":true,"href":"https:\/\/staviori.com.pl\/cs\/wp-json\/wp\/v2\/product_brand?post=14682"},{"taxonomy":"product_cat","embeddable":true,"href":"https:\/\/staviori.com.pl\/cs\/wp-json\/wp\/v2\/product_cat?post=14682"},{"taxonomy":"product_tag","embeddable":true,"href":"https:\/\/staviori.com.pl\/cs\/wp-json\/wp\/v2\/product_tag?post=14682"}],"curies":[{"name":"wp","href":"https:\/\/api.w.org\/{rel}","templated":true}]}}