{"id":14681,"date":"2025-02-24T22:46:56","date_gmt":"2025-02-24T21:46:56","guid":{"rendered":"https:\/\/staviori.com.pl\/product\/zloty-lancuszek-lzg6064\/"},"modified":"2026-02-11T00:09:48","modified_gmt":"2026-02-10T23:09:48","slug":"zloty-lancuszek-lzg6064","status":"publish","type":"product","link":"https:\/\/staviori.com.pl\/cs\/product\/zloty-lancuszek-lzg6064\/","title":{"rendered":"Zlat\u00fd \u0159et\u00edzek na kotn\u00edk 42cm\/50cm vzorek 585"},"content":{"rendered":"<p>Model: LZG6064<br \/>\nWaga ok. 1,66g<\/p>\n<p>\u0141a\u0144cuszek 42 cm.<br \/>\n\u017dlut\u00e9 zlato 0,585.<\/p>\n<p>Szeroko\u015b\u0107 0.9 mm.<\/p>\n<p>\u0141a\u0144cuszek z\u0142oty typu kostka.<\/p>","protected":false},"excerpt":{"rendered":"<p>Delikatny z\u0142oty \u0142a\u0144cuszek o klasycznym splocie typu kostka, wykonany z \u017c\u00f3\u0142tego z\u0142ota pr\u00f3by 0,585. Jego subtelna forma i elegancki po\u0142ysk sprawiaj\u0105, \u017ce idealnie komponuje si\u0119 zar\u00f3wno z zawieszkami, jak i noszony samodzielnie. D\u0142ugo\u015b\u0107 42 cm zapewnia doskona\u0142e u\u0142o\u017cenie na dekolcie, podkre\u015blaj\u0105c jego kobiecy urok. Doskona\u0142y wyb\u00f3r dla mi\u0142o\u015bniczek minimalistycznej i ponadczasowej bi\u017cuterii.<\/p>","protected":false},"featured_media":3338,"comment_status":"closed","ping_status":"closed","template":"","meta":{"om_disable_all_campaigns":false},"product_brand":[2284],"product_cat":[690,1930,2072],"product_tag":[2543,5338,3918,5337,5336,2384,4004,2522],"class_list":{"0":"post-14681","1":"product","2":"type-product","3":"status-publish","4":"has-post-thumbnail","6":"product_brand-staviori","7":"product_cat-lancuszki","8":"product_cat-zloto-2","9":"product_cat-zloty-lancuszek","10":"product_tag-bizuteria-zlota","11":"product_tag-lancuszek-42-cm","12":"product_tag-lancuszek-damski","13":"product_tag-lancuszek-typu-kostka","14":"product_tag-lzg6064","15":"product_tag-minimalistyczna-bizuteria","16":"product_tag-zloty-lancuszek","17":"product_tag-zolte-zloto","18":"pa_dostawca-gese","19":"pa_kolor-zolte","20":"pa_kruszec-zloto","21":"pa_proba-0-585","22":"pa_rozmiar-42cm","23":"pa_rozmiar-50cm","24":"pa_szerokosc-0-9mm","25":"pa_waga-1-66g","27":"first","28":"instock","29":"purchasable","30":"product-type-variable","31":"has-default-attributes"},"aioseo_notices":[],"_links":{"self":[{"href":"https:\/\/staviori.com.pl\/cs\/wp-json\/wp\/v2\/product\/14681","targetHints":{"allow":["GET"]}}],"collection":[{"href":"https:\/\/staviori.com.pl\/cs\/wp-json\/wp\/v2\/product"}],"about":[{"href":"https:\/\/staviori.com.pl\/cs\/wp-json\/wp\/v2\/types\/product"}],"replies":[{"embeddable":true,"href":"https:\/\/staviori.com.pl\/cs\/wp-json\/wp\/v2\/comments?post=14681"}],"wp:featuredmedia":[{"embeddable":true,"href":"https:\/\/staviori.com.pl\/cs\/wp-json\/wp\/v2\/media\/3338"}],"wp:attachment":[{"href":"https:\/\/staviori.com.pl\/cs\/wp-json\/wp\/v2\/media?parent=14681"}],"wp:term":[{"taxonomy":"product_brand","embeddable":true,"href":"https:\/\/staviori.com.pl\/cs\/wp-json\/wp\/v2\/product_brand?post=14681"},{"taxonomy":"product_cat","embeddable":true,"href":"https:\/\/staviori.com.pl\/cs\/wp-json\/wp\/v2\/product_cat?post=14681"},{"taxonomy":"product_tag","embeddable":true,"href":"https:\/\/staviori.com.pl\/cs\/wp-json\/wp\/v2\/product_tag?post=14681"}],"curies":[{"name":"wp","href":"https:\/\/api.w.org\/{rel}","templated":true}]}}