{"id":14679,"date":"2025-02-24T22:46:56","date_gmt":"2025-02-24T21:46:56","guid":{"rendered":"https:\/\/staviori.com.pl\/product\/zloty-lancuszek-lxx4241\/"},"modified":"2026-04-08T14:25:37","modified_gmt":"2026-04-08T12:25:37","slug":"zloty-lancuszek-lxx4241","status":"publish","type":"product","link":"https:\/\/staviori.com.pl\/cs\/product\/zloty-lancuszek-lxx4241\/","title":{"rendered":"zlat\u00fd \u0159et\u00edzek 585 SPIGA - velikosti 42\/45\/50cm"},"content":{"rendered":"<p>Model: LXX4241<br \/>\nWaga ok. 2,75g<\/p>\n<p>\u0141a\u0144cuszek SPIGA<br \/>\n\u017dlut\u00e9 zlato 0,585.<\/p>\n<p>Szeroko\u015b\u0107 1.52 mm.<\/p>\n<p>Rozmiary:<br \/>\n42cm (2,75g)<br \/>\n45cm (2,95g)<br \/>\n50cm (3,15g)<\/p>","protected":false},"excerpt":{"rendered":"<p>Elegancki \u0142a\u0144cuszek typu Spiga wykonany z 14-karatowego \u017c\u00f3\u0142tego z\u0142ota. Jego wyj\u0105tkowy splot o splatanych, mi\u0119kko uk\u0142adaj\u0105cych si\u0119 ogniwach zachwyca subtelnym blaskiem i trwa\u0142o\u015bci\u0105. Doskona\u0142y wyb\u00f3r dla os\u00f3b ceni\u0105cych ponadczasow\u0105 bi\u017cuteri\u0119, kt\u00f3ra pi\u0119knie podkre\u015bla dekolt. Idealny zar\u00f3wno do codziennych stylizacji, jak i na wyj\u0105tkowe okazje.<\/p>","protected":false},"featured_media":21770,"comment_status":"closed","ping_status":"closed","template":"","meta":{"om_disable_all_campaigns":false},"product_brand":[2284,2350],"product_cat":[1384,690,1930,176,2072],"product_tag":[6761,6759,6762,3918,6766,4784,3930,6767,3724,6763,2364],"class_list":{"0":"post-14679","1":"product","2":"type-product","3":"status-publish","4":"has-post-thumbnail","6":"product_brand-staviori","7":"product_brand-verona","8":"product_cat-bizuteria","9":"product_cat-lancuszki","10":"product_cat-zloto-2","11":"product_cat-zloto","12":"product_cat-zloty-lancuszek","13":"product_tag-collier-en-or","14":"product_tag-gold-chain","15":"product_tag-goldkette-585","16":"product_tag-lancuszek-damski","17":"product_tag-lancuszek-klasyczny","18":"product_tag-lancuszek-zloty","19":"product_tag-spiga","20":"product_tag-spiga-chain","21":"product_tag-staviori","22":"product_tag-zlaty-retizek","23":"product_tag-zloto-585","24":"pa_kolor-zolte","25":"pa_kruszec-zloto","26":"pa_proba-0-585","27":"pa_rozmiar-42cm","28":"pa_rozmiar-45cm","29":"pa_rozmiar-50cm","30":"pa_rozmiar-55cm","31":"pa_szerokosc-1-52mm","32":"pa_waga-2-75g","34":"first","35":"instock","36":"purchasable","37":"product-type-variable"},"aioseo_notices":[],"_links":{"self":[{"href":"https:\/\/staviori.com.pl\/cs\/wp-json\/wp\/v2\/product\/14679","targetHints":{"allow":["GET"]}}],"collection":[{"href":"https:\/\/staviori.com.pl\/cs\/wp-json\/wp\/v2\/product"}],"about":[{"href":"https:\/\/staviori.com.pl\/cs\/wp-json\/wp\/v2\/types\/product"}],"replies":[{"embeddable":true,"href":"https:\/\/staviori.com.pl\/cs\/wp-json\/wp\/v2\/comments?post=14679"}],"wp:featuredmedia":[{"embeddable":true,"href":"https:\/\/staviori.com.pl\/cs\/wp-json\/wp\/v2\/media\/21770"}],"wp:attachment":[{"href":"https:\/\/staviori.com.pl\/cs\/wp-json\/wp\/v2\/media?parent=14679"}],"wp:term":[{"taxonomy":"product_brand","embeddable":true,"href":"https:\/\/staviori.com.pl\/cs\/wp-json\/wp\/v2\/product_brand?post=14679"},{"taxonomy":"product_cat","embeddable":true,"href":"https:\/\/staviori.com.pl\/cs\/wp-json\/wp\/v2\/product_cat?post=14679"},{"taxonomy":"product_tag","embeddable":true,"href":"https:\/\/staviori.com.pl\/cs\/wp-json\/wp\/v2\/product_tag?post=14679"}],"curies":[{"name":"wp","href":"https:\/\/api.w.org\/{rel}","templated":true}]}}