{"id":14671,"date":"2025-02-24T22:46:56","date_gmt":"2025-02-24T21:46:56","guid":{"rendered":"https:\/\/staviori.com.pl\/product\/srebrny-lancuszek-lsx6018\/"},"modified":"2026-04-13T23:09:34","modified_gmt":"2026-04-13T21:09:34","slug":"srebrny-lancuszek-lsx6018","status":"publish","type":"product","link":"https:\/\/staviori.com.pl\/cs\/product\/srebrny-lancuszek-lsx6018\/","title":{"rendered":"St\u0159\u00edbrn\u00fd \u0159et\u00edzek figaro unisex 4mm 50\/55cm"},"content":{"rendered":"<p>Model: LSX6018<br \/>\nWaga ok. 6,15g<\/p>\n<p>\u0141a\u0144cuszek 50cm \/ 55cm<br \/>\nSt\u0159\u00edbro 0,925.<br \/>\n\u0160\u00ed\u0159ka 4 mm.<\/p>","protected":false},"excerpt":{"rendered":"<p>Srebrny \u0142a\u0144cuszek o splocie Figaro to klasyka bi\u017cuterii, kt\u00f3ra nigdy nie wychodzi z mody. Wykonany ze srebra pr\u00f3by 0,925, zachwyca wyrazistym wzorem z\u0142o\u017conym z naprzemiennie u\u0142o\u017conych d\u0142u\u017cszych i kr\u00f3tszych ogniw. Szeroko\u015b\u0107 4 mm sprawia, \u017ce \u0142a\u0144cuszek prezentuje si\u0119 stylowo i elegancko, doskonale pasuj\u0105c do ka\u017cdej stylizacji. Idealny zar\u00f3wno dla kobiet, jak i m\u0119\u017cczyzn, jako subtelny, ale efektowny dodatek na ka\u017cd\u0105 okazj\u0119.<\/p>","protected":false},"featured_media":3307,"comment_status":"closed","ping_status":"closed","template":"","meta":{"om_disable_all_campaigns":false},"product_brand":[2284,2350],"product_cat":[1384,690,2075,1817,145],"product_tag":[2317,3926,3919,3927,3918,3917,3928,2332,3915,1413,2427,2487],"class_list":{"0":"post-14671","1":"product","2":"type-product","3":"status-publish","4":"has-post-thumbnail","6":"product_brand-staviori","7":"product_brand-verona","8":"product_cat-bizuteria","9":"product_cat-lancuszki","10":"product_cat-srebrny-lancuszek","11":"product_cat-srebro-2","12":"product_cat-srebro","13":"product_tag-elegancka-bizuteria","14":"product_tag-figaro","15":"product_tag-klasyczny-lancuszek","16":"product_tag-l050577","17":"product_tag-lancuszek-damski","18":"product_tag-lancuszek-meski","19":"product_tag-lsx6018","20":"product_tag-prezent","21":"product_tag-srebrny-lancuszek","22":"product_tag-srebro","23":"product_tag-srebro-925","24":"product_tag-unisex","25":"pa_kruszec-srebro","26":"pa_proba-0-925","27":"pa_rozmiar-50cm","28":"pa_rozmiar-55cm","29":"pa_szerokosc-4mm","30":"pa_waga-6-15g","31":"pa_zapiecie-karabinczyk","33":"first","34":"instock","35":"purchasable","36":"product-type-variable","37":"has-default-attributes"},"aioseo_notices":[],"_links":{"self":[{"href":"https:\/\/staviori.com.pl\/cs\/wp-json\/wp\/v2\/product\/14671","targetHints":{"allow":["GET"]}}],"collection":[{"href":"https:\/\/staviori.com.pl\/cs\/wp-json\/wp\/v2\/product"}],"about":[{"href":"https:\/\/staviori.com.pl\/cs\/wp-json\/wp\/v2\/types\/product"}],"replies":[{"embeddable":true,"href":"https:\/\/staviori.com.pl\/cs\/wp-json\/wp\/v2\/comments?post=14671"}],"wp:featuredmedia":[{"embeddable":true,"href":"https:\/\/staviori.com.pl\/cs\/wp-json\/wp\/v2\/media\/3307"}],"wp:attachment":[{"href":"https:\/\/staviori.com.pl\/cs\/wp-json\/wp\/v2\/media?parent=14671"}],"wp:term":[{"taxonomy":"product_brand","embeddable":true,"href":"https:\/\/staviori.com.pl\/cs\/wp-json\/wp\/v2\/product_brand?post=14671"},{"taxonomy":"product_cat","embeddable":true,"href":"https:\/\/staviori.com.pl\/cs\/wp-json\/wp\/v2\/product_cat?post=14671"},{"taxonomy":"product_tag","embeddable":true,"href":"https:\/\/staviori.com.pl\/cs\/wp-json\/wp\/v2\/product_tag?post=14671"}],"curies":[{"name":"wp","href":"https:\/\/api.w.org\/{rel}","templated":true}]}}