{"id":14670,"date":"2025-02-24T22:46:56","date_gmt":"2025-02-24T21:46:56","guid":{"rendered":"https:\/\/staviori.com.pl\/product\/srebrny-lancuszek-lsx5875\/"},"modified":"2026-04-20T01:08:53","modified_gmt":"2026-04-19T23:08:53","slug":"srebrny-lancuszek-lsx5875","status":"publish","type":"product","link":"https:\/\/staviori.com.pl\/cs\/product\/srebrny-lancuszek-lsx5875\/","title":{"rendered":"St\u0159\u00edbrn\u00fd rhodiovan\u00fd \u0159et\u00edzek SPIGA 1,4 mm 45 cm"},"content":{"rendered":"<p>Model: LSX5875<br \/>\nHmotnost p\u0159ibli\u017en\u011b 3,50 g<\/p>\n<p>\u0158et\u011bz 45 cm.<br \/>\n0,925 rhodiovan\u00e9 st\u0159\u00edbro.<br \/>\nTlou\u0161\u0165ka 1,4 mm.<\/p>\n<p>\u0158et\u00edzek je vyroben ze st\u0159\u00edbra nejvy\u0161\u0161\u00ed kvality 0,925.<br \/>\nSpiga vazba, kulat\u00fd pr\u016f\u0159ez, velmi pru\u017en\u00e1. Brou\u0161en\u00fd povrch, Vypad\u00e1 kr\u00e1sn\u011b i jako samostatn\u00fd n\u00e1hrdeln\u00edk.<\/p>","protected":false},"excerpt":{"rendered":"<p>Jemn\u00fd \u0159et\u00edzek s v\u00fdpletem spiga, vyroben\u00fd z rhodiovan\u00e9ho st\u0159\u00edbra 0,925. Jemn\u011b le\u0161t\u011bn\u00fd povrch kr\u00e1sn\u011b odr\u00e1\u017e\u00ed sv\u011btlo a dod\u00e1v\u00e1 \u0161perku jedine\u010dn\u00fd lesk. D\u00edky kulat\u00e9mu pr\u016f\u0159ezu a neobvykl\u00e9 pru\u017enosti \u0159et\u00edzek dokonale padne na krk. Je to univerz\u00e1ln\u00ed n\u00e1vrh, kter\u00fd vypad\u00e1 skv\u011ble jak samostatn\u011b, tak s p\u0159\u00edv\u011bskem.<\/p>","protected":false},"featured_media":3305,"comment_status":"closed","ping_status":"closed","template":"","meta":{"om_disable_all_campaigns":false},"product_brand":[2284,2350],"product_cat":[690,2075,1817],"product_tag":[3932,3933,2317,3931,3934,3936,3929,2332,3930,3915,2426,3935],"class_list":{"0":"post-14670","1":"product","2":"type-product","3":"status-publish","4":"has-post-thumbnail","6":"product_brand-staviori","7":"product_brand-verona","8":"product_cat-lancuszki","9":"product_cat-srebrny-lancuszek","10":"product_cat-srebro-2","11":"product_tag-3932","12":"product_tag-delikatny-naszyjnik","13":"product_tag-elegancka-bizuteria","14":"product_tag-lancuszek-0","15":"product_tag-lancuszek-do-zawieszki","16":"product_tag-lr35112","17":"product_tag-lsx5875","18":"product_tag-prezent","19":"product_tag-spiga","20":"product_tag-srebrny-lancuszek","21":"product_tag-srebro-rodowane","22":"product_tag-wheat-chain","23":"pa_grubosc-1-4mm","24":"pa_kruszec-srebro-rodowane","25":"pa_proba-0-925","26":"pa_splot-spiga","27":"pa_waga-350g","29":"first","30":"instock","31":"purchasable","32":"product-type-simple"},"aioseo_notices":[],"_links":{"self":[{"href":"https:\/\/staviori.com.pl\/cs\/wp-json\/wp\/v2\/product\/14670","targetHints":{"allow":["GET"]}}],"collection":[{"href":"https:\/\/staviori.com.pl\/cs\/wp-json\/wp\/v2\/product"}],"about":[{"href":"https:\/\/staviori.com.pl\/cs\/wp-json\/wp\/v2\/types\/product"}],"replies":[{"embeddable":true,"href":"https:\/\/staviori.com.pl\/cs\/wp-json\/wp\/v2\/comments?post=14670"}],"wp:featuredmedia":[{"embeddable":true,"href":"https:\/\/staviori.com.pl\/cs\/wp-json\/wp\/v2\/media\/3305"}],"wp:attachment":[{"href":"https:\/\/staviori.com.pl\/cs\/wp-json\/wp\/v2\/media?parent=14670"}],"wp:term":[{"taxonomy":"product_brand","embeddable":true,"href":"https:\/\/staviori.com.pl\/cs\/wp-json\/wp\/v2\/product_brand?post=14670"},{"taxonomy":"product_cat","embeddable":true,"href":"https:\/\/staviori.com.pl\/cs\/wp-json\/wp\/v2\/product_cat?post=14670"},{"taxonomy":"product_tag","embeddable":true,"href":"https:\/\/staviori.com.pl\/cs\/wp-json\/wp\/v2\/product_tag?post=14670"}],"curies":[{"name":"wp","href":"https:\/\/api.w.org\/{rel}","templated":true}]}}