{"id":14665,"date":"2025-02-24T22:46:56","date_gmt":"2025-02-24T21:46:56","guid":{"rendered":"https:\/\/staviori.com.pl\/product\/srebrny-lancuszek-ldx4425\/"},"modified":"2026-04-08T14:37:20","modified_gmt":"2026-04-08T12:37:20","slug":"srebrny-lancuszek-ldx4425","status":"publish","type":"product","link":"https:\/\/staviori.com.pl\/cs\/product\/srebrny-lancuszek-ldx4425\/","title":{"rendered":"St\u0159\u00edbrn\u00fd rhodiovan\u00fd \u0159et\u00edzek SINGAPUR vazba 1,8mm 42\/45\/50cm"},"content":{"rendered":"<p>Model: LDX4425<br \/>\nHmotnost p\u0159ibli\u017en\u011b 2,10 g<\/p>\n<p>\u0141a\u0144cuszek 42cm<br \/>\n0,925 rhodiovan\u00e9 st\u0159\u00edbro.<br \/>\nSzeroko\u015b\u0107 1.8 mm.<\/p>\n<p>Splot typu singapur, skr\u0119cany. Szeroko\u015b\u0107 splotu 1,8 mm, grubo\u015b\u0107 0,6 mm, powierzchnia szlifowana. Dzi\u0119ki skr\u0119ceniu,<br \/>\n\u0142a\u0144cuszek bardzo \u0142adnie po\u0142yskuje. \u015awietny wz\u00f3r do noszenia wszelkich zawieszek, wisior\u00f3w, medalik\u00f3w. Bardzo dobrze prezentuje sie r\u00f3wnie\u017c noszony samodzielnie.<\/p>","protected":false},"excerpt":{"rendered":"<p>Elegancki \u0142a\u0144cuszek o splocie Singapur, wykonany z rodowanego srebra pr\u00f3by 0,925, zachwyca subtelnym skr\u0119conym wzorem i pi\u0119knym po\u0142yskiem. Szeroko\u015b\u0107 splotu 1,8 mm sprawia, \u017ce \u0142a\u0144cuszek doskonale nadaje si\u0119 do noszenia z zawieszkami, wisiorkami czy medalikami, ale prezentuje si\u0119 r\u00f3wnie efektownie solo. Dzi\u0119ki starannemu szlifowaniu, ka\u017cdy ruch podkre\u015bla wyj\u0105tkowy blask bi\u017cuterii. To uniwersalny dodatek, kt\u00f3ry sprawdzi si\u0119 na ka\u017cd\u0105 okazj\u0119.<\/p>","protected":false},"featured_media":18600,"comment_status":"closed","ping_status":"closed","template":"","meta":{"om_disable_all_campaigns":false},"product_brand":[2284,2350],"product_cat":[1384,690,2075,1817,145],"product_tag":[2317,3934,3950,2332,2455,1403,3939,2549,3915,2427],"class_list":{"0":"post-14665","1":"product","2":"type-product","3":"status-publish","4":"has-post-thumbnail","6":"product_brand-staviori","7":"product_brand-verona","8":"product_cat-bizuteria","9":"product_cat-lancuszki","10":"product_cat-srebrny-lancuszek","11":"product_cat-srebro-2","12":"product_cat-srebro","13":"product_tag-elegancka-bizuteria","14":"product_tag-lancuszek-do-zawieszki","15":"product_tag-ldx4425","16":"product_tag-prezent","17":"product_tag-rodowane-srebro","18":"product_tag-singapur","19":"product_tag-skrecany-lancuszek","20":"product_tag-splot-singapur","21":"product_tag-srebrny-lancuszek","22":"product_tag-srebro-925","23":"pa_kruszec-srebro-rodowane","24":"pa_proba-0-925","25":"pa_rozmiar-42cm","26":"pa_rozmiar-45cm","27":"pa_rozmiar-50cm","28":"pa_splot-singapur","29":"pa_waga-219g","31":"first","32":"instock","33":"purchasable","34":"product-type-variable","35":"has-default-attributes"},"aioseo_notices":[],"_links":{"self":[{"href":"https:\/\/staviori.com.pl\/cs\/wp-json\/wp\/v2\/product\/14665","targetHints":{"allow":["GET"]}}],"collection":[{"href":"https:\/\/staviori.com.pl\/cs\/wp-json\/wp\/v2\/product"}],"about":[{"href":"https:\/\/staviori.com.pl\/cs\/wp-json\/wp\/v2\/types\/product"}],"replies":[{"embeddable":true,"href":"https:\/\/staviori.com.pl\/cs\/wp-json\/wp\/v2\/comments?post=14665"}],"wp:featuredmedia":[{"embeddable":true,"href":"https:\/\/staviori.com.pl\/cs\/wp-json\/wp\/v2\/media\/18600"}],"wp:attachment":[{"href":"https:\/\/staviori.com.pl\/cs\/wp-json\/wp\/v2\/media?parent=14665"}],"wp:term":[{"taxonomy":"product_brand","embeddable":true,"href":"https:\/\/staviori.com.pl\/cs\/wp-json\/wp\/v2\/product_brand?post=14665"},{"taxonomy":"product_cat","embeddable":true,"href":"https:\/\/staviori.com.pl\/cs\/wp-json\/wp\/v2\/product_cat?post=14665"},{"taxonomy":"product_tag","embeddable":true,"href":"https:\/\/staviori.com.pl\/cs\/wp-json\/wp\/v2\/product_tag?post=14665"}],"curies":[{"name":"wp","href":"https:\/\/api.w.org\/{rel}","templated":true}]}}