{"id":14663,"date":"2025-02-24T22:46:56","date_gmt":"2025-02-24T21:46:56","guid":{"rendered":"https:\/\/staviori.com.pl\/product\/srebrny-lancuszek-ldx1944\/"},"modified":"2026-04-08T14:16:36","modified_gmt":"2026-04-08T12:16:36","slug":"srebrny-lancuszek-ldx1944","status":"publish","type":"product","link":"https:\/\/staviori.com.pl\/cs\/product\/srebrny-lancuszek-ldx1944\/","title":{"rendered":"St\u0159\u00edbrn\u00fd rhodiovan\u00fd \u0159et\u00edzek KORD 2mm 45\/50\/70cm"},"content":{"rendered":"<p>Model: LDX1944<br \/>\nWaga ok. 5,70g<\/p>\n<p>\u0141a\u0144cuszek 45\/50\/70 cm<br \/>\nKORD<br \/>\n0,925 rhodiovan\u00e9 st\u0159\u00edbro.<br \/>\n\u0160\u00ed\u0159ka 2 mm.<\/p>","protected":false},"excerpt":{"rendered":"<p>Elegancki \u0142a\u0144cuszek typu kord wykonany z rodowanego srebra pr\u00f3by 0,925 to klasyka, kt\u00f3ra nigdy nie wychodzi z mody. Uniwersalny charakter oraz subtelny po\u0142ysk sprawiaj\u0105, \u017ce doskonale pasuje zar\u00f3wno do codziennych, jak i bardziej wyj\u0105tkowych stylizacji. Precyzyjne wykonanie i ponadczasowy design czyni\u0105 go idealnym wyborem dla kobiet i m\u0119\u017cczyzn ceni\u0105cych sobie styl i jako\u015b\u0107.<\/p>","protected":false},"featured_media":18616,"comment_status":"closed","ping_status":"closed","template":"","meta":{"om_disable_all_campaigns":false},"product_brand":[2284,2350],"product_cat":[1384,690,2075,1817,145],"product_tag":[2428,3961,3960,3959,2384,2442,2291,2455,3958,3915],"class_list":{"0":"post-14663","1":"product","2":"type-product","3":"status-publish","4":"has-post-thumbnail","6":"product_brand-staviori","7":"product_brand-verona","8":"product_cat-bizuteria","9":"product_cat-lancuszki","10":"product_cat-srebrny-lancuszek","11":"product_cat-srebro-2","12":"product_cat-srebro","13":"product_tag-bizuteria-srebrna","14":"product_tag-lancuszek-kord","15":"product_tag-lancuszek-unisex","16":"product_tag-ldx1944","17":"product_tag-minimalistyczna-bizuteria","18":"product_tag-prezent-dla-niego","19":"product_tag-prezent-dla-niej","20":"product_tag-rodowane-srebro","21":"product_tag-slr1344","22":"product_tag-srebrny-lancuszek","23":"pa_grubosc-2mm","24":"pa_kruszec-srebro-rodowane","25":"pa_proba-0-925","26":"pa_rozmiar-45cm","27":"pa_rozmiar-50cm","28":"pa_rozmiar-70cm","29":"pa_waga-570g","31":"first","32":"instock","33":"purchasable","34":"product-type-variable","35":"has-default-attributes"},"aioseo_notices":[],"_links":{"self":[{"href":"https:\/\/staviori.com.pl\/cs\/wp-json\/wp\/v2\/product\/14663","targetHints":{"allow":["GET"]}}],"collection":[{"href":"https:\/\/staviori.com.pl\/cs\/wp-json\/wp\/v2\/product"}],"about":[{"href":"https:\/\/staviori.com.pl\/cs\/wp-json\/wp\/v2\/types\/product"}],"replies":[{"embeddable":true,"href":"https:\/\/staviori.com.pl\/cs\/wp-json\/wp\/v2\/comments?post=14663"}],"wp:featuredmedia":[{"embeddable":true,"href":"https:\/\/staviori.com.pl\/cs\/wp-json\/wp\/v2\/media\/18616"}],"wp:attachment":[{"href":"https:\/\/staviori.com.pl\/cs\/wp-json\/wp\/v2\/media?parent=14663"}],"wp:term":[{"taxonomy":"product_brand","embeddable":true,"href":"https:\/\/staviori.com.pl\/cs\/wp-json\/wp\/v2\/product_brand?post=14663"},{"taxonomy":"product_cat","embeddable":true,"href":"https:\/\/staviori.com.pl\/cs\/wp-json\/wp\/v2\/product_cat?post=14663"},{"taxonomy":"product_tag","embeddable":true,"href":"https:\/\/staviori.com.pl\/cs\/wp-json\/wp\/v2\/product_tag?post=14663"}],"curies":[{"name":"wp","href":"https:\/\/api.w.org\/{rel}","templated":true}]}}