{"id":14661,"date":"2025-02-24T22:46:52","date_gmt":"2025-02-24T21:46:52","guid":{"rendered":"https:\/\/staviori.com.pl\/product\/srebrny-lancuszek-ldx0104\/"},"modified":"2026-04-08T14:44:31","modified_gmt":"2026-04-08T12:44:31","slug":"srebrny-lancuszek-ldx0104","status":"publish","type":"product","link":"https:\/\/staviori.com.pl\/cs\/product\/srebrny-lancuszek-ldx0104\/","title":{"rendered":"St\u0159\u00edbrn\u00fd rhodiovan\u00fd \u0159et\u00edzek VENETE CIRCLE \u0161\u00ed\u0159ka 1,2mm d\u00e9lka 45cm \/ 50cm"},"content":{"rendered":"<p>Model: LDX0104<br \/>\nWaga ok. 3,95g<\/p>\n<p>\u0141a\u0144cuszek 45\/50cm.<br \/>\nBEN\u00c1TSK\u00c1 DLA\u017dBA<\/p>\n<p>0,925 rhodiovan\u00e9 st\u0159\u00edbro.<br \/>\n\u0160\u00ed\u0159ka 1,2 mm.<\/p>","protected":false},"excerpt":{"rendered":"<p>D\u016fmysln\u00fd 45 cm dlouh\u00fd \u0159et\u00edzek ve tvaru ben\u00e1tsk\u00e9 kostky z rhodiovan\u00e9ho st\u0159\u00edbra 0,925. P\u0159esn\u00e9 geometrick\u00e9 \u010dl\u00e1nky o \u0161\u00ed\u0159ce 1,2 mm vytv\u00e1\u0159ej\u00ed elegantn\u00ed, t\u00e9m\u011b\u0159 architektonick\u00fd tvar, kter\u00fd d\u00edky ochrann\u00e9 vrstv\u011b rhodia jemn\u011b odr\u00e1\u017e\u00ed sv\u011btlo. Ide\u00e1ln\u00ed jako minimalistick\u00e1 ozdoba no\u0161en\u00e1 samostatn\u011b i jako stylov\u00fd z\u00e1klad pro va\u0161e obl\u00edben\u00e9 p\u0159\u00edv\u011bsky nebo medailonky.<\/p>","protected":false},"featured_media":20059,"comment_status":"closed","ping_status":"closed","template":"","meta":{"om_disable_all_campaigns":false},"product_brand":[2284,2350],"product_cat":[1384,690,2075,1817,145],"product_tag":[2428,5352,5351,5353,5350,5349,3915],"class_list":{"0":"post-14661","1":"product","2":"type-product","3":"status-publish","4":"has-post-thumbnail","6":"product_brand-staviori","7":"product_brand-verona","8":"product_cat-bizuteria","9":"product_cat-lancuszki","10":"product_cat-srebrny-lancuszek","11":"product_cat-srebro-2","12":"product_cat-srebro","13":"product_tag-bizuteria-srebrna","14":"product_tag-lancuszek-45-cm","15":"product_tag-lancuszek-kostka-wenecka","16":"product_tag-lancuszek-wenecki-zapytaj-czatbota-chatgpt","17":"product_tag-ldx0104","18":"product_tag-slr1263","19":"product_tag-srebrny-lancuszek","20":"pa_kruszec-srebro-rodowane","21":"pa_proba-0-925","22":"pa_rozmiar-45cm","23":"pa_rozmiar-50cm","24":"pa_splot-kostka-wenecka","25":"pa_szerokosc-1-2mm","27":"first","28":"instock","29":"purchasable","30":"product-type-variable","31":"has-default-attributes"},"aioseo_notices":[],"_links":{"self":[{"href":"https:\/\/staviori.com.pl\/cs\/wp-json\/wp\/v2\/product\/14661","targetHints":{"allow":["GET"]}}],"collection":[{"href":"https:\/\/staviori.com.pl\/cs\/wp-json\/wp\/v2\/product"}],"about":[{"href":"https:\/\/staviori.com.pl\/cs\/wp-json\/wp\/v2\/types\/product"}],"replies":[{"embeddable":true,"href":"https:\/\/staviori.com.pl\/cs\/wp-json\/wp\/v2\/comments?post=14661"}],"wp:featuredmedia":[{"embeddable":true,"href":"https:\/\/staviori.com.pl\/cs\/wp-json\/wp\/v2\/media\/20059"}],"wp:attachment":[{"href":"https:\/\/staviori.com.pl\/cs\/wp-json\/wp\/v2\/media?parent=14661"}],"wp:term":[{"taxonomy":"product_brand","embeddable":true,"href":"https:\/\/staviori.com.pl\/cs\/wp-json\/wp\/v2\/product_brand?post=14661"},{"taxonomy":"product_cat","embeddable":true,"href":"https:\/\/staviori.com.pl\/cs\/wp-json\/wp\/v2\/product_cat?post=14661"},{"taxonomy":"product_tag","embeddable":true,"href":"https:\/\/staviori.com.pl\/cs\/wp-json\/wp\/v2\/product_tag?post=14661"}],"curies":[{"name":"wp","href":"https:\/\/api.w.org\/{rel}","templated":true}]}}