{"id":14660,"date":"2025-02-24T22:46:52","date_gmt":"2025-02-24T21:46:52","guid":{"rendered":"https:\/\/staviori.com.pl\/product\/srebrny-lancuszek-ldx0100\/"},"modified":"2026-02-11T00:08:51","modified_gmt":"2026-02-10T23:08:51","slug":"srebrny-lancuszek-ldx0100","status":"publish","type":"product","link":"https:\/\/staviori.com.pl\/cs\/product\/srebrny-lancuszek-ldx0100\/","title":{"rendered":"Rhodiovan\u00fd st\u0159\u00edbrn\u00fd \u0159et\u00edzek na kotn\u00edk 925 | 42cm"},"content":{"rendered":"<p>Model: LDX0100<br \/>\nWaga ok. 2,55g<\/p>\n<p>\u0141a\u0144cuszek 42cm.<br \/>\n0,925 rhodiovan\u00e9 st\u0159\u00edbro.<\/p>\n<p>Szeroko\u015b\u0107 1 mm.<\/p>","protected":false},"excerpt":{"rendered":"<p>Jemn\u00fd n\u00e1kotn\u00edkov\u00fd \u0159et\u00edzek z rhodiovan\u00e9ho st\u0159\u00edbra. Geometrick\u00fd v\u00fdplet s dokonale symetrick\u00fdmi \u010dl\u00e1nky vytv\u00e1\u0159\u00ed jemn\u00fd lesk a elegantn\u00ed vzhled. Skv\u011ble se hod\u00ed jako z\u00e1klad pro p\u0159\u00edv\u011bsek nebo se nos\u00ed samostatn\u011b a dod\u00e1 stylov\u00fd n\u00e1dech ka\u017ed\u00e9mu outfitu. \u0160perk s univerz\u00e1ln\u00edm charakterem a modern\u00ed formou.<\/p>","protected":false},"featured_media":21807,"comment_status":"closed","ping_status":"closed","template":"","meta":{"om_disable_all_campaigns":false},"product_brand":[2284,2350],"product_cat":[690,2075,1817],"product_tag":[6782,6776,6781,3918,6774,6780,6777,4119,2427,2426,3724,6778],"class_list":{"0":"post-14660","1":"product","2":"type-product","3":"status-publish","4":"has-post-thumbnail","6":"product_brand-staviori","7":"product_brand-verona","8":"product_cat-lancuszki","9":"product_cat-srebrny-lancuszek","10":"product_cat-srebro-2","11":"product_tag-box-chain","12":"product_tag-collier-en-argent","13":"product_tag-kostka","14":"product_tag-lancuszek-damski","15":"product_tag-lancuszek-srebrny","16":"product_tag-ldx0100","17":"product_tag-silberkette-925","18":"product_tag-silver-chain","19":"product_tag-srebro-925","20":"product_tag-srebro-rodowane","21":"product_tag-staviori","22":"product_tag-stribrny-retizek","23":"pa_kruszec-srebro-rodowane","24":"pa_proba-0-925","25":"pa_rozmiar-42cm","26":"pa_szerokosc-1mm","27":"pa_waga-2-55g","29":"first","30":"instock","31":"purchasable","32":"product-type-simple"},"aioseo_notices":[],"_links":{"self":[{"href":"https:\/\/staviori.com.pl\/cs\/wp-json\/wp\/v2\/product\/14660","targetHints":{"allow":["GET"]}}],"collection":[{"href":"https:\/\/staviori.com.pl\/cs\/wp-json\/wp\/v2\/product"}],"about":[{"href":"https:\/\/staviori.com.pl\/cs\/wp-json\/wp\/v2\/types\/product"}],"replies":[{"embeddable":true,"href":"https:\/\/staviori.com.pl\/cs\/wp-json\/wp\/v2\/comments?post=14660"}],"wp:featuredmedia":[{"embeddable":true,"href":"https:\/\/staviori.com.pl\/cs\/wp-json\/wp\/v2\/media\/21807"}],"wp:attachment":[{"href":"https:\/\/staviori.com.pl\/cs\/wp-json\/wp\/v2\/media?parent=14660"}],"wp:term":[{"taxonomy":"product_brand","embeddable":true,"href":"https:\/\/staviori.com.pl\/cs\/wp-json\/wp\/v2\/product_brand?post=14660"},{"taxonomy":"product_cat","embeddable":true,"href":"https:\/\/staviori.com.pl\/cs\/wp-json\/wp\/v2\/product_cat?post=14660"},{"taxonomy":"product_tag","embeddable":true,"href":"https:\/\/staviori.com.pl\/cs\/wp-json\/wp\/v2\/product_tag?post=14660"}],"curies":[{"name":"wp","href":"https:\/\/api.w.org\/{rel}","templated":true}]}}