{"id":14655,"date":"2025-02-24T22:46:52","date_gmt":"2025-02-24T21:46:52","guid":{"rendered":"https:\/\/staviori.com.pl\/product\/zloty-lancuszek-lbx4138\/"},"modified":"2026-02-11T00:09:49","modified_gmt":"2026-02-10T23:09:49","slug":"zloty-lancuszek-lbx4138","status":"publish","type":"product","link":"https:\/\/staviori.com.pl\/cs\/product\/zloty-lancuszek-lbx4138\/","title":{"rendered":"\u0158et\u00edzek SPIGA z b\u00edl\u00e9ho zlata 585, d\u00e9lka 42cm \/ 50cm"},"content":{"rendered":"<p>Model: LBX4138<br \/>\nHmotnost p\u0159ibli\u017en\u011b 1,40 g<\/p>\n<p>\u0158et\u011bz 42\/50 cm.<br \/>\nB\u00edl\u00e9 zlato 0,585.<br \/>\n\u0160\u00ed\u0159ka 0,8 mm.<br \/>\nSPIGA<\/p>","protected":false},"excerpt":{"rendered":"<p>Jemn\u00fd \u0159et\u00edzek Spiga o d\u00e9lce 42 cm nebo 50 cm ze 14kar\u00e1tov\u00e9ho b\u00edl\u00e9ho zlata. Jemn\u011b spl\u00e9tan\u00fd v\u00fdplet o \u0161\u00ed\u0159ce 0,8 mm se jemn\u011b t\u0159pyt\u00ed a vytv\u00e1\u0159\u00ed minimalistick\u00fd, ale elegantn\u00ed dopln\u011bk. D\u00edky lehk\u00e9mu proveden\u00ed se pohodln\u011b nos\u00ed cel\u00fd den, je ide\u00e1ln\u00ed samostatn\u011b nebo s va\u0161\u00edm obl\u00edben\u00fdm p\u0159\u00edv\u011bskem.<\/p>","protected":false},"featured_media":20076,"comment_status":"closed","ping_status":"closed","template":"","meta":{"om_disable_all_campaigns":false},"product_brand":[2284],"product_cat":[690,1930,2072],"product_tag":[5359,5362,5361,2308,3940,3807,5358,5360,2641],"class_list":{"0":"post-14655","1":"product","2":"type-product","3":"status-publish","4":"has-post-thumbnail","6":"product_brand-staviori","7":"product_cat-lancuszki","8":"product_cat-zloto-2","9":"product_cat-zloty-lancuszek","10":"product_tag-42-cm","11":"product_tag-50-cm","12":"product_tag-50cm","13":"product_tag-biale-zloto","14":"product_tag-delikatny-lancuszek","15":"product_tag-lancuszek","16":"product_tag-lancuszek-spiga","17":"product_tag-lekki-lancuszek","18":"product_tag-splot-spiga","19":"pa_kolor-biale","20":"pa_kruszec-zloto","21":"pa_proba-0-585","22":"pa_rozmiar-42cm","23":"pa_rozmiar-50cm","24":"pa_splot-spiga","25":"pa_szerokosc-0-8mm","27":"first","28":"instock","29":"purchasable","30":"product-type-variable","31":"has-default-attributes"},"aioseo_notices":[],"_links":{"self":[{"href":"https:\/\/staviori.com.pl\/cs\/wp-json\/wp\/v2\/product\/14655","targetHints":{"allow":["GET"]}}],"collection":[{"href":"https:\/\/staviori.com.pl\/cs\/wp-json\/wp\/v2\/product"}],"about":[{"href":"https:\/\/staviori.com.pl\/cs\/wp-json\/wp\/v2\/types\/product"}],"replies":[{"embeddable":true,"href":"https:\/\/staviori.com.pl\/cs\/wp-json\/wp\/v2\/comments?post=14655"}],"wp:featuredmedia":[{"embeddable":true,"href":"https:\/\/staviori.com.pl\/cs\/wp-json\/wp\/v2\/media\/20076"}],"wp:attachment":[{"href":"https:\/\/staviori.com.pl\/cs\/wp-json\/wp\/v2\/media?parent=14655"}],"wp:term":[{"taxonomy":"product_brand","embeddable":true,"href":"https:\/\/staviori.com.pl\/cs\/wp-json\/wp\/v2\/product_brand?post=14655"},{"taxonomy":"product_cat","embeddable":true,"href":"https:\/\/staviori.com.pl\/cs\/wp-json\/wp\/v2\/product_cat?post=14655"},{"taxonomy":"product_tag","embeddable":true,"href":"https:\/\/staviori.com.pl\/cs\/wp-json\/wp\/v2\/product_tag?post=14655"}],"curies":[{"name":"wp","href":"https:\/\/api.w.org\/{rel}","templated":true}]}}