{"id":14638,"date":"2025-02-24T22:46:52","date_gmt":"2025-02-24T21:46:52","guid":{"rendered":"https:\/\/staviori.com.pl\/product\/zlote-kolczyki-kzx6546t\/"},"modified":"2026-02-11T00:08:51","modified_gmt":"2026-02-10T23:08:51","slug":"zlote-kolczyki-kzx6546t","status":"publish","type":"product","link":"https:\/\/staviori.com.pl\/cs\/product\/zlote-kolczyki-kzx6546t\/","title":{"rendered":"Zlat\u00e9 n\u00e1u\u0161nice s topasy"},"content":{"rendered":"<p>Model: KZX6546T<br \/>\nHmotnost p\u0159ibli\u017en\u011b 1,20 g<\/p>\n<p>N\u00e1u\u0161nice.<br \/>\n\u017dlut\u00e9 zlato 0,585.<br \/>\n2 Topaz London Blue, o masie 2,60ct.<\/p>\n<p><strong>Produkt dost\u0119pny na zam\u00f3wienie. Termin realizacji oko\u0142o 1 tygodnia.<\/strong><\/p>","protected":false},"excerpt":{"rendered":"<p>Model: KZX6546T Waga ok. 1,20g Kolczyki. \u017b\u00f3\u0142te Z\u0142oto 0,585. 2 Topaz London Blue, o masie 2,60ct. Produkt dost\u0119pny na zam\u00f3wienie. Termin realizacji oko\u0142o 1 tygodnia.<\/p>","protected":false},"featured_media":14639,"comment_status":"closed","ping_status":"closed","template":"","meta":{"om_disable_all_campaigns":false},"product_brand":[2284,2350],"product_cat":[199,2044,1930],"product_tag":[2317,3102,2895,2708,3883,3887,2700,2617,2522],"class_list":{"0":"post-14638","1":"product","2":"type-product","3":"status-publish","4":"has-post-thumbnail","6":"product_brand-staviori","7":"product_brand-verona","8":"product_cat-kolczyki","9":"product_cat-zlote-kolczyki","10":"product_cat-zloto-2","11":"product_tag-elegancka-bizuteria","12":"product_tag-kolczyki-damskie","13":"product_tag-kolczyki-z-topazem","14":"product_tag-kolczyki-zlote","15":"product_tag-kz19920","16":"product_tag-kzx6546t","17":"product_tag-sztyfty","18":"product_tag-topaz-london-blue","19":"product_tag-zolte-zloto","20":"pa_kamien-topaz-london-blue","21":"pa_kolor-zolte","22":"pa_kruszec-zloto","23":"pa_proba-0-585","24":"pa_waga-120g","25":"pa_zapiecie-sztyft","27":"first","28":"onbackorder","29":"purchasable","30":"product-type-simple"},"aioseo_notices":[],"_links":{"self":[{"href":"https:\/\/staviori.com.pl\/cs\/wp-json\/wp\/v2\/product\/14638","targetHints":{"allow":["GET"]}}],"collection":[{"href":"https:\/\/staviori.com.pl\/cs\/wp-json\/wp\/v2\/product"}],"about":[{"href":"https:\/\/staviori.com.pl\/cs\/wp-json\/wp\/v2\/types\/product"}],"replies":[{"embeddable":true,"href":"https:\/\/staviori.com.pl\/cs\/wp-json\/wp\/v2\/comments?post=14638"}],"wp:featuredmedia":[{"embeddable":true,"href":"https:\/\/staviori.com.pl\/cs\/wp-json\/wp\/v2\/media\/14639"}],"wp:attachment":[{"href":"https:\/\/staviori.com.pl\/cs\/wp-json\/wp\/v2\/media?parent=14638"}],"wp:term":[{"taxonomy":"product_brand","embeddable":true,"href":"https:\/\/staviori.com.pl\/cs\/wp-json\/wp\/v2\/product_brand?post=14638"},{"taxonomy":"product_cat","embeddable":true,"href":"https:\/\/staviori.com.pl\/cs\/wp-json\/wp\/v2\/product_cat?post=14638"},{"taxonomy":"product_tag","embeddable":true,"href":"https:\/\/staviori.com.pl\/cs\/wp-json\/wp\/v2\/product_tag?post=14638"}],"curies":[{"name":"wp","href":"https:\/\/api.w.org\/{rel}","templated":true}]}}